{"id":8343,"date":"2015-01-06T15:11:55","date_gmt":"2015-01-06T14:11:55","guid":{"rendered":"https:\/\/arnone-project.com\/?page_id=8343"},"modified":"2020-10-23T12:12:25","modified_gmt":"2020-10-23T10:12:25","slug":"returns-and-exchanges","status":"publish","type":"page","link":"https:\/\/arnone-project.com\/fr\/returns-and-exchanges\/","title":{"rendered":"Retours et \u00e9changes"},"content":{"rendered":"<div>\n<p>Politique de retour<\/p>\n<h2>Retours, \u00e9changes et remboursements<\/h2>\n<p>Vous disposez de 30 jours pour retourner vos articles.<\/p>\n<p><strong>Conditions de retour<\/strong>\u00a0<br \/>Les frais de retour des articles pour r\u00e9tractation ou \u00e9change sont \u00e0 la charge du client.<br \/>Les produits doivent \u00eatre retourn\u00e9s \u00ab neufs \u00bb :\u00a0<br \/>&gt; Dans leur emballage d'origine (\u00e9tiquette toujours appos\u00e9e sur le produit)<br \/>&gt; Produits non utilis\u00e9s<br \/>&gt; Produits non lav\u00e9s<\/p>\n<p><strong>Adresse de retour\u00a0<\/strong><br \/>Les articles doivent \u00eatre retourn\u00e9s \u00e0 l'adresse suivante, accompagn\u00e9s de votre nom et de votre num\u00e9ro de commande :<br \/>ARNONE<br \/>37 route de Carcassonne<br \/>11300 Limoux<\/p>\n<p><strong>\u00c9change<\/strong><br \/>Le client peut proc\u00e9der \u00e0 un \u00e9change si et seulement si le produit est au m\u00eame prix (en g\u00e9n\u00e9ral, il doit rester dans la m\u00eame cat\u00e9gorie et ne pas passer d'une taille adulte \u00e0 une taille enfant, ou vice versa).<br \/>Une fois le produit retourn\u00e9 et re\u00e7u par l'entrep\u00f4t, ARNONE proc\u00e9dera \u00e0 l'\u00e9change des articles \u00e0 ses frais.<br \/>Veuillez en informer le service client\u00e8le (contact@arnone-project.com) afin de faciliter les \u00e9changes.<\/p>\n<p><strong>Remboursements<\/strong><br \/>Les remboursements doivent respecter les conditions de retour.<br \/>Les remboursements des produits seront effectu\u00e9s par ARNONE dans un d\u00e9lai maximum de 30 jours apr\u00e8s r\u00e9ception desdits produits. Les remboursements seront effectu\u00e9s selon le m\u00eame mode de paiement choisi par le client au moment de sa commande ou par la remise d'un bon d'achat.<\/p>\n<p>Veuillez informer le service client\u00e8le (contact@arnone-project.com) de tout retour afin de faciliter les \u00e9changes ou les remboursements.<\/p>\n<\/div>","protected":false},"excerpt":{"rendered":"<p>Return Policy Returns, exchanges and refunds You have 30 days to return your items. Conditions of returns\u00a0The costs of returning<\/p>","protected":false},"author":1,"featured_media":0,"parent":0,"menu_order":0,"comment_status":"closed","ping_status":"closed","template":"","meta":{"footnotes":""},"class_list":["post-8343","page","type-page","status-publish","hentry"],"yoast_head":"<!-- This site is optimized with the Yoast SEO plugin v27.3 - https:\/\/yoast.com\/product\/yoast-seo-wordpress\/ -->\n<title>Returns and exchanges - arnone-project<\/title>\n<meta name=\"robots\" content=\"index, follow, max-snippet:-1, max-image-preview:large, max-video-preview:-1\" \/>\n<link rel=\"canonical\" href=\"https:\/\/arnone-project.com\/fr\/returns-and-exchanges\/\" \/>\n<meta property=\"og:locale\" content=\"fr_FR\" \/>\n<meta property=\"og:type\" content=\"article\" \/>\n<meta property=\"og:title\" content=\"Returns and exchanges - arnone-project\" \/>\n<meta property=\"og:description\" content=\"Return Policy Returns, exchanges and refunds You have 30 days to return your items. Conditions of returns\u00a0The costs of returning\" \/>\n<meta property=\"og:url\" content=\"https:\/\/arnone-project.com\/fr\/returns-and-exchanges\/\" \/>\n<meta property=\"og:site_name\" content=\"arnone-project\" \/>\n<meta property=\"article:publisher\" content=\"https:\/\/www.facebook.com\/arnone.project\/\" \/>\n<meta property=\"article:modified_time\" content=\"2020-10-23T10:12:25+00:00\" \/>\n<meta name=\"twitter:card\" content=\"summary_large_image\" \/>\n<meta name=\"twitter:site\" content=\"@arnone_kite\" \/>\n<meta name=\"twitter:label1\" content=\"Dur\u00e9e de lecture estim\u00e9e\" \/>\n\t<meta name=\"twitter:data1\" content=\"1 minute\" \/>\n<script type=\"application\/ld+json\" class=\"yoast-schema-graph\">{\"@context\":\"https:\\\/\\\/schema.org\",\"@graph\":[{\"@type\":\"WebPage\",\"@id\":\"https:\\\/\\\/arnone-project.com\\\/returns-and-exchanges\\\/\",\"url\":\"https:\\\/\\\/arnone-project.com\\\/returns-and-exchanges\\\/\",\"name\":\"Returns and exchanges - arnone-project\",\"isPartOf\":{\"@id\":\"https:\\\/\\\/arnone-project.com\\\/#website\"},\"datePublished\":\"2015-01-06T14:11:55+00:00\",\"dateModified\":\"2020-10-23T10:12:25+00:00\",\"breadcrumb\":{\"@id\":\"https:\\\/\\\/arnone-project.com\\\/returns-and-exchanges\\\/#breadcrumb\"},\"inLanguage\":\"fr-FR\",\"potentialAction\":[{\"@type\":\"ReadAction\",\"target\":[\"https:\\\/\\\/arnone-project.com\\\/returns-and-exchanges\\\/\"]}]},{\"@type\":\"BreadcrumbList\",\"@id\":\"https:\\\/\\\/arnone-project.com\\\/returns-and-exchanges\\\/#breadcrumb\",\"itemListElement\":[{\"@type\":\"ListItem\",\"position\":1,\"name\":\"Accueil\",\"item\":\"https:\\\/\\\/arnone-project.com\\\/\"},{\"@type\":\"ListItem\",\"position\":2,\"name\":\"Returns and exchanges\"}]},{\"@type\":\"WebSite\",\"@id\":\"https:\\\/\\\/arnone-project.com\\\/#website\",\"url\":\"https:\\\/\\\/arnone-project.com\\\/\",\"name\":\"arnone-project\",\"description\":\"Fun kitesurf &amp; lifestyle \u2014 ride, freedom, ocean\",\"publisher\":{\"@id\":\"https:\\\/\\\/arnone-project.com\\\/#organization\"},\"potentialAction\":[{\"@type\":\"SearchAction\",\"target\":{\"@type\":\"EntryPoint\",\"urlTemplate\":\"https:\\\/\\\/arnone-project.com\\\/?s={search_term_string}\"},\"query-input\":{\"@type\":\"PropertyValueSpecification\",\"valueRequired\":true,\"valueName\":\"search_term_string\"}}],\"inLanguage\":\"fr-FR\"},{\"@type\":\"Organization\",\"@id\":\"https:\\\/\\\/arnone-project.com\\\/#organization\",\"name\":\"Arnone\",\"url\":\"https:\\\/\\\/arnone-project.com\\\/\",\"logo\":{\"@type\":\"ImageObject\",\"inLanguage\":\"fr-FR\",\"@id\":\"https:\\\/\\\/arnone-project.com\\\/#\\\/schema\\\/logo\\\/image\\\/\",\"url\":\"https:\\\/\\\/arnone-project.com\\\/wp-content\\\/uploads\\\/2018\\\/10\\\/arnone-project-1.gif\",\"contentUrl\":\"https:\\\/\\\/arnone-project.com\\\/wp-content\\\/uploads\\\/2018\\\/10\\\/arnone-project-1.gif\",\"width\":250,\"height\":109,\"caption\":\"Arnone\"},\"image\":{\"@id\":\"https:\\\/\\\/arnone-project.com\\\/#\\\/schema\\\/logo\\\/image\\\/\"},\"sameAs\":[\"https:\\\/\\\/www.facebook.com\\\/arnone.project\\\/\",\"https:\\\/\\\/x.com\\\/arnone_kite\",\"https:\\\/\\\/www.instagram.com\\\/arnone_kite\\\/\"]}]}<\/script>\n<!-- \/ Yoast SEO plugin. -->","yoast_head_json":{"title":"Returns and exchanges - arnone-project","robots":{"index":"index","follow":"follow","max-snippet":"max-snippet:-1","max-image-preview":"max-image-preview:large","max-video-preview":"max-video-preview:-1"},"canonical":"https:\/\/arnone-project.com\/fr\/returns-and-exchanges\/","og_locale":"fr_FR","og_type":"article","og_title":"Returns and exchanges - arnone-project","og_description":"Return Policy Returns, exchanges and refunds You have 30 days to return your items. Conditions of returns\u00a0The costs of returning","og_url":"https:\/\/arnone-project.com\/fr\/returns-and-exchanges\/","og_site_name":"arnone-project","article_publisher":"https:\/\/www.facebook.com\/arnone.project\/","article_modified_time":"2020-10-23T10:12:25+00:00","twitter_card":"summary_large_image","twitter_site":"@arnone_kite","twitter_misc":{"Dur\u00e9e de lecture estim\u00e9e":"1 minute"},"schema":{"@context":"https:\/\/schema.org","@graph":[{"@type":"WebPage","@id":"https:\/\/arnone-project.com\/returns-and-exchanges\/","url":"https:\/\/arnone-project.com\/returns-and-exchanges\/","name":"Returns and exchanges - arnone-project","isPartOf":{"@id":"https:\/\/arnone-project.com\/#website"},"datePublished":"2015-01-06T14:11:55+00:00","dateModified":"2020-10-23T10:12:25+00:00","breadcrumb":{"@id":"https:\/\/arnone-project.com\/returns-and-exchanges\/#breadcrumb"},"inLanguage":"fr-FR","potentialAction":[{"@type":"ReadAction","target":["https:\/\/arnone-project.com\/returns-and-exchanges\/"]}]},{"@type":"BreadcrumbList","@id":"https:\/\/arnone-project.com\/returns-and-exchanges\/#breadcrumb","itemListElement":[{"@type":"ListItem","position":1,"name":"Accueil","item":"https:\/\/arnone-project.com\/"},{"@type":"ListItem","position":2,"name":"Returns and exchanges"}]},{"@type":"WebSite","@id":"https:\/\/arnone-project.com\/#website","url":"https:\/\/arnone-project.com\/","name":"arnone-project","description":"Fun kitesurf &amp; lifestyle \u2014 ride, freedom, ocean","publisher":{"@id":"https:\/\/arnone-project.com\/#organization"},"potentialAction":[{"@type":"SearchAction","target":{"@type":"EntryPoint","urlTemplate":"https:\/\/arnone-project.com\/?s={search_term_string}"},"query-input":{"@type":"PropertyValueSpecification","valueRequired":true,"valueName":"search_term_string"}}],"inLanguage":"fr-FR"},{"@type":"Organization","@id":"https:\/\/arnone-project.com\/#organization","name":"Arnone","url":"https:\/\/arnone-project.com\/","logo":{"@type":"ImageObject","inLanguage":"fr-FR","@id":"https:\/\/arnone-project.com\/#\/schema\/logo\/image\/","url":"https:\/\/arnone-project.com\/wp-content\/uploads\/2018\/10\/arnone-project-1.gif","contentUrl":"https:\/\/arnone-project.com\/wp-content\/uploads\/2018\/10\/arnone-project-1.gif","width":250,"height":109,"caption":"Arnone"},"image":{"@id":"https:\/\/arnone-project.com\/#\/schema\/logo\/image\/"},"sameAs":["https:\/\/www.facebook.com\/arnone.project\/","https:\/\/x.com\/arnone_kite","https:\/\/www.instagram.com\/arnone_kite\/"]}]}},"_links":{"self":[{"href":"https:\/\/arnone-project.com\/fr\/wp-json\/wp\/v2\/pages\/8343","targetHints":{"allow":["GET"]}}],"collection":[{"href":"https:\/\/arnone-project.com\/fr\/wp-json\/wp\/v2\/pages"}],"about":[{"href":"https:\/\/arnone-project.com\/fr\/wp-json\/wp\/v2\/types\/page"}],"author":[{"embeddable":true,"href":"https:\/\/arnone-project.com\/fr\/wp-json\/wp\/v2\/users\/1"}],"replies":[{"embeddable":true,"href":"https:\/\/arnone-project.com\/fr\/wp-json\/wp\/v2\/comments?post=8343"}],"version-history":[{"count":0,"href":"https:\/\/arnone-project.com\/fr\/wp-json\/wp\/v2\/pages\/8343\/revisions"}],"wp:attachment":[{"href":"https:\/\/arnone-project.com\/fr\/wp-json\/wp\/v2\/media?parent=8343"}],"curies":[{"name":"wp","href":"https:\/\/api.w.org\/{rel}","templated":true}]}}