{"id":8341,"date":"2015-01-06T15:04:10","date_gmt":"2015-01-06T14:04:10","guid":{"rendered":"https:\/\/arnone-project.com\/?page_id=8341"},"modified":"2025-11-23T18:59:18","modified_gmt":"2025-11-23T17:59:18","slug":"legal","status":"publish","type":"page","link":"https:\/\/arnone-project.com\/fr\/legal\/","title":{"rendered":"Legal"},"content":{"rendered":"<div class=\"wpb-content-wrapper\"><div class=\"vc_row wpb_row vc_row-fluid\"><div class=\"wpb_column vc_column_container vc_col-sm-12\"><div class=\"vc_column-inner\"><div class=\"wpb_wrapper\">\n\t<div class=\"wpb_text_column wpb_content_element\" >\n\t\t<div class=\"wpb_wrapper\">\n\t\t\t<h1>JURIDIQUE<\/h1>\n<p>En vertu de l'article 6 de la loi n\u00b0 2004-575 du 21 juin 2004 pour la confiance dans l'\u00e9conomie num\u00e9rique, l'identit\u00e9 des diff\u00e9rents intervenants dans le cadre de la mise en \u0153uvre et du suivi du site www.arnone-project.com est clairement indiqu\u00e9e aux utilisateurs :<\/p>\n<h2>\u00c9diteur du site :<\/h2>\n<p>Nom du repr\u00e9sentant l\u00e9gal : Arnaud Mercadier<br \/>SIRET: 793 615 741 0001 4<br \/>Si\u00e8ge social : 37, route de Carcassonne Limoux 11300, FRANCE<br \/>APE : 4771Z \u2013 Vente au d\u00e9tail de v\u00eatements dans des magasins sp\u00e9cialis\u00e9s<br \/>TVA non applicable, article 293B du CGI .<\/p>\n<h2>H\u00e9bergement<\/h2>\n<p>Celeonet (SAS)<br \/>70 Bertie Albrecht<br \/>94400 Vitry -sur- Seine<br \/>FRANCE<br \/>E -mail: service-clients@celeonet.fr<\/p>\n<h1>CONDITIONS D'UTILISATION<\/h1>\n<h2>Utilisateur<\/h2>\n<p>Toute personne ayant acc\u00e8s au site, quelle que soit sa qualit\u00e9 (particulier ou professionnel), o\u00f9 qu'elle se trouve, quel que soit le moyen utilis\u00e9 pour se connecter au site, quel que soit l'objet et le but de l'acc\u00e8s aux informations publi\u00e9es sur le site, est un utilisateur du site. L'utilisateur est inform\u00e9 des risques inh\u00e9rents \u00e0 Internet, notamment en termes de :<br \/>\u2013 Manque de s\u00e9curit\u00e9 dans la transmission des donn\u00e9es ;<br \/>\u2013 La continuit\u00e9 n'est pas garantie pour l'acc\u00e8s au site ou aux diff\u00e9rents services propos\u00e9s par le site.<br \/>En tout \u00e9tat de cause, l'\u00e9diteur ne saurait \u00eatre tenu responsable de ces risques et de leurs cons\u00e9quences, dommageables, quelle qu'en soit l'ampleur, pour l'utilisateur.<br \/>L'utilisateur ne se fonde pas sur l'acc\u00e8s au site pour obtenir des informations difficiles d'acc\u00e8s en violation des pr\u00e9sentes conditions d'utilisation. Pour \u00eatre prises en consid\u00e9ration, les r\u00e9clamations de l'utilisateur doivent \u00eatre adress\u00e9es \u00e0 l'\u00e9diteur par courrier uniquement.<\/p>\n<h2>Comportement frauduleux<\/h2>\n<p>Tout utilisateur qui enfreint les pr\u00e9sentes Conditions d'utilisation s'expose \u00e0 des poursuites civiles ou p\u00e9nales visant \u00e0 sanctionner de telles violations du traitement automatis\u00e9 des donn\u00e9es. Il rappelle \u00e0 l'utilisateur que le Code p\u00e9nal (articles 323-1 et suivants) pr\u00e9voit notamment les sanctions suivantes :<br \/>\u2013 L'acc\u00e8s frauduleux et la conservation dans un syst\u00e8me de traitement automatis\u00e9 de donn\u00e9es<br \/>\u2013 La suppression, la modification ou l'ajout frauduleux de donn\u00e9es dans le syst\u00e8me,<br \/>\u2013 Le fait d'entraver ce syst\u00e8me est passible de peines pouvant aller jusqu'\u00e0 cinq ans d'emprisonnement et 75 000 euros d'amende. Des poursuites p\u00e9nales peuvent \u00eatre engag\u00e9es par l'\u00e9diteur \u00e0 l'encontre de tout utilisateur qui ne se conformerait pas \u00e0 ces dispositions.<\/p>\n<h2>Modification des conditions g\u00e9n\u00e9rales<\/h2>\n<p>L'\u00e9diteur peut \u00e0 tout moment modifier les termes des pr\u00e9sentes conditions d'utilisation. Ces modifications engagent l'utilisateur d\u00e8s leur mise en ligne. Il est donc recommand\u00e9 \u00e0 l'utilisateur de consulter r\u00e9guli\u00e8rement les conditions d'utilisation afin de prendre connaissance des nouvelles conditions.<\/p>\n<h2>Loi applicable et juridiction comp\u00e9tente<\/h2>\n<p>Le non-respect par l'utilisateur, quel que soit son lieu de r\u00e9sidence, de l'une des dispositions des pr\u00e9sentes Conditions d'utilisation, et plus g\u00e9n\u00e9ralement toute difficult\u00e9 relative \u00e0 l'ex\u00e9cution, l'interpr\u00e9tation ou la validit\u00e9 de celles-ci, sont soumis au droit fran\u00e7ais et \u00e0 la comp\u00e9tence exclusive du Tribunal de Grande Instance de Lyon (France).<\/p>\n\n\t\t<\/div>\n\t<\/div>\n<\/div><\/div><\/div><\/div><\/div>","protected":false},"excerpt":{"rendered":"LEGAL Under Article 6 of Law No. 2004-575 of 21 June 2004 on confidence in the digital economy , it","protected":false},"author":1,"featured_media":0,"parent":0,"menu_order":0,"comment_status":"closed","ping_status":"closed","template":"","meta":{"footnotes":""},"class_list":["post-8341","page","type-page","status-publish","hentry"],"yoast_head":"<!-- This site is optimized with the Yoast SEO plugin v27.3 - https:\/\/yoast.com\/product\/yoast-seo-wordpress\/ -->\n<title>Legal - arnone-project<\/title>\n<meta name=\"robots\" content=\"index, follow, max-snippet:-1, max-image-preview:large, max-video-preview:-1\" \/>\n<link rel=\"canonical\" href=\"https:\/\/arnone-project.com\/fr\/legal\/\" \/>\n<meta property=\"og:locale\" content=\"fr_FR\" \/>\n<meta property=\"og:type\" content=\"article\" \/>\n<meta property=\"og:title\" content=\"Legal - arnone-project\" \/>\n<meta property=\"og:url\" content=\"https:\/\/arnone-project.com\/fr\/legal\/\" \/>\n<meta property=\"og:site_name\" content=\"arnone-project\" \/>\n<meta property=\"article:publisher\" content=\"https:\/\/www.facebook.com\/arnone.project\/\" \/>\n<meta property=\"article:modified_time\" content=\"2025-11-23T17:59:18+00:00\" \/>\n<meta name=\"twitter:card\" content=\"summary_large_image\" \/>\n<meta name=\"twitter:site\" content=\"@arnone_kite\" \/>\n<meta name=\"twitter:label1\" content=\"Dur\u00e9e de lecture estim\u00e9e\" \/>\n\t<meta name=\"twitter:data1\" content=\"2 minutes\" \/>\n<script type=\"application\/ld+json\" class=\"yoast-schema-graph\">{\"@context\":\"https:\\\/\\\/schema.org\",\"@graph\":[{\"@type\":\"WebPage\",\"@id\":\"https:\\\/\\\/arnone-project.com\\\/legal\\\/\",\"url\":\"https:\\\/\\\/arnone-project.com\\\/legal\\\/\",\"name\":\"Legal - arnone-project\",\"isPartOf\":{\"@id\":\"https:\\\/\\\/arnone-project.com\\\/#website\"},\"datePublished\":\"2015-01-06T14:04:10+00:00\",\"dateModified\":\"2025-11-23T17:59:18+00:00\",\"breadcrumb\":{\"@id\":\"https:\\\/\\\/arnone-project.com\\\/legal\\\/#breadcrumb\"},\"inLanguage\":\"fr-FR\",\"potentialAction\":[{\"@type\":\"ReadAction\",\"target\":[\"https:\\\/\\\/arnone-project.com\\\/legal\\\/\"]}]},{\"@type\":\"BreadcrumbList\",\"@id\":\"https:\\\/\\\/arnone-project.com\\\/legal\\\/#breadcrumb\",\"itemListElement\":[{\"@type\":\"ListItem\",\"position\":1,\"name\":\"Accueil\",\"item\":\"https:\\\/\\\/arnone-project.com\\\/\"},{\"@type\":\"ListItem\",\"position\":2,\"name\":\"Legal\"}]},{\"@type\":\"WebSite\",\"@id\":\"https:\\\/\\\/arnone-project.com\\\/#website\",\"url\":\"https:\\\/\\\/arnone-project.com\\\/\",\"name\":\"arnone-project\",\"description\":\"Fun kitesurf &amp; lifestyle \u2014 ride, freedom, ocean\",\"publisher\":{\"@id\":\"https:\\\/\\\/arnone-project.com\\\/#organization\"},\"potentialAction\":[{\"@type\":\"SearchAction\",\"target\":{\"@type\":\"EntryPoint\",\"urlTemplate\":\"https:\\\/\\\/arnone-project.com\\\/?s={search_term_string}\"},\"query-input\":{\"@type\":\"PropertyValueSpecification\",\"valueRequired\":true,\"valueName\":\"search_term_string\"}}],\"inLanguage\":\"fr-FR\"},{\"@type\":\"Organization\",\"@id\":\"https:\\\/\\\/arnone-project.com\\\/#organization\",\"name\":\"Arnone\",\"url\":\"https:\\\/\\\/arnone-project.com\\\/\",\"logo\":{\"@type\":\"ImageObject\",\"inLanguage\":\"fr-FR\",\"@id\":\"https:\\\/\\\/arnone-project.com\\\/#\\\/schema\\\/logo\\\/image\\\/\",\"url\":\"https:\\\/\\\/arnone-project.com\\\/wp-content\\\/uploads\\\/2018\\\/10\\\/arnone-project-1.gif\",\"contentUrl\":\"https:\\\/\\\/arnone-project.com\\\/wp-content\\\/uploads\\\/2018\\\/10\\\/arnone-project-1.gif\",\"width\":250,\"height\":109,\"caption\":\"Arnone\"},\"image\":{\"@id\":\"https:\\\/\\\/arnone-project.com\\\/#\\\/schema\\\/logo\\\/image\\\/\"},\"sameAs\":[\"https:\\\/\\\/www.facebook.com\\\/arnone.project\\\/\",\"https:\\\/\\\/x.com\\\/arnone_kite\",\"https:\\\/\\\/www.instagram.com\\\/arnone_kite\\\/\"]}]}<\/script>\n<!-- \/ Yoast SEO plugin. -->","yoast_head_json":{"title":"Legal - arnone-project","robots":{"index":"index","follow":"follow","max-snippet":"max-snippet:-1","max-image-preview":"max-image-preview:large","max-video-preview":"max-video-preview:-1"},"canonical":"https:\/\/arnone-project.com\/fr\/legal\/","og_locale":"fr_FR","og_type":"article","og_title":"Legal - arnone-project","og_url":"https:\/\/arnone-project.com\/fr\/legal\/","og_site_name":"arnone-project","article_publisher":"https:\/\/www.facebook.com\/arnone.project\/","article_modified_time":"2025-11-23T17:59:18+00:00","twitter_card":"summary_large_image","twitter_site":"@arnone_kite","twitter_misc":{"Dur\u00e9e de lecture estim\u00e9e":"2 minutes"},"schema":{"@context":"https:\/\/schema.org","@graph":[{"@type":"WebPage","@id":"https:\/\/arnone-project.com\/legal\/","url":"https:\/\/arnone-project.com\/legal\/","name":"Legal - arnone-project","isPartOf":{"@id":"https:\/\/arnone-project.com\/#website"},"datePublished":"2015-01-06T14:04:10+00:00","dateModified":"2025-11-23T17:59:18+00:00","breadcrumb":{"@id":"https:\/\/arnone-project.com\/legal\/#breadcrumb"},"inLanguage":"fr-FR","potentialAction":[{"@type":"ReadAction","target":["https:\/\/arnone-project.com\/legal\/"]}]},{"@type":"BreadcrumbList","@id":"https:\/\/arnone-project.com\/legal\/#breadcrumb","itemListElement":[{"@type":"ListItem","position":1,"name":"Accueil","item":"https:\/\/arnone-project.com\/"},{"@type":"ListItem","position":2,"name":"Legal"}]},{"@type":"WebSite","@id":"https:\/\/arnone-project.com\/#website","url":"https:\/\/arnone-project.com\/","name":"arnone-project","description":"Fun kitesurf &amp; lifestyle \u2014 ride, freedom, ocean","publisher":{"@id":"https:\/\/arnone-project.com\/#organization"},"potentialAction":[{"@type":"SearchAction","target":{"@type":"EntryPoint","urlTemplate":"https:\/\/arnone-project.com\/?s={search_term_string}"},"query-input":{"@type":"PropertyValueSpecification","valueRequired":true,"valueName":"search_term_string"}}],"inLanguage":"fr-FR"},{"@type":"Organization","@id":"https:\/\/arnone-project.com\/#organization","name":"Arnone","url":"https:\/\/arnone-project.com\/","logo":{"@type":"ImageObject","inLanguage":"fr-FR","@id":"https:\/\/arnone-project.com\/#\/schema\/logo\/image\/","url":"https:\/\/arnone-project.com\/wp-content\/uploads\/2018\/10\/arnone-project-1.gif","contentUrl":"https:\/\/arnone-project.com\/wp-content\/uploads\/2018\/10\/arnone-project-1.gif","width":250,"height":109,"caption":"Arnone"},"image":{"@id":"https:\/\/arnone-project.com\/#\/schema\/logo\/image\/"},"sameAs":["https:\/\/www.facebook.com\/arnone.project\/","https:\/\/x.com\/arnone_kite","https:\/\/www.instagram.com\/arnone_kite\/"]}]}},"_links":{"self":[{"href":"https:\/\/arnone-project.com\/fr\/wp-json\/wp\/v2\/pages\/8341","targetHints":{"allow":["GET"]}}],"collection":[{"href":"https:\/\/arnone-project.com\/fr\/wp-json\/wp\/v2\/pages"}],"about":[{"href":"https:\/\/arnone-project.com\/fr\/wp-json\/wp\/v2\/types\/page"}],"author":[{"embeddable":true,"href":"https:\/\/arnone-project.com\/fr\/wp-json\/wp\/v2\/users\/1"}],"replies":[{"embeddable":true,"href":"https:\/\/arnone-project.com\/fr\/wp-json\/wp\/v2\/comments?post=8341"}],"version-history":[{"count":1,"href":"https:\/\/arnone-project.com\/fr\/wp-json\/wp\/v2\/pages\/8341\/revisions"}],"predecessor-version":[{"id":83482,"href":"https:\/\/arnone-project.com\/fr\/wp-json\/wp\/v2\/pages\/8341\/revisions\/83482"}],"wp:attachment":[{"href":"https:\/\/arnone-project.com\/fr\/wp-json\/wp\/v2\/media?parent=8341"}],"curies":[{"name":"wp","href":"https:\/\/api.w.org\/{rel}","templated":true}]}}