{"id":8326,"date":"2015-01-06T14:40:54","date_gmt":"2015-01-06T13:40:54","guid":{"rendered":"https:\/\/arnone-project.com\/?page_id=8326"},"modified":"2025-11-23T20:39:21","modified_gmt":"2025-11-23T19:39:21","slug":"shipping","status":"publish","type":"page","link":"https:\/\/arnone-project.com\/fr\/shipping\/","title":{"rendered":"LIVRAISON"},"content":{"rendered":"<div class=\"wpb-content-wrapper\"><div class=\"vc_row wpb_row vc_row-fluid\"><div class=\"wpb_column vc_column_container vc_col-sm-12\"><div class=\"vc_column-inner\"><div class=\"wpb_wrapper\">\n\t<div class=\"wpb_text_column wpb_content_element\" >\n\t\t<div class=\"wpb_wrapper\">\n\t\t\t<h1 style=\"text-align: center;\"><strong>Frais de livraison et d'exp\u00e9dition<\/strong><\/h1>\n<p style=\"text-align: center;\">ARNONE livre \u00ab presque \u00bb partout dans le monde.<\/p>\n<p style=\"text-align: center;\">Pour l'Europe et le reste du monde, le d\u00e9lai de livraison varie d'un pays \u00e0 l'autre.<\/p>\n<p style=\"text-align: center;\">\u00c0 titre indicatif, les d\u00e9lais de livraison varient de 2 jours \u00e0 1 mois pour certains pays (Italie, \u00c9tats-Unis, Belgique, etc.), \u00e0 compter de la date d'exp\u00e9dition.<\/p>\n<p style=\"text-align: center;\">Une fois l'exp\u00e9dition effectu\u00e9e, vous pouvez suivre le colis directement depuis votre compte client (Info &gt; Commandes &gt; D\u00e9tails) ;<\/p>\n<p style=\"text-align: center;\">Pour la France m\u00e9tropolitaine, les clients b\u00e9n\u00e9ficient d'une livraison avec suivi par La Poste-Colissimo.<\/p>\n\n\t\t<\/div>\n\t<\/div>\n<\/div><\/div><\/div><\/div>\n<\/div>","protected":false},"excerpt":{"rendered":"Delivery and shipping costs ARNONE delivers \"almost\" worldwide. For Europe and the rest of the world, the customer has a","protected":false},"author":1,"featured_media":0,"parent":0,"menu_order":0,"comment_status":"closed","ping_status":"closed","template":"","meta":{"footnotes":""},"class_list":["post-8326","page","type-page","status-publish","hentry"],"yoast_head":"<!-- This site is optimized with the Yoast SEO plugin v27.3 - https:\/\/yoast.com\/product\/yoast-seo-wordpress\/ -->\n<title>Shipping - arnone-project<\/title>\n<meta name=\"description\" content=\"Arnone-project ships worldwide (well almost!) National and international delivery!\" \/>\n<meta name=\"robots\" content=\"index, follow, max-snippet:-1, max-image-preview:large, max-video-preview:-1\" \/>\n<link rel=\"canonical\" href=\"https:\/\/arnone-project.com\/fr\/shipping\/\" \/>\n<meta property=\"og:locale\" content=\"fr_FR\" \/>\n<meta property=\"og:type\" content=\"article\" \/>\n<meta property=\"og:title\" content=\"Shipping - arnone-project\" \/>\n<meta property=\"og:description\" content=\"Arnone-project ships worldwide (well almost!) National and international delivery!\" \/>\n<meta property=\"og:url\" content=\"https:\/\/arnone-project.com\/fr\/shipping\/\" \/>\n<meta property=\"og:site_name\" content=\"arnone-project\" \/>\n<meta property=\"article:publisher\" content=\"https:\/\/www.facebook.com\/arnone.project\/\" \/>\n<meta property=\"article:modified_time\" content=\"2025-11-23T19:39:21+00:00\" \/>\n<meta name=\"twitter:card\" content=\"summary_large_image\" \/>\n<meta name=\"twitter:site\" content=\"@arnone_kite\" \/>\n<meta name=\"twitter:label1\" content=\"Dur\u00e9e de lecture estim\u00e9e\" \/>\n\t<meta name=\"twitter:data1\" content=\"1 minute\" \/>\n<script type=\"application\/ld+json\" class=\"yoast-schema-graph\">{\"@context\":\"https:\\\/\\\/schema.org\",\"@graph\":[{\"@type\":\"WebPage\",\"@id\":\"https:\\\/\\\/arnone-project.com\\\/shipping\\\/\",\"url\":\"https:\\\/\\\/arnone-project.com\\\/shipping\\\/\",\"name\":\"Shipping - arnone-project\",\"isPartOf\":{\"@id\":\"https:\\\/\\\/arnone-project.com\\\/#website\"},\"datePublished\":\"2015-01-06T13:40:54+00:00\",\"dateModified\":\"2025-11-23T19:39:21+00:00\",\"description\":\"Arnone-project ships worldwide (well almost!) National and international delivery!\",\"breadcrumb\":{\"@id\":\"https:\\\/\\\/arnone-project.com\\\/shipping\\\/#breadcrumb\"},\"inLanguage\":\"fr-FR\",\"potentialAction\":[{\"@type\":\"ReadAction\",\"target\":[\"https:\\\/\\\/arnone-project.com\\\/shipping\\\/\"]}]},{\"@type\":\"BreadcrumbList\",\"@id\":\"https:\\\/\\\/arnone-project.com\\\/shipping\\\/#breadcrumb\",\"itemListElement\":[{\"@type\":\"ListItem\",\"position\":1,\"name\":\"Accueil\",\"item\":\"https:\\\/\\\/arnone-project.com\\\/\"},{\"@type\":\"ListItem\",\"position\":2,\"name\":\"Shipping\"}]},{\"@type\":\"WebSite\",\"@id\":\"https:\\\/\\\/arnone-project.com\\\/#website\",\"url\":\"https:\\\/\\\/arnone-project.com\\\/\",\"name\":\"arnone-project\",\"description\":\"Fun kitesurf &amp; lifestyle \u2014 ride, freedom, ocean\",\"publisher\":{\"@id\":\"https:\\\/\\\/arnone-project.com\\\/#organization\"},\"potentialAction\":[{\"@type\":\"SearchAction\",\"target\":{\"@type\":\"EntryPoint\",\"urlTemplate\":\"https:\\\/\\\/arnone-project.com\\\/?s={search_term_string}\"},\"query-input\":{\"@type\":\"PropertyValueSpecification\",\"valueRequired\":true,\"valueName\":\"search_term_string\"}}],\"inLanguage\":\"fr-FR\"},{\"@type\":\"Organization\",\"@id\":\"https:\\\/\\\/arnone-project.com\\\/#organization\",\"name\":\"Arnone\",\"url\":\"https:\\\/\\\/arnone-project.com\\\/\",\"logo\":{\"@type\":\"ImageObject\",\"inLanguage\":\"fr-FR\",\"@id\":\"https:\\\/\\\/arnone-project.com\\\/#\\\/schema\\\/logo\\\/image\\\/\",\"url\":\"https:\\\/\\\/arnone-project.com\\\/wp-content\\\/uploads\\\/2018\\\/10\\\/arnone-project-1.gif\",\"contentUrl\":\"https:\\\/\\\/arnone-project.com\\\/wp-content\\\/uploads\\\/2018\\\/10\\\/arnone-project-1.gif\",\"width\":250,\"height\":109,\"caption\":\"Arnone\"},\"image\":{\"@id\":\"https:\\\/\\\/arnone-project.com\\\/#\\\/schema\\\/logo\\\/image\\\/\"},\"sameAs\":[\"https:\\\/\\\/www.facebook.com\\\/arnone.project\\\/\",\"https:\\\/\\\/x.com\\\/arnone_kite\",\"https:\\\/\\\/www.instagram.com\\\/arnone_kite\\\/\"]}]}<\/script>\n<!-- \/ Yoast SEO plugin. -->","yoast_head_json":{"title":"Shipping - arnone-project","description":"Arnone-project ships worldwide (well almost!) National and international delivery!","robots":{"index":"index","follow":"follow","max-snippet":"max-snippet:-1","max-image-preview":"max-image-preview:large","max-video-preview":"max-video-preview:-1"},"canonical":"https:\/\/arnone-project.com\/fr\/shipping\/","og_locale":"fr_FR","og_type":"article","og_title":"Shipping - arnone-project","og_description":"Arnone-project ships worldwide (well almost!) National and international delivery!","og_url":"https:\/\/arnone-project.com\/fr\/shipping\/","og_site_name":"arnone-project","article_publisher":"https:\/\/www.facebook.com\/arnone.project\/","article_modified_time":"2025-11-23T19:39:21+00:00","twitter_card":"summary_large_image","twitter_site":"@arnone_kite","twitter_misc":{"Dur\u00e9e de lecture estim\u00e9e":"1 minute"},"schema":{"@context":"https:\/\/schema.org","@graph":[{"@type":"WebPage","@id":"https:\/\/arnone-project.com\/shipping\/","url":"https:\/\/arnone-project.com\/shipping\/","name":"Shipping - arnone-project","isPartOf":{"@id":"https:\/\/arnone-project.com\/#website"},"datePublished":"2015-01-06T13:40:54+00:00","dateModified":"2025-11-23T19:39:21+00:00","description":"Arnone-project ships worldwide (well almost!) National and international delivery!","breadcrumb":{"@id":"https:\/\/arnone-project.com\/shipping\/#breadcrumb"},"inLanguage":"fr-FR","potentialAction":[{"@type":"ReadAction","target":["https:\/\/arnone-project.com\/shipping\/"]}]},{"@type":"BreadcrumbList","@id":"https:\/\/arnone-project.com\/shipping\/#breadcrumb","itemListElement":[{"@type":"ListItem","position":1,"name":"Accueil","item":"https:\/\/arnone-project.com\/"},{"@type":"ListItem","position":2,"name":"Shipping"}]},{"@type":"WebSite","@id":"https:\/\/arnone-project.com\/#website","url":"https:\/\/arnone-project.com\/","name":"arnone-project","description":"Fun kitesurf &amp; lifestyle \u2014 ride, freedom, ocean","publisher":{"@id":"https:\/\/arnone-project.com\/#organization"},"potentialAction":[{"@type":"SearchAction","target":{"@type":"EntryPoint","urlTemplate":"https:\/\/arnone-project.com\/?s={search_term_string}"},"query-input":{"@type":"PropertyValueSpecification","valueRequired":true,"valueName":"search_term_string"}}],"inLanguage":"fr-FR"},{"@type":"Organization","@id":"https:\/\/arnone-project.com\/#organization","name":"Arnone","url":"https:\/\/arnone-project.com\/","logo":{"@type":"ImageObject","inLanguage":"fr-FR","@id":"https:\/\/arnone-project.com\/#\/schema\/logo\/image\/","url":"https:\/\/arnone-project.com\/wp-content\/uploads\/2018\/10\/arnone-project-1.gif","contentUrl":"https:\/\/arnone-project.com\/wp-content\/uploads\/2018\/10\/arnone-project-1.gif","width":250,"height":109,"caption":"Arnone"},"image":{"@id":"https:\/\/arnone-project.com\/#\/schema\/logo\/image\/"},"sameAs":["https:\/\/www.facebook.com\/arnone.project\/","https:\/\/x.com\/arnone_kite","https:\/\/www.instagram.com\/arnone_kite\/"]}]}},"_links":{"self":[{"href":"https:\/\/arnone-project.com\/fr\/wp-json\/wp\/v2\/pages\/8326","targetHints":{"allow":["GET"]}}],"collection":[{"href":"https:\/\/arnone-project.com\/fr\/wp-json\/wp\/v2\/pages"}],"about":[{"href":"https:\/\/arnone-project.com\/fr\/wp-json\/wp\/v2\/types\/page"}],"author":[{"embeddable":true,"href":"https:\/\/arnone-project.com\/fr\/wp-json\/wp\/v2\/users\/1"}],"replies":[{"embeddable":true,"href":"https:\/\/arnone-project.com\/fr\/wp-json\/wp\/v2\/comments?post=8326"}],"version-history":[{"count":3,"href":"https:\/\/arnone-project.com\/fr\/wp-json\/wp\/v2\/pages\/8326\/revisions"}],"predecessor-version":[{"id":83489,"href":"https:\/\/arnone-project.com\/fr\/wp-json\/wp\/v2\/pages\/8326\/revisions\/83489"}],"wp:attachment":[{"href":"https:\/\/arnone-project.com\/fr\/wp-json\/wp\/v2\/media?parent=8326"}],"curies":[{"name":"wp","href":"https:\/\/api.w.org\/{rel}","templated":true}]}}