{"id":831,"date":"2017-02-09T16:37:21","date_gmt":"2017-02-09T16:37:21","guid":{"rendered":"http:\/\/dummy.xtemos.com\/basel\/vers\/?page_id=831"},"modified":"2017-02-09T16:37:21","modified_gmt":"2017-02-09T16:37:21","slug":"element-products","status":"publish","type":"page","link":"https:\/\/arnone-project.com\/fr\/element-products\/","title":{"rendered":"Element Products"},"content":{"rendered":"<div class=\"wpb-content-wrapper\"><div class=\"vc_row wpb_row vc_row-fluid\"><div class=\"wpb_column vc_column_container vc_col-sm-12\"><div class=\"vc_column-inner\"><div class=\"wpb_wrapper\"><div class=\"title-wrapper  basel-title-color-default basel-title-style-simple basel-title-size-default text-center vc_custom_1457899696229\"><span class=\"title-subtitle font-default\">Special element<\/span><div class=\"liner-continer\"> <span class=\"left-line\"><\/span> <h4 class=\"title\" >PRODUCTS SHOWCASE<span class=\"title-separator\"><span><\/span><\/span><\/h4> <span class=\"right-line\"><\/span> <\/div><\/div><div class=\"basel-products-element\"><div class=\"basel-products-loader\"><\/div><div class=\"products elements-grid row basel-products-holder  pagination-arrows grid-columns-4\" data-paged=\"1\" data-source=\"shortcode\" data-atts=\"{&quot;post_type&quot;:&quot;product&quot;,&quot;query_post_type&quot;:&quot;product&quot;,&quot;layout&quot;:&quot;grid&quot;,&quot;include&quot;:&quot;&quot;,&quot;custom_query&quot;:&quot;&quot;,&quot;taxonomies&quot;:&quot;&quot;,&quot;pagination&quot;:&quot;arrows&quot;,&quot;items_per_page&quot;:&quot;4&quot;,&quot;product_hover&quot;:&quot;alt&quot;,&quot;columns&quot;:&quot;4&quot;,&quot;sale_countdown&quot;:0,&quot;offset&quot;:&quot;&quot;,&quot;orderby&quot;:&quot;date&quot;,&quot;query_type&quot;:&quot;OR&quot;,&quot;order&quot;:&quot;DESC&quot;,&quot;meta_key&quot;:&quot;&quot;,&quot;exclude&quot;:&quot;&quot;,&quot;class&quot;:&quot;&quot;,&quot;ajax_page&quot;:&quot;&quot;,&quot;speed&quot;:&quot;5000&quot;,&quot;slides_per_view&quot;:&quot;1&quot;,&quot;slides_per_view_tablet&quot;:&quot;auto&quot;,&quot;slides_per_view_mobile&quot;:&quot;auto&quot;,&quot;wrap&quot;:&quot;&quot;,&quot;autoplay&quot;:&quot;no&quot;,&quot;hide_pagination_control&quot;:&quot;&quot;,&quot;hide_prev_next_buttons&quot;:&quot;&quot;,&quot;scroll_per_page&quot;:&quot;yes&quot;,&quot;carousel_js_inline&quot;:&quot;no&quot;,&quot;img_size&quot;:&quot;woocommerce_thumbnail&quot;,&quot;force_not_ajax&quot;:&quot;no&quot;,&quot;center_mode&quot;:&quot;no&quot;,&quot;scroll_carousel_init&quot;:&quot;no&quot;,&quot;hide_out_of_stock&quot;:&quot;no&quot;,&quot;products_masonry&quot;:&quot;1&quot;,&quot;products_different_sizes&quot;:&quot;&quot;}\">\t<div class=\"product-grid-item basel-hover-alt product  col-md-3 col-sm-4 col-xs-6 first  post-0 post type-post status-publish format-standard has-post-thumbnail hentry\" data-loop=\"1\" data-id=\"83725\">\n\n\t\t<div class=\"product-element-top\">\n\t<a href=\"https:\/\/arnone-project.com\/fr\/boutique\/gust-buccaneer-vintage-kitesurf-tshirt\/\">\n\t\t<img loading=\"lazy\" decoding=\"async\" width=\"1200\" height=\"1200\" src=\"https:\/\/arnone-project.com\/wp-content\/uploads\/2025\/12\/face_0_3554000828.jpg\" class=\"attachment-woocommerce_thumbnail size-woocommerce_thumbnail\" alt=\"RIDE HUNGRY\" srcset=\"https:\/\/arnone-project.com\/wp-content\/uploads\/2025\/12\/face_0_3554000828.jpg 1200w, https:\/\/arnone-project.com\/wp-content\/uploads\/2025\/12\/face_0_3554000828-400x400.jpg 400w, https:\/\/arnone-project.com\/wp-content\/uploads\/2025\/12\/face_0_3554000828-150x150.jpg 150w, https:\/\/arnone-project.com\/wp-content\/uploads\/2025\/12\/face_0_3554000828-768x768.jpg 768w, https:\/\/arnone-project.com\/wp-content\/uploads\/2025\/12\/face_0_3554000828-12x12.jpg 12w, https:\/\/arnone-project.com\/wp-content\/uploads\/2025\/12\/face_0_3554000828-100x100.jpg 100w\" sizes=\"auto, (max-width: 1200px) 100vw, 1200px\" \/>\t<\/a>\n\t\t\t\t<div class=\"hover-img\">\n\t\t\t\t<a href=\"https:\/\/arnone-project.com\/fr\/boutique\/gust-buccaneer-vintage-kitesurf-tshirt\/\">\n\t\t\t\t\t<img loading=\"lazy\" decoding=\"async\" width=\"1200\" height=\"1200\" src=\"https:\/\/arnone-project.com\/wp-content\/uploads\/2025\/12\/dos_0_154239277.jpg\" class=\"attachment-woocommerce_thumbnail size-woocommerce_thumbnail\" alt=\"RIDE HUNGRY\" srcset=\"https:\/\/arnone-project.com\/wp-content\/uploads\/2025\/12\/dos_0_154239277.jpg 1200w, https:\/\/arnone-project.com\/wp-content\/uploads\/2025\/12\/dos_0_154239277-400x400.jpg 400w, https:\/\/arnone-project.com\/wp-content\/uploads\/2025\/12\/dos_0_154239277-150x150.jpg 150w, https:\/\/arnone-project.com\/wp-content\/uploads\/2025\/12\/dos_0_154239277-768x768.jpg 768w, https:\/\/arnone-project.com\/wp-content\/uploads\/2025\/12\/dos_0_154239277-12x12.jpg 12w, https:\/\/arnone-project.com\/wp-content\/uploads\/2025\/12\/dos_0_154239277-100x100.jpg 100w\" sizes=\"auto, (max-width: 1200px) 100vw, 1200px\" \/>\t\t\t\t<\/a>\n\t\t\t<\/div>\n\t\t\t<div class=\"basel-buttons\">\n\t\t\t\t\t<div class=\"basel-wishlist-btn\">\n\t\t\t\t<a class=\"button basel-tooltip\" rel=\"nofollow\" href=\"https:\/\/arnone-project.com\/fr\/boutique\/gust-buccaneer-vintage-kitesurf-tshirt\/\" data-key=\"e88eac0ef0\" data-product-id=\"83725\" data-added-text=\"Browse Wishlist\">Add to wishlist<\/a>\n\t\t\t<\/div>\n\t\t\t\t<div class=\"basel-compare-btn product-compare-button\"><a class=\"button\" rel=\"nofollow\" href=\"https:\/\/arnone-project.com\/fr\/boutique\/gust-buccaneer-vintage-kitesurf-tshirt\/\" data-added-text=\"Compare products\" data-id=\"83725\">Compare<\/a><\/div>\t\t\t\t\t<div class=\"quick-view\">\n\t\t\t\t<a \n\t\t\t\t\thref=\"https:\/\/arnone-project.com\/fr\/boutique\/gust-buccaneer-vintage-kitesurf-tshirt\/\" \n\t\t\t\t\tclass=\"open-quick-view quick-view-button\"\n\t\t\t\t\trel=\"nofollow\"\n\t\t\t\t\tdata-id=\"83725\">Quick View<\/a>\n\t\t\t<\/div>\n\t\t\t<\/div>\n<\/div>\n<h3 class=\"product-title\"><a href=\"https:\/\/arnone-project.com\/fr\/boutique\/gust-buccaneer-vintage-kitesurf-tshirt\/\">RIDE HUNGRY<\/a><\/h3>\n\n<div class=\"wrap-price\">\n\t<div class=\"wrapp-swap\">\n\t\t<div class=\"swap-elements\">\n\t\t\t\n\t<span class=\"price\"><span class=\"woocommerce-Price-amount amount\"><bdi>34.00&nbsp;<span class=\"woocommerce-Price-currencySymbol\">&euro;<\/span><\/bdi><\/span><\/span>\n\t\t\t<div class=\"btn-add\">\n\t\t\t\t<a href=\"https:\/\/arnone-project.com\/fr\/boutique\/gust-buccaneer-vintage-kitesurf-tshirt\/\" aria-describedby=\"woocommerce_loop_add_to_cart_link_describedby_83725\" data-quantity=\"1\" class=\"button product_type_variable add_to_cart_button\" data-product_id=\"83725\" data-product_sku=\"\" aria-label=\"Choix des options pour \u201cRIDE HUNGRY\u201d\" rel=\"nofollow\" data-no-translation=\"\" data-trp-gettext=\"\" data-no-translation-aria-label=\"\">Choix des options<\/a>\t<span id=\"woocommerce_loop_add_to_cart_link_describedby_83725\" class=\"screen-reader-text\">\n\t\tCe produit a plusieurs variations. Les options peuvent \u00eatre choisies sur la page du produit\t<\/span>\n\t\t\t<\/div>\n\t\t<\/div>\n\t<\/div>\n\t<\/div>\n\n\t\n\n\t<\/div>\n\t<div class=\"product-grid-item basel-hover-alt product  col-md-3 col-sm-4 col-xs-6 post-0 post type-post status-publish format-standard has-post-thumbnail hentry\" data-loop=\"2\" data-id=\"83332\">\n\n\t\t<div class=\"product-element-top\">\n\t<a href=\"https:\/\/arnone-project.com\/fr\/boutique\/carte-cadeau\/\">\n\t\t<img loading=\"lazy\" decoding=\"async\" width=\"1290\" height=\"1109\" src=\"https:\/\/arnone-project.com\/wp-content\/uploads\/2025\/11\/gift-card-1290x1109.jpg\" class=\"attachment-woocommerce_thumbnail size-woocommerce_thumbnail\" alt=\"\" srcset=\"https:\/\/arnone-project.com\/wp-content\/uploads\/2025\/11\/gift-card-1290x1109.jpg 1290w, https:\/\/arnone-project.com\/wp-content\/uploads\/2025\/11\/gift-card-400x344.jpg 400w, https:\/\/arnone-project.com\/wp-content\/uploads\/2025\/11\/gift-card-768x660.jpg 768w, https:\/\/arnone-project.com\/wp-content\/uploads\/2025\/11\/gift-card-14x12.jpg 14w, https:\/\/arnone-project.com\/wp-content\/uploads\/2025\/11\/gift-card.jpg 1500w\" sizes=\"auto, (max-width: 1290px) 100vw, 1290px\" \/>\t<\/a>\n\t\t<div class=\"basel-buttons\">\n\t\t\t\t\t<div class=\"basel-wishlist-btn\">\n\t\t\t\t<a class=\"button basel-tooltip\" rel=\"nofollow\" href=\"https:\/\/arnone-project.com\/fr\/boutique\/carte-cadeau\/\" data-key=\"e88eac0ef0\" data-product-id=\"83332\" data-added-text=\"Browse Wishlist\">Add to wishlist<\/a>\n\t\t\t<\/div>\n\t\t\t\t<div class=\"basel-compare-btn product-compare-button\"><a class=\"button\" rel=\"nofollow\" href=\"https:\/\/arnone-project.com\/fr\/boutique\/carte-cadeau\/\" data-added-text=\"Compare products\" data-id=\"83332\">Compare<\/a><\/div>\t\t\t\t\t<div class=\"quick-view\">\n\t\t\t\t<a \n\t\t\t\t\thref=\"https:\/\/arnone-project.com\/fr\/boutique\/carte-cadeau\/\" \n\t\t\t\t\tclass=\"open-quick-view quick-view-button\"\n\t\t\t\t\trel=\"nofollow\"\n\t\t\t\t\tdata-id=\"83332\">Quick View<\/a>\n\t\t\t<\/div>\n\t\t\t<\/div>\n<\/div>\n<h3 class=\"product-title\"><a href=\"https:\/\/arnone-project.com\/fr\/boutique\/carte-cadeau\/\">Gift Card<\/a><\/h3>\n\n<div class=\"wrap-price\">\n\t<div class=\"wrapp-swap\">\n\t\t<div class=\"swap-elements\">\n\t\t\t\n\t\t\t<div class=\"btn-add\">\n\t\t\t\t<a href=\"\/fr\/wp-json\/wp\/v2\/pages\/831?add-to-cart=83332\" aria-describedby=\"woocommerce_loop_add_to_cart_link_describedby_83332\" data-quantity=\"1\" class=\"button product_type_simple add_to_cart_button ajax_add_to_cart wbte-gc-product-addtocart-button\" data-product_id=\"83332\" data-product_sku=\"\" aria-label=\"Ajouter au panier\u00a0: \u201cGift Card\u201d\" rel=\"nofollow\" data-success_message=\"\u00ab\u00a0Gift Card\u00a0\u00bb a \u00e9t\u00e9 ajout\u00e9 \u00e0 votre panier\" data-product_link=\"https:\/\/arnone-project.com\/fr\/boutique\/carte-cadeau\/\" data-product_text=\"S\u00e9lectionner les options\" role=\"button\" data-no-translation=\"\" data-trp-gettext=\"\" data-no-translation-aria-label=\"\" data-no-translation-data-success_message=\"\">Ajouter au panier<\/a>\t<span id=\"woocommerce_loop_add_to_cart_link_describedby_83332\" class=\"screen-reader-text\">\n\t\t\t<\/span>\n\t\t\t<\/div>\n\t\t<\/div>\n\t<\/div>\n\t<\/div>\n\n\t\n\n\t<\/div>\n<div class=\"clearfix visible-xs-block\"><\/div>\t<div class=\"product-grid-item basel-hover-alt product  col-md-3 col-sm-4 col-xs-6 post-0 post type-post status-publish format-standard has-post-thumbnail hentry\" data-loop=\"3\" data-id=\"83209\">\n\n\t\t<div class=\"product-element-top\">\n\t<a href=\"https:\/\/arnone-project.com\/fr\/boutique\/bad-choices-t-shirt\/\">\n\t\t<img loading=\"lazy\" decoding=\"async\" width=\"1200\" height=\"1200\" src=\"https:\/\/arnone-project.com\/wp-content\/uploads\/2025\/11\/face_0_4210004694.jpg\" class=\"attachment-woocommerce_thumbnail size-woocommerce_thumbnail\" alt=\"Bad Choices kitesurf T-shirt \u2013 funny graphic tee\" srcset=\"https:\/\/arnone-project.com\/wp-content\/uploads\/2025\/11\/face_0_4210004694.jpg 1200w, https:\/\/arnone-project.com\/wp-content\/uploads\/2025\/11\/face_0_4210004694-400x400.jpg 400w, https:\/\/arnone-project.com\/wp-content\/uploads\/2025\/11\/face_0_4210004694-150x150.jpg 150w, https:\/\/arnone-project.com\/wp-content\/uploads\/2025\/11\/face_0_4210004694-768x768.jpg 768w, https:\/\/arnone-project.com\/wp-content\/uploads\/2025\/11\/face_0_4210004694-100x100.jpg 100w\" sizes=\"auto, (max-width: 1200px) 100vw, 1200px\" \/>\t<\/a>\n\t\t\t\t<div class=\"hover-img\">\n\t\t\t\t<a href=\"https:\/\/arnone-project.com\/fr\/boutique\/bad-choices-t-shirt\/\">\n\t\t\t\t\t<img loading=\"lazy\" decoding=\"async\" width=\"1200\" height=\"1200\" src=\"https:\/\/arnone-project.com\/wp-content\/uploads\/2025\/11\/dos_0_1513240521.jpg\" class=\"attachment-woocommerce_thumbnail size-woocommerce_thumbnail\" alt=\"Bad Choices\" srcset=\"https:\/\/arnone-project.com\/wp-content\/uploads\/2025\/11\/dos_0_1513240521.jpg 1200w, https:\/\/arnone-project.com\/wp-content\/uploads\/2025\/11\/dos_0_1513240521-400x400.jpg 400w, https:\/\/arnone-project.com\/wp-content\/uploads\/2025\/11\/dos_0_1513240521-150x150.jpg 150w, https:\/\/arnone-project.com\/wp-content\/uploads\/2025\/11\/dos_0_1513240521-768x768.jpg 768w, https:\/\/arnone-project.com\/wp-content\/uploads\/2025\/11\/dos_0_1513240521-100x100.jpg 100w\" sizes=\"auto, (max-width: 1200px) 100vw, 1200px\" \/>\t\t\t\t<\/a>\n\t\t\t<\/div>\n\t\t\t<div class=\"basel-buttons\">\n\t\t\t\t\t<div class=\"basel-wishlist-btn\">\n\t\t\t\t<a class=\"button basel-tooltip\" rel=\"nofollow\" href=\"https:\/\/arnone-project.com\/fr\/boutique\/bad-choices-t-shirt\/\" data-key=\"e88eac0ef0\" data-product-id=\"83209\" data-added-text=\"Browse Wishlist\">Add to wishlist<\/a>\n\t\t\t<\/div>\n\t\t\t\t<div class=\"basel-compare-btn product-compare-button\"><a class=\"button\" rel=\"nofollow\" href=\"https:\/\/arnone-project.com\/fr\/boutique\/bad-choices-t-shirt\/\" data-added-text=\"Compare products\" data-id=\"83209\">Compare<\/a><\/div>\t\t\t\t\t<div class=\"quick-view\">\n\t\t\t\t<a \n\t\t\t\t\thref=\"https:\/\/arnone-project.com\/fr\/boutique\/bad-choices-t-shirt\/\" \n\t\t\t\t\tclass=\"open-quick-view quick-view-button\"\n\t\t\t\t\trel=\"nofollow\"\n\t\t\t\t\tdata-id=\"83209\">Quick View<\/a>\n\t\t\t<\/div>\n\t\t\t<\/div>\n<\/div>\n<h3 class=\"product-title\"><a href=\"https:\/\/arnone-project.com\/fr\/boutique\/bad-choices-t-shirt\/\">Bad Choices<\/a><\/h3>\n\n<div class=\"wrap-price\">\n\t<div class=\"wrapp-swap\">\n\t\t<div class=\"swap-elements\">\n\t\t\t\n\t<span class=\"price\"><span class=\"woocommerce-Price-amount amount\"><bdi>35.00&nbsp;<span class=\"woocommerce-Price-currencySymbol\">&euro;<\/span><\/bdi><\/span><\/span>\n\t\t\t<div class=\"btn-add\">\n\t\t\t\t<a href=\"https:\/\/arnone-project.com\/fr\/boutique\/bad-choices-t-shirt\/\" aria-describedby=\"woocommerce_loop_add_to_cart_link_describedby_83209\" data-quantity=\"1\" class=\"button product_type_variable add_to_cart_button\" data-product_id=\"83209\" data-product_sku=\"\" aria-label=\"Choix des options pour \u201cBad Choices\u201d\" rel=\"nofollow\" data-no-translation=\"\" data-trp-gettext=\"\" data-no-translation-aria-label=\"\">Choix des options<\/a>\t<span id=\"woocommerce_loop_add_to_cart_link_describedby_83209\" class=\"screen-reader-text\">\n\t\tCe produit a plusieurs variations. Les options peuvent \u00eatre choisies sur la page du produit\t<\/span>\n\t\t\t<\/div>\n\t\t<\/div>\n\t<\/div>\n\t<\/div>\n\n\t\n\n\t<\/div>\n<div class=\"clearfix visible-sm-block\"><\/div>\t<div class=\"product-grid-item basel-hover-alt product  col-md-3 col-sm-4 col-xs-6 last  post-0 post type-post status-publish format-standard has-post-thumbnail hentry\" data-loop=\"4\" data-id=\"77817\">\n\n\t\t<div class=\"product-element-top\">\n\t<a href=\"https:\/\/arnone-project.com\/fr\/boutique\/lets-go-for-the-session\/\">\n\t\t<img loading=\"lazy\" decoding=\"async\" width=\"1290\" height=\"1290\" src=\"https:\/\/arnone-project.com\/wp-content\/uploads\/2023\/09\/3773094-Jaune-frontthumb1632515673-ok-2-1290x1290.jpg\" class=\"attachment-woocommerce_thumbnail size-woocommerce_thumbnail\" alt=\"Kitesurf road trip t-shirt \u2013 friends ready to ride\" srcset=\"https:\/\/arnone-project.com\/wp-content\/uploads\/2023\/09\/3773094-Jaune-frontthumb1632515673-ok-2-1290x1290.jpg 1290w, https:\/\/arnone-project.com\/wp-content\/uploads\/2023\/09\/3773094-Jaune-frontthumb1632515673-ok-2-400x400.jpg 400w, https:\/\/arnone-project.com\/wp-content\/uploads\/2023\/09\/3773094-Jaune-frontthumb1632515673-ok-2-1500x1500.jpg 1500w, https:\/\/arnone-project.com\/wp-content\/uploads\/2023\/09\/3773094-Jaune-frontthumb1632515673-ok-2-150x150.jpg 150w, https:\/\/arnone-project.com\/wp-content\/uploads\/2023\/09\/3773094-Jaune-frontthumb1632515673-ok-2-768x768.jpg 768w, https:\/\/arnone-project.com\/wp-content\/uploads\/2023\/09\/3773094-Jaune-frontthumb1632515673-ok-2-1536x1536.jpg 1536w, https:\/\/arnone-project.com\/wp-content\/uploads\/2023\/09\/3773094-Jaune-frontthumb1632515673-ok-2-12x12.jpg 12w, https:\/\/arnone-project.com\/wp-content\/uploads\/2023\/09\/3773094-Jaune-frontthumb1632515673-ok-2-100x100.jpg 100w, https:\/\/arnone-project.com\/wp-content\/uploads\/2023\/09\/3773094-Jaune-frontthumb1632515673-ok-2.jpg 2000w\" sizes=\"auto, (max-width: 1290px) 100vw, 1290px\" \/>\t<\/a>\n\t\t\t\t<div class=\"hover-img\">\n\t\t\t\t<a href=\"https:\/\/arnone-project.com\/fr\/boutique\/lets-go-for-the-session\/\">\n\t\t\t\t\t<img loading=\"lazy\" decoding=\"async\" width=\"1290\" height=\"1290\" src=\"https:\/\/arnone-project.com\/wp-content\/uploads\/2021\/09\/3773094-Gris-frontthumb1632515673-1290x1290.jpg\" class=\"attachment-woocommerce_thumbnail size-woocommerce_thumbnail\" alt=\"T-shirt Unisexe - Coton BIO - CREATOR\" srcset=\"https:\/\/arnone-project.com\/wp-content\/uploads\/2021\/09\/3773094-Gris-frontthumb1632515673-1290x1290.jpg 1290w, https:\/\/arnone-project.com\/wp-content\/uploads\/2021\/09\/3773094-Gris-frontthumb1632515673-400x400.jpg 400w, https:\/\/arnone-project.com\/wp-content\/uploads\/2021\/09\/3773094-Gris-frontthumb1632515673-1500x1500.jpg 1500w, https:\/\/arnone-project.com\/wp-content\/uploads\/2021\/09\/3773094-Gris-frontthumb1632515673-150x150.jpg 150w, https:\/\/arnone-project.com\/wp-content\/uploads\/2021\/09\/3773094-Gris-frontthumb1632515673-768x768.jpg 768w, https:\/\/arnone-project.com\/wp-content\/uploads\/2021\/09\/3773094-Gris-frontthumb1632515673-1536x1536.jpg 1536w, https:\/\/arnone-project.com\/wp-content\/uploads\/2021\/09\/3773094-Gris-frontthumb1632515673-100x100.jpg 100w, https:\/\/arnone-project.com\/wp-content\/uploads\/2021\/09\/3773094-Gris-frontthumb1632515673.jpg 2000w\" sizes=\"auto, (max-width: 1290px) 100vw, 1290px\" \/>\t\t\t\t<\/a>\n\t\t\t<\/div>\n\t\t\t<div class=\"basel-buttons\">\n\t\t\t\t\t<div class=\"basel-wishlist-btn\">\n\t\t\t\t<a class=\"button basel-tooltip\" rel=\"nofollow\" href=\"https:\/\/arnone-project.com\/fr\/boutique\/lets-go-for-the-session\/\" data-key=\"e88eac0ef0\" data-product-id=\"77817\" data-added-text=\"Browse Wishlist\">Add to wishlist<\/a>\n\t\t\t<\/div>\n\t\t\t\t<div class=\"basel-compare-btn product-compare-button\"><a class=\"button\" rel=\"nofollow\" href=\"https:\/\/arnone-project.com\/fr\/boutique\/lets-go-for-the-session\/\" data-added-text=\"Compare products\" data-id=\"77817\">Compare<\/a><\/div>\t\t\t\t\t<div class=\"quick-view\">\n\t\t\t\t<a \n\t\t\t\t\thref=\"https:\/\/arnone-project.com\/fr\/boutique\/lets-go-for-the-session\/\" \n\t\t\t\t\tclass=\"open-quick-view quick-view-button\"\n\t\t\t\t\trel=\"nofollow\"\n\t\t\t\t\tdata-id=\"77817\">Quick View<\/a>\n\t\t\t<\/div>\n\t\t\t<\/div>\n<\/div>\n<h3 class=\"product-title\"><a href=\"https:\/\/arnone-project.com\/fr\/boutique\/lets-go-for-the-session\/\">Let&#8217;s go for the session<\/a><\/h3>\n\n<div class=\"wrap-price\">\n\t<div class=\"wrapp-swap\">\n\t\t<div class=\"swap-elements\">\n\t\t\t\n\t<span class=\"price\"><span class=\"woocommerce-Price-amount amount\"><bdi>30.00&nbsp;<span class=\"woocommerce-Price-currencySymbol\">&euro;<\/span><\/bdi><\/span><\/span>\n\t\t\t<div class=\"btn-add\">\n\t\t\t\t<a href=\"https:\/\/arnone-project.com\/fr\/boutique\/lets-go-for-the-session\/\" aria-describedby=\"woocommerce_loop_add_to_cart_link_describedby_77817\" data-quantity=\"1\" class=\"button product_type_variable add_to_cart_button\" data-product_id=\"77817\" data-product_sku=\"\" aria-label=\"Choix des options pour \u201cLet&#039;s go for the session\u201d\" rel=\"nofollow\" data-no-translation=\"\" data-trp-gettext=\"\" data-no-translation-aria-label=\"\">Choix des options<\/a>\t<span id=\"woocommerce_loop_add_to_cart_link_describedby_77817\" class=\"screen-reader-text\">\n\t\tCe produit a plusieurs variations. Les options peuvent \u00eatre choisies sur la page du produit\t<\/span>\n\t\t\t<\/div>\n\t\t<\/div>\n\t<\/div>\n\t<\/div>\n\n\t\n\n\t<\/div>\n<div class=\"clearfix visible-xs-block\"><\/div><div class=\"clearfix visible-md-block visible-lg-block\"><\/div><\/div>\t\t    \t<div class=\"products-footer\">\n\t\t    \t\t\t\t    \t\t\t<a href=\"#\" rel=\"nofollow\" class=\"btn basel-products-load-prev disabled\">Load previous products<\/a>\n\t\t    \t\t\t<a href=\"#\" rel=\"nofollow\" class=\"btn basel-products-load-next\">Load next products<\/a>\n\t\t\t\t    \t\t    \t<\/div>\n\t\t    <\/div><\/div><\/div><\/div><\/div>\n<\/div>","protected":false},"excerpt":{"rendered":"- Printed in France - Available in sizes XS to 2XL - 100% organic combed cotton - 180 g\/m2 -","protected":false},"author":1,"featured_media":0,"parent":0,"menu_order":0,"comment_status":"closed","ping_status":"closed","template":"","meta":{"footnotes":""},"class_list":["post-831","page","type-page","status-publish","hentry"],"yoast_head":"<!-- This site is optimized with the Yoast SEO plugin v27.3 - https:\/\/yoast.com\/product\/yoast-seo-wordpress\/ -->\n<title>Element Products - arnone-project<\/title>\n<meta name=\"robots\" content=\"index, follow, max-snippet:-1, max-image-preview:large, max-video-preview:-1\" \/>\n<link rel=\"canonical\" href=\"https:\/\/arnone-project.com\/fr\/element-products\/\" \/>\n<meta property=\"og:locale\" content=\"fr_FR\" \/>\n<meta property=\"og:type\" content=\"article\" \/>\n<meta property=\"og:title\" content=\"Element Products - arnone-project\" \/>\n<meta property=\"og:url\" content=\"https:\/\/arnone-project.com\/fr\/element-products\/\" \/>\n<meta property=\"og:site_name\" content=\"arnone-project\" \/>\n<meta property=\"article:publisher\" content=\"https:\/\/www.facebook.com\/arnone.project\/\" \/>\n<meta name=\"twitter:card\" content=\"summary_large_image\" \/>\n<meta name=\"twitter:site\" content=\"@arnone_kite\" \/>\n<script type=\"application\/ld+json\" class=\"yoast-schema-graph\">{\"@context\":\"https:\\\/\\\/schema.org\",\"@graph\":[{\"@type\":\"WebPage\",\"@id\":\"https:\\\/\\\/arnone-project.com\\\/element-products\\\/\",\"url\":\"https:\\\/\\\/arnone-project.com\\\/element-products\\\/\",\"name\":\"Element Products - arnone-project\",\"isPartOf\":{\"@id\":\"https:\\\/\\\/arnone-project.com\\\/#website\"},\"datePublished\":\"2017-02-09T16:37:21+00:00\",\"breadcrumb\":{\"@id\":\"https:\\\/\\\/arnone-project.com\\\/element-products\\\/#breadcrumb\"},\"inLanguage\":\"fr-FR\",\"potentialAction\":[{\"@type\":\"ReadAction\",\"target\":[\"https:\\\/\\\/arnone-project.com\\\/element-products\\\/\"]}]},{\"@type\":\"BreadcrumbList\",\"@id\":\"https:\\\/\\\/arnone-project.com\\\/element-products\\\/#breadcrumb\",\"itemListElement\":[{\"@type\":\"ListItem\",\"position\":1,\"name\":\"Accueil\",\"item\":\"https:\\\/\\\/arnone-project.com\\\/\"},{\"@type\":\"ListItem\",\"position\":2,\"name\":\"Element Products\"}]},{\"@type\":\"WebSite\",\"@id\":\"https:\\\/\\\/arnone-project.com\\\/#website\",\"url\":\"https:\\\/\\\/arnone-project.com\\\/\",\"name\":\"arnone-project\",\"description\":\"Fun kitesurf &amp; lifestyle \u2014 ride, freedom, ocean\",\"publisher\":{\"@id\":\"https:\\\/\\\/arnone-project.com\\\/#organization\"},\"potentialAction\":[{\"@type\":\"SearchAction\",\"target\":{\"@type\":\"EntryPoint\",\"urlTemplate\":\"https:\\\/\\\/arnone-project.com\\\/?s={search_term_string}\"},\"query-input\":{\"@type\":\"PropertyValueSpecification\",\"valueRequired\":true,\"valueName\":\"search_term_string\"}}],\"inLanguage\":\"fr-FR\"},{\"@type\":\"Organization\",\"@id\":\"https:\\\/\\\/arnone-project.com\\\/#organization\",\"name\":\"Arnone\",\"url\":\"https:\\\/\\\/arnone-project.com\\\/\",\"logo\":{\"@type\":\"ImageObject\",\"inLanguage\":\"fr-FR\",\"@id\":\"https:\\\/\\\/arnone-project.com\\\/#\\\/schema\\\/logo\\\/image\\\/\",\"url\":\"https:\\\/\\\/arnone-project.com\\\/wp-content\\\/uploads\\\/2018\\\/10\\\/arnone-project-1.gif\",\"contentUrl\":\"https:\\\/\\\/arnone-project.com\\\/wp-content\\\/uploads\\\/2018\\\/10\\\/arnone-project-1.gif\",\"width\":250,\"height\":109,\"caption\":\"Arnone\"},\"image\":{\"@id\":\"https:\\\/\\\/arnone-project.com\\\/#\\\/schema\\\/logo\\\/image\\\/\"},\"sameAs\":[\"https:\\\/\\\/www.facebook.com\\\/arnone.project\\\/\",\"https:\\\/\\\/x.com\\\/arnone_kite\",\"https:\\\/\\\/www.instagram.com\\\/arnone_kite\\\/\"]}]}<\/script>\n<!-- \/ Yoast SEO plugin. -->","yoast_head_json":{"title":"Element Products - arnone-project","robots":{"index":"index","follow":"follow","max-snippet":"max-snippet:-1","max-image-preview":"max-image-preview:large","max-video-preview":"max-video-preview:-1"},"canonical":"https:\/\/arnone-project.com\/fr\/element-products\/","og_locale":"fr_FR","og_type":"article","og_title":"Element Products - arnone-project","og_url":"https:\/\/arnone-project.com\/fr\/element-products\/","og_site_name":"arnone-project","article_publisher":"https:\/\/www.facebook.com\/arnone.project\/","twitter_card":"summary_large_image","twitter_site":"@arnone_kite","schema":{"@context":"https:\/\/schema.org","@graph":[{"@type":"WebPage","@id":"https:\/\/arnone-project.com\/element-products\/","url":"https:\/\/arnone-project.com\/element-products\/","name":"Element Products - arnone-project","isPartOf":{"@id":"https:\/\/arnone-project.com\/#website"},"datePublished":"2017-02-09T16:37:21+00:00","breadcrumb":{"@id":"https:\/\/arnone-project.com\/element-products\/#breadcrumb"},"inLanguage":"fr-FR","potentialAction":[{"@type":"ReadAction","target":["https:\/\/arnone-project.com\/element-products\/"]}]},{"@type":"BreadcrumbList","@id":"https:\/\/arnone-project.com\/element-products\/#breadcrumb","itemListElement":[{"@type":"ListItem","position":1,"name":"Accueil","item":"https:\/\/arnone-project.com\/"},{"@type":"ListItem","position":2,"name":"Element Products"}]},{"@type":"WebSite","@id":"https:\/\/arnone-project.com\/#website","url":"https:\/\/arnone-project.com\/","name":"arnone-project","description":"Fun kitesurf &amp; lifestyle \u2014 ride, freedom, ocean","publisher":{"@id":"https:\/\/arnone-project.com\/#organization"},"potentialAction":[{"@type":"SearchAction","target":{"@type":"EntryPoint","urlTemplate":"https:\/\/arnone-project.com\/?s={search_term_string}"},"query-input":{"@type":"PropertyValueSpecification","valueRequired":true,"valueName":"search_term_string"}}],"inLanguage":"fr-FR"},{"@type":"Organization","@id":"https:\/\/arnone-project.com\/#organization","name":"Arnone","url":"https:\/\/arnone-project.com\/","logo":{"@type":"ImageObject","inLanguage":"fr-FR","@id":"https:\/\/arnone-project.com\/#\/schema\/logo\/image\/","url":"https:\/\/arnone-project.com\/wp-content\/uploads\/2018\/10\/arnone-project-1.gif","contentUrl":"https:\/\/arnone-project.com\/wp-content\/uploads\/2018\/10\/arnone-project-1.gif","width":250,"height":109,"caption":"Arnone"},"image":{"@id":"https:\/\/arnone-project.com\/#\/schema\/logo\/image\/"},"sameAs":["https:\/\/www.facebook.com\/arnone.project\/","https:\/\/x.com\/arnone_kite","https:\/\/www.instagram.com\/arnone_kite\/"]}]}},"_links":{"self":[{"href":"https:\/\/arnone-project.com\/fr\/wp-json\/wp\/v2\/pages\/831","targetHints":{"allow":["GET"]}}],"collection":[{"href":"https:\/\/arnone-project.com\/fr\/wp-json\/wp\/v2\/pages"}],"about":[{"href":"https:\/\/arnone-project.com\/fr\/wp-json\/wp\/v2\/types\/page"}],"author":[{"embeddable":true,"href":"https:\/\/arnone-project.com\/fr\/wp-json\/wp\/v2\/users\/1"}],"replies":[{"embeddable":true,"href":"https:\/\/arnone-project.com\/fr\/wp-json\/wp\/v2\/comments?post=831"}],"version-history":[{"count":0,"href":"https:\/\/arnone-project.com\/fr\/wp-json\/wp\/v2\/pages\/831\/revisions"}],"wp:attachment":[{"href":"https:\/\/arnone-project.com\/fr\/wp-json\/wp\/v2\/media?parent=831"}],"curies":[{"name":"wp","href":"https:\/\/api.w.org\/{rel}","templated":true}]}}