{"id":79587,"date":"2024-10-08T16:21:30","date_gmt":"2024-10-08T14:21:30","guid":{"rendered":"https:\/\/arnone-project.com\/kitesurfing-competitions-and-events\/"},"modified":"2024-10-08T16:21:31","modified_gmt":"2024-10-08T14:21:31","slug":"kitesurfing-competitions-and-events","status":"publish","type":"page","link":"https:\/\/arnone-project.com\/fr\/kitesurfing-competitions-and-events\/","title":{"rendered":"Kitesurfing competitions and events"},"content":{"rendered":"&#13;\n<figure class=\"wp-block-gallery columns-1 is-cropped wp-block-gallery-1 is-layout-flex wp-block-gallery-is-layout-flex\"><ul class=\"blocks-gallery-grid\"><li class=\"blocks-gallery-item\">&#13;\n<figure><img loading=\"lazy\" decoding=\"async\" width=\"1232\" height=\"480\" class=\"wp-image-79542\" src=\"https:\/\/arnone-project.com\/wp-content\/uploads\/2024\/10\/compet-kitesurf.jpg\" alt=\"\" data-id=\"79541\" data-full-url=\"https:\/\/arnone-project.com\/wp-content\/uploads\/2024\/10\/compet-kitesurf.jpg\" data-link=\"https:\/\/arnone-project.com\/competitions-et-evenements-kitesurf\/compet-kitesurf\/\" srcset=\"https:\/\/arnone-project.com\/wp-content\/uploads\/2024\/10\/compet-kitesurf.jpg 1232w, https:\/\/arnone-project.com\/wp-content\/uploads\/2024\/10\/compet-kitesurf-400x156.jpg 400w, https:\/\/arnone-project.com\/wp-content\/uploads\/2024\/10\/compet-kitesurf-768x299.jpg 768w\" sizes=\"auto, (max-width: 1232px) 100vw, 1232px\" \/><\/figure><\/li>&#13;\n<\/ul><\/figure>\r\n<div class=\"wp-block-spacer\" style=\"height: 100px;\" aria-hidden=\"true\">\u00a0<\/div>\r\n<h2 class=\"has-text-align-center\" style=\"font-size: 35px;\">Arnone: the spirit of kitesurfing!<\/h2>\r\n\r\n&#13;\n<div class=\"wp-block-image\">&#13;\n<figure class=\"alignleft size-large is-resized\"><img loading=\"lazy\" decoding=\"async\" class=\"wp-image-79547\" src=\"https:\/\/arnone-project.com\/wp-content\/uploads\/2024\/10\/evenement-kitesurf.jpg\" alt=\"\" width=\"368\" height=\"368\" srcset=\"https:\/\/arnone-project.com\/wp-content\/uploads\/2024\/10\/evenement-kitesurf.jpg 1000w, https:\/\/arnone-project.com\/wp-content\/uploads\/2024\/10\/evenement-kitesurf-400x400.jpg 400w, https:\/\/arnone-project.com\/wp-content\/uploads\/2024\/10\/evenement-kitesurf-150x150.jpg 150w, https:\/\/arnone-project.com\/wp-content\/uploads\/2024\/10\/evenement-kitesurf-768x768.jpg 768w, https:\/\/arnone-project.com\/wp-content\/uploads\/2024\/10\/evenement-kitesurf-100x100.jpg 100w\" sizes=\"auto, (max-width: 368px) 100vw, 368px\" \/><\/figure><\/div>&#13;\n<p style=\"font-size: 20px;\">Chez Arnone, nous croyons que le kitesurf est bien plus qu&#8217;un sport : c&#8217;est une passion, une aventure, une communaut\u00e9. C&#8217;est pourquoi nous nous engageons \u00e0 soutenir les comp\u00e9titions qui font vibrer notre tibu et \u00e0 promouvoir cette culture unique du kite.<\/p>&#13;\n<p style=\"font-size: 20px;\"><br\/>By investing in kitesurfing events, we help to create unforgettable moments, where talent emerges and adrenalin runs high.<\/p>\r\n&#13;\n<p><br\/>#Arnone #Kitesurf #Liveyourpassion<\/p>&#13;\n\r\n<div class=\"wp-block-spacer\" style=\"height: 100px;\" aria-hidden=\"true\">\u00a0<\/div>\r\n\r\n<div class=\"wp-block-columns is-layout-flex wp-container-core-columns-is-layout-9d6595d7 wp-block-columns-is-layout-flex\">\r\n<div class=\"wp-block-column is-layout-flow wp-block-column-is-layout-flow\">\r\n<div class=\"wp-block-spacer\" style=\"height: 36px;\" aria-hidden=\"true\">\u00a0<\/div>\r\n\r\n\r\n&#13;\n<figure class=\"wp-block-image size-large\"><a href=\"\/fr\/?p=12667\"><img loading=\"lazy\" decoding=\"async\" width=\"839\" height=\"467\" class=\"wp-image-79529\" src=\"https:\/\/arnone-project.com\/wp-content\/uploads\/2024\/10\/logo-eole-kiterace-1.png\" alt=\"\" srcset=\"https:\/\/arnone-project.com\/wp-content\/uploads\/2024\/10\/logo-eole-kiterace-1.png 839w, https:\/\/arnone-project.com\/wp-content\/uploads\/2024\/10\/logo-eole-kiterace-1-400x223.png 400w, https:\/\/arnone-project.com\/wp-content\/uploads\/2024\/10\/logo-eole-kiterace-1-768x427.png 768w\" sizes=\"auto, (max-width: 839px) 100vw, 839px\" \/><\/a><\/figure><\/div>\r\n\r\n\r\n\r\n<div class=\"wp-block-column is-layout-flow wp-block-column-is-layout-flow\">&#13;\n<figure class=\"wp-block-image size-large\"><a href=\"\/fr\/?p=42943\"><img loading=\"lazy\" decoding=\"async\" width=\"1500\" height=\"1500\" class=\"wp-image-42998\" src=\"https:\/\/arnone-project.com\/wp-content\/uploads\/2019\/05\/logo-anim-1500x1500.png\" alt=\"\" srcset=\"https:\/\/arnone-project.com\/wp-content\/uploads\/2019\/05\/logo-anim-1500x1500.png 1500w, https:\/\/arnone-project.com\/wp-content\/uploads\/2019\/05\/logo-anim-150x150.png 150w, https:\/\/arnone-project.com\/wp-content\/uploads\/2019\/05\/logo-anim-300x300.png 300w, https:\/\/arnone-project.com\/wp-content\/uploads\/2019\/05\/logo-anim-768x768.png 768w, https:\/\/arnone-project.com\/wp-content\/uploads\/2019\/05\/logo-anim-45x45.png 45w, https:\/\/arnone-project.com\/wp-content\/uploads\/2019\/05\/logo-anim-1290x1290.png 1290w, https:\/\/arnone-project.com\/wp-content\/uploads\/2019\/05\/logo-anim-100x100.png 100w, https:\/\/arnone-project.com\/wp-content\/uploads\/2019\/05\/logo-anim.png 2000w\" sizes=\"auto, (max-width: 1500px) 100vw, 1500px\" \/><\/a><\/figure><\/div>\r\n\r\n\r\n\r\n<div class=\"wp-block-column is-layout-flow wp-block-column-is-layout-flow\">&#13;\n<figure class=\"wp-block-image size-large\"><a href=\"\/fr\/?p=51011\"><img loading=\"lazy\" decoding=\"async\" width=\"345\" height=\"340\" class=\"wp-image-51090\" src=\"https:\/\/arnone-project.com\/wp-content\/uploads\/2019\/10\/logo-gif.gif\" alt=\"\"\/><\/a><\/figure><\/div>\r\n<\/div>","protected":false},"excerpt":{"rendered":"<p>Arnone: the spirit of kitesurfing! By investing in kitesurfing events, we help to create unforgettable moments, where talent emerges and<\/p>","protected":false},"author":1,"featured_media":0,"parent":0,"menu_order":0,"comment_status":"closed","ping_status":"closed","template":"","meta":{"footnotes":""},"class_list":["post-79587","page","type-page","status-publish","hentry"],"yoast_head":"<!-- This site is optimized with the Yoast SEO plugin v27.3 - https:\/\/yoast.com\/product\/yoast-seo-wordpress\/ -->\n<title>Kitesurfing competitions and events - arnone-project<\/title>\n<meta name=\"description\" content=\"Upcoming kitesurfing competitions and events\" \/>\n<meta name=\"robots\" content=\"index, follow, max-snippet:-1, max-image-preview:large, max-video-preview:-1\" \/>\n<link rel=\"canonical\" href=\"https:\/\/arnone-project.com\/fr\/kitesurfing-competitions-and-events\/\" \/>\n<meta property=\"og:locale\" content=\"fr_FR\" \/>\n<meta property=\"og:type\" content=\"article\" \/>\n<meta property=\"og:title\" content=\"Kitesurfing competitions and events - arnone-project\" \/>\n<meta property=\"og:description\" content=\"Upcoming kitesurfing competitions and events\" \/>\n<meta property=\"og:url\" content=\"https:\/\/arnone-project.com\/fr\/kitesurfing-competitions-and-events\/\" \/>\n<meta property=\"og:site_name\" content=\"arnone-project\" \/>\n<meta property=\"article:publisher\" content=\"https:\/\/www.facebook.com\/arnone.project\/\" \/>\n<meta property=\"article:modified_time\" content=\"2024-10-08T14:21:31+00:00\" \/>\n<meta property=\"og:image\" content=\"https:\/\/arnone-project.com\/wp-content\/uploads\/2024\/10\/compet-kitesurf.jpg\" \/>\n\t<meta property=\"og:image:width\" content=\"1232\" \/>\n\t<meta property=\"og:image:height\" content=\"480\" \/>\n\t<meta property=\"og:image:type\" content=\"image\/jpeg\" \/>\n<meta name=\"twitter:card\" content=\"summary_large_image\" \/>\n<meta name=\"twitter:site\" content=\"@arnone_kite\" \/>\n<script type=\"application\/ld+json\" class=\"yoast-schema-graph\">{\"@context\":\"https:\\\/\\\/schema.org\",\"@graph\":[{\"@type\":\"WebPage\",\"@id\":\"https:\\\/\\\/arnone-project.com\\\/kitesurfing-competitions-and-events\\\/\",\"url\":\"https:\\\/\\\/arnone-project.com\\\/kitesurfing-competitions-and-events\\\/\",\"name\":\"Kitesurfing competitions and events - arnone-project\",\"isPartOf\":{\"@id\":\"https:\\\/\\\/arnone-project.com\\\/#website\"},\"primaryImageOfPage\":{\"@id\":\"https:\\\/\\\/arnone-project.com\\\/kitesurfing-competitions-and-events\\\/#primaryimage\"},\"image\":{\"@id\":\"https:\\\/\\\/arnone-project.com\\\/kitesurfing-competitions-and-events\\\/#primaryimage\"},\"thumbnailUrl\":\"https:\\\/\\\/arnone-project.com\\\/wp-content\\\/uploads\\\/2024\\\/10\\\/compet-kitesurf.jpg\",\"datePublished\":\"2024-10-08T14:21:30+00:00\",\"dateModified\":\"2024-10-08T14:21:31+00:00\",\"description\":\"Upcoming kitesurfing competitions and events\",\"breadcrumb\":{\"@id\":\"https:\\\/\\\/arnone-project.com\\\/kitesurfing-competitions-and-events\\\/#breadcrumb\"},\"inLanguage\":\"fr-FR\",\"potentialAction\":[{\"@type\":\"ReadAction\",\"target\":[\"https:\\\/\\\/arnone-project.com\\\/kitesurfing-competitions-and-events\\\/\"]}]},{\"@type\":\"ImageObject\",\"inLanguage\":\"fr-FR\",\"@id\":\"https:\\\/\\\/arnone-project.com\\\/kitesurfing-competitions-and-events\\\/#primaryimage\",\"url\":\"https:\\\/\\\/arnone-project.com\\\/wp-content\\\/uploads\\\/2024\\\/10\\\/compet-kitesurf.jpg\",\"contentUrl\":\"https:\\\/\\\/arnone-project.com\\\/wp-content\\\/uploads\\\/2024\\\/10\\\/compet-kitesurf.jpg\"},{\"@type\":\"BreadcrumbList\",\"@id\":\"https:\\\/\\\/arnone-project.com\\\/kitesurfing-competitions-and-events\\\/#breadcrumb\",\"itemListElement\":[{\"@type\":\"ListItem\",\"position\":1,\"name\":\"Accueil\",\"item\":\"https:\\\/\\\/arnone-project.com\\\/\"},{\"@type\":\"ListItem\",\"position\":2,\"name\":\"Kitesurfing competitions and events\"}]},{\"@type\":\"WebSite\",\"@id\":\"https:\\\/\\\/arnone-project.com\\\/#website\",\"url\":\"https:\\\/\\\/arnone-project.com\\\/\",\"name\":\"arnone-project\",\"description\":\"Fun kitesurf &amp; lifestyle \u2014 ride, freedom, ocean\",\"publisher\":{\"@id\":\"https:\\\/\\\/arnone-project.com\\\/#organization\"},\"potentialAction\":[{\"@type\":\"SearchAction\",\"target\":{\"@type\":\"EntryPoint\",\"urlTemplate\":\"https:\\\/\\\/arnone-project.com\\\/?s={search_term_string}\"},\"query-input\":{\"@type\":\"PropertyValueSpecification\",\"valueRequired\":true,\"valueName\":\"search_term_string\"}}],\"inLanguage\":\"fr-FR\"},{\"@type\":\"Organization\",\"@id\":\"https:\\\/\\\/arnone-project.com\\\/#organization\",\"name\":\"Arnone\",\"url\":\"https:\\\/\\\/arnone-project.com\\\/\",\"logo\":{\"@type\":\"ImageObject\",\"inLanguage\":\"fr-FR\",\"@id\":\"https:\\\/\\\/arnone-project.com\\\/#\\\/schema\\\/logo\\\/image\\\/\",\"url\":\"https:\\\/\\\/arnone-project.com\\\/wp-content\\\/uploads\\\/2018\\\/10\\\/arnone-project-1.gif\",\"contentUrl\":\"https:\\\/\\\/arnone-project.com\\\/wp-content\\\/uploads\\\/2018\\\/10\\\/arnone-project-1.gif\",\"width\":250,\"height\":109,\"caption\":\"Arnone\"},\"image\":{\"@id\":\"https:\\\/\\\/arnone-project.com\\\/#\\\/schema\\\/logo\\\/image\\\/\"},\"sameAs\":[\"https:\\\/\\\/www.facebook.com\\\/arnone.project\\\/\",\"https:\\\/\\\/x.com\\\/arnone_kite\",\"https:\\\/\\\/www.instagram.com\\\/arnone_kite\\\/\"]}]}<\/script>\n<!-- \/ Yoast SEO plugin. -->","yoast_head_json":{"title":"Kitesurfing competitions and events - arnone-project","description":"Upcoming kitesurfing competitions and events","robots":{"index":"index","follow":"follow","max-snippet":"max-snippet:-1","max-image-preview":"max-image-preview:large","max-video-preview":"max-video-preview:-1"},"canonical":"https:\/\/arnone-project.com\/fr\/kitesurfing-competitions-and-events\/","og_locale":"fr_FR","og_type":"article","og_title":"Kitesurfing competitions and events - arnone-project","og_description":"Upcoming kitesurfing competitions and events","og_url":"https:\/\/arnone-project.com\/fr\/kitesurfing-competitions-and-events\/","og_site_name":"arnone-project","article_publisher":"https:\/\/www.facebook.com\/arnone.project\/","article_modified_time":"2024-10-08T14:21:31+00:00","og_image":[{"width":1232,"height":480,"url":"https:\/\/arnone-project.com\/wp-content\/uploads\/2024\/10\/compet-kitesurf.jpg","type":"image\/jpeg"}],"twitter_card":"summary_large_image","twitter_site":"@arnone_kite","schema":{"@context":"https:\/\/schema.org","@graph":[{"@type":"WebPage","@id":"https:\/\/arnone-project.com\/kitesurfing-competitions-and-events\/","url":"https:\/\/arnone-project.com\/kitesurfing-competitions-and-events\/","name":"Kitesurfing competitions and events - arnone-project","isPartOf":{"@id":"https:\/\/arnone-project.com\/#website"},"primaryImageOfPage":{"@id":"https:\/\/arnone-project.com\/kitesurfing-competitions-and-events\/#primaryimage"},"image":{"@id":"https:\/\/arnone-project.com\/kitesurfing-competitions-and-events\/#primaryimage"},"thumbnailUrl":"https:\/\/arnone-project.com\/wp-content\/uploads\/2024\/10\/compet-kitesurf.jpg","datePublished":"2024-10-08T14:21:30+00:00","dateModified":"2024-10-08T14:21:31+00:00","description":"Upcoming kitesurfing competitions and events","breadcrumb":{"@id":"https:\/\/arnone-project.com\/kitesurfing-competitions-and-events\/#breadcrumb"},"inLanguage":"fr-FR","potentialAction":[{"@type":"ReadAction","target":["https:\/\/arnone-project.com\/kitesurfing-competitions-and-events\/"]}]},{"@type":"ImageObject","inLanguage":"fr-FR","@id":"https:\/\/arnone-project.com\/kitesurfing-competitions-and-events\/#primaryimage","url":"https:\/\/arnone-project.com\/wp-content\/uploads\/2024\/10\/compet-kitesurf.jpg","contentUrl":"https:\/\/arnone-project.com\/wp-content\/uploads\/2024\/10\/compet-kitesurf.jpg"},{"@type":"BreadcrumbList","@id":"https:\/\/arnone-project.com\/kitesurfing-competitions-and-events\/#breadcrumb","itemListElement":[{"@type":"ListItem","position":1,"name":"Accueil","item":"https:\/\/arnone-project.com\/"},{"@type":"ListItem","position":2,"name":"Kitesurfing competitions and events"}]},{"@type":"WebSite","@id":"https:\/\/arnone-project.com\/#website","url":"https:\/\/arnone-project.com\/","name":"arnone-project","description":"Fun kitesurf &amp; lifestyle \u2014 ride, freedom, ocean","publisher":{"@id":"https:\/\/arnone-project.com\/#organization"},"potentialAction":[{"@type":"SearchAction","target":{"@type":"EntryPoint","urlTemplate":"https:\/\/arnone-project.com\/?s={search_term_string}"},"query-input":{"@type":"PropertyValueSpecification","valueRequired":true,"valueName":"search_term_string"}}],"inLanguage":"fr-FR"},{"@type":"Organization","@id":"https:\/\/arnone-project.com\/#organization","name":"Arnone","url":"https:\/\/arnone-project.com\/","logo":{"@type":"ImageObject","inLanguage":"fr-FR","@id":"https:\/\/arnone-project.com\/#\/schema\/logo\/image\/","url":"https:\/\/arnone-project.com\/wp-content\/uploads\/2018\/10\/arnone-project-1.gif","contentUrl":"https:\/\/arnone-project.com\/wp-content\/uploads\/2018\/10\/arnone-project-1.gif","width":250,"height":109,"caption":"Arnone"},"image":{"@id":"https:\/\/arnone-project.com\/#\/schema\/logo\/image\/"},"sameAs":["https:\/\/www.facebook.com\/arnone.project\/","https:\/\/x.com\/arnone_kite","https:\/\/www.instagram.com\/arnone_kite\/"]}]}},"_links":{"self":[{"href":"https:\/\/arnone-project.com\/fr\/wp-json\/wp\/v2\/pages\/79587","targetHints":{"allow":["GET"]}}],"collection":[{"href":"https:\/\/arnone-project.com\/fr\/wp-json\/wp\/v2\/pages"}],"about":[{"href":"https:\/\/arnone-project.com\/fr\/wp-json\/wp\/v2\/types\/page"}],"author":[{"embeddable":true,"href":"https:\/\/arnone-project.com\/fr\/wp-json\/wp\/v2\/users\/1"}],"replies":[{"embeddable":true,"href":"https:\/\/arnone-project.com\/fr\/wp-json\/wp\/v2\/comments?post=79587"}],"version-history":[{"count":0,"href":"https:\/\/arnone-project.com\/fr\/wp-json\/wp\/v2\/pages\/79587\/revisions"}],"wp:attachment":[{"href":"https:\/\/arnone-project.com\/fr\/wp-json\/wp\/v2\/media?parent=79587"}],"curies":[{"name":"wp","href":"https:\/\/api.w.org\/{rel}","templated":true}]}}