{"id":79452,"date":"2024-10-07T21:34:01","date_gmt":"2024-10-07T19:34:01","guid":{"rendered":"https:\/\/arnone-project.com\/?page_id=79452"},"modified":"2024-10-08T16:02:57","modified_gmt":"2024-10-08T14:02:57","slug":"notre-philosophie","status":"publish","type":"page","link":"https:\/\/arnone-project.com\/fr\/notre-philosophie\/","title":{"rendered":"Notre Philosophie"},"content":{"rendered":"<h2 class=\"has-text-align-center\" style=\"font-size: 35px;\">Arnone : le sportwear qui respecte la plan\u00e8te !<\/h2>\n\n\n\n<div class=\"wp-block-spacer\" style=\"height: 100px;\" aria-hidden=\"true\">\u00a0<\/div>\n\n\n\n<div class=\"wp-block-columns is-layout-flex wp-container-core-columns-is-layout-9d6595d7 wp-block-columns-is-layout-flex\">\n<div class=\"wp-block-column is-layout-flow wp-block-column-is-layout-flow\">\n<div class=\"wp-block-spacer\" style=\"height: 100px;\" aria-hidden=\"true\">\u00a0<\/div>\n\n\n\n<p style=\"font-size: 20px;\">Depuis notre premi\u00e8re collection, Arnone s&#8217;engage \u00e0 allier style et respect de l&#8217;environnement. Chaque v\u00eatement que nous cr\u00e9ons est con\u00e7u avec soin, en prenant en compte notre impact \u00e9cologique. En choisissant de fabriquer chaque pi\u00e8ce \u00e0 la commande, nous minimisons le gaspillage et maximisons la durabilit\u00e9.<\/p>\n<\/div>\n\n\n\n<div class=\"wp-block-column is-layout-flow wp-block-column-is-layout-flow\">\n<figure class=\"wp-block-image size-large\"><img loading=\"lazy\" decoding=\"async\" width=\"1000\" height=\"800\" src=\"https:\/\/arnone-project.com\/wp-content\/uploads\/2020\/10\/kitesurf-spot-gruissan.jpg\" alt=\"Gruissan kite spot\" class=\"wp-image-76241\" srcset=\"https:\/\/arnone-project.com\/wp-content\/uploads\/2020\/10\/kitesurf-spot-gruissan.jpg 1000w, https:\/\/arnone-project.com\/wp-content\/uploads\/2020\/10\/kitesurf-spot-gruissan-400x320.jpg 400w, https:\/\/arnone-project.com\/wp-content\/uploads\/2020\/10\/kitesurf-spot-gruissan-768x614.jpg 768w\" sizes=\"auto, (max-width: 1000px) 100vw, 1000px\" \/><\/figure>\n<\/div>\n<\/div>\n\n\n\n<div class=\"wp-block-spacer\" style=\"height: 100px;\" aria-hidden=\"true\">\u00a0<\/div>\n\n\n\n<div class=\"wp-block-columns is-layout-flex wp-container-core-columns-is-layout-9d6595d7 wp-block-columns-is-layout-flex\">\n<div class=\"wp-block-column is-layout-flow wp-block-column-is-layout-flow\">\n<figure class=\"wp-block-image size-large\"><img loading=\"lazy\" decoding=\"async\" width=\"1000\" height=\"800\" src=\"https:\/\/arnone-project.com\/wp-content\/uploads\/2020\/10\/kitesurf-wear-arnone-france.jpg\" alt=\"kitesurf wear arnone france\" class=\"wp-image-76244\" srcset=\"https:\/\/arnone-project.com\/wp-content\/uploads\/2020\/10\/kitesurf-wear-arnone-france.jpg 1000w, https:\/\/arnone-project.com\/wp-content\/uploads\/2020\/10\/kitesurf-wear-arnone-france-400x320.jpg 400w, https:\/\/arnone-project.com\/wp-content\/uploads\/2020\/10\/kitesurf-wear-arnone-france-768x614.jpg 768w\" sizes=\"auto, (max-width: 1000px) 100vw, 1000px\" \/><\/figure>\n<\/div>\n\n\n\n<div class=\"wp-block-column is-layout-flow wp-block-column-is-layout-flow\">\n<div class=\"wp-block-spacer\" style=\"height: 100px;\" aria-hidden=\"true\">\u00a0<\/div>\n\n\n\n<p style=\"font-size: 20px;\">Nos mat\u00e9riaux sont s\u00e9lectionn\u00e9s avec rigueur, privil\u00e9giant des textiles \u00e9co-responsables pour vous offrir des v\u00eatements \u00e0 la fois tendance et respectueux de la plan\u00e8te. Avec Arnone, vous ne portez pas seulement un v\u00eatement, vous faites un choix conscient.<\/p>\n<\/div>\n<\/div>\n\n\n\n<div class=\"wp-block-spacer\" style=\"height: 100px;\" aria-hidden=\"true\">\u00a0<\/div>\n\n\n\n<p style=\"font-size: 30px; text-align: center;\">Rejoignez notre mouvement vers une mode plus durable et affichez votre engagement pour l&#8217;\u00e9cologie avec fiert\u00e9. Ensemble, faisons de la mode un vecteur de changement positif ! <br>\ud83c\udf0d\ud83d\udc9a<\/p>\n\n\n\n<p><p style=\"text-align: center;\">#Arnone #Mode\u00c9thique #EcoResponsable<\/p><\/p>","protected":false},"excerpt":{"rendered":"<p>Arnone : le sportwear qui respecte la plan\u00e8te ! Depuis notre premi\u00e8re collection, Arnone s&#8217;engage \u00e0 allier style et respect<\/p>","protected":false},"author":1,"featured_media":0,"parent":0,"menu_order":0,"comment_status":"closed","ping_status":"closed","template":"","meta":{"footnotes":""},"class_list":["post-79452","page","type-page","status-publish","hentry"],"yoast_head":"<!-- This site is optimized with the Yoast SEO plugin v27.3 - https:\/\/yoast.com\/product\/yoast-seo-wordpress\/ -->\n<title>Notre Philosophie - arnone-project<\/title>\n<meta name=\"robots\" content=\"index, follow, max-snippet:-1, max-image-preview:large, max-video-preview:-1\" \/>\n<link rel=\"canonical\" href=\"https:\/\/arnone-project.com\/fr\/notre-philosophie\/\" \/>\n<meta property=\"og:locale\" content=\"fr_FR\" \/>\n<meta property=\"og:type\" content=\"article\" \/>\n<meta property=\"og:title\" content=\"Notre Philosophie - arnone-project\" \/>\n<meta property=\"og:description\" content=\"Arnone : le sportwear qui respecte la plan\u00e8te ! Depuis notre premi\u00e8re collection, Arnone s&#8217;engage \u00e0 allier style et respect\" \/>\n<meta property=\"og:url\" content=\"https:\/\/arnone-project.com\/fr\/notre-philosophie\/\" \/>\n<meta property=\"og:site_name\" content=\"arnone-project\" \/>\n<meta property=\"article:publisher\" content=\"https:\/\/www.facebook.com\/arnone.project\/\" \/>\n<meta property=\"article:modified_time\" content=\"2024-10-08T14:02:57+00:00\" \/>\n<meta property=\"og:image\" content=\"https:\/\/arnone-project.com\/wp-content\/uploads\/2020\/10\/kitesurf-spot-gruissan.jpg\" \/>\n<meta name=\"twitter:card\" content=\"summary_large_image\" \/>\n<meta name=\"twitter:site\" content=\"@arnone_kite\" \/>\n<meta name=\"twitter:label1\" content=\"Dur\u00e9e de lecture estim\u00e9e\" \/>\n\t<meta name=\"twitter:data1\" content=\"1 minute\" \/>\n<script type=\"application\/ld+json\" class=\"yoast-schema-graph\">{\"@context\":\"https:\\\/\\\/schema.org\",\"@graph\":[{\"@type\":\"WebPage\",\"@id\":\"https:\\\/\\\/arnone-project.com\\\/notre-philosophie\\\/\",\"url\":\"https:\\\/\\\/arnone-project.com\\\/notre-philosophie\\\/\",\"name\":\"Notre Philosophie - arnone-project\",\"isPartOf\":{\"@id\":\"https:\\\/\\\/arnone-project.com\\\/#website\"},\"primaryImageOfPage\":{\"@id\":\"https:\\\/\\\/arnone-project.com\\\/notre-philosophie\\\/#primaryimage\"},\"image\":{\"@id\":\"https:\\\/\\\/arnone-project.com\\\/notre-philosophie\\\/#primaryimage\"},\"thumbnailUrl\":\"https:\\\/\\\/arnone-project.com\\\/wp-content\\\/uploads\\\/2020\\\/10\\\/kitesurf-spot-gruissan.jpg\",\"datePublished\":\"2024-10-07T19:34:01+00:00\",\"dateModified\":\"2024-10-08T14:02:57+00:00\",\"breadcrumb\":{\"@id\":\"https:\\\/\\\/arnone-project.com\\\/notre-philosophie\\\/#breadcrumb\"},\"inLanguage\":\"fr-FR\",\"potentialAction\":[{\"@type\":\"ReadAction\",\"target\":[\"https:\\\/\\\/arnone-project.com\\\/notre-philosophie\\\/\"]}]},{\"@type\":\"ImageObject\",\"inLanguage\":\"fr-FR\",\"@id\":\"https:\\\/\\\/arnone-project.com\\\/notre-philosophie\\\/#primaryimage\",\"url\":\"https:\\\/\\\/arnone-project.com\\\/wp-content\\\/uploads\\\/2020\\\/10\\\/kitesurf-spot-gruissan.jpg\",\"contentUrl\":\"https:\\\/\\\/arnone-project.com\\\/wp-content\\\/uploads\\\/2020\\\/10\\\/kitesurf-spot-gruissan.jpg\"},{\"@type\":\"BreadcrumbList\",\"@id\":\"https:\\\/\\\/arnone-project.com\\\/notre-philosophie\\\/#breadcrumb\",\"itemListElement\":[{\"@type\":\"ListItem\",\"position\":1,\"name\":\"Accueil\",\"item\":\"https:\\\/\\\/arnone-project.com\\\/\"},{\"@type\":\"ListItem\",\"position\":2,\"name\":\"Notre Philosophie\"}]},{\"@type\":\"WebSite\",\"@id\":\"https:\\\/\\\/arnone-project.com\\\/#website\",\"url\":\"https:\\\/\\\/arnone-project.com\\\/\",\"name\":\"arnone-project\",\"description\":\"Fun kitesurf &amp; lifestyle \u2014 ride, freedom, ocean\",\"publisher\":{\"@id\":\"https:\\\/\\\/arnone-project.com\\\/#organization\"},\"potentialAction\":[{\"@type\":\"SearchAction\",\"target\":{\"@type\":\"EntryPoint\",\"urlTemplate\":\"https:\\\/\\\/arnone-project.com\\\/?s={search_term_string}\"},\"query-input\":{\"@type\":\"PropertyValueSpecification\",\"valueRequired\":true,\"valueName\":\"search_term_string\"}}],\"inLanguage\":\"fr-FR\"},{\"@type\":\"Organization\",\"@id\":\"https:\\\/\\\/arnone-project.com\\\/#organization\",\"name\":\"Arnone\",\"url\":\"https:\\\/\\\/arnone-project.com\\\/\",\"logo\":{\"@type\":\"ImageObject\",\"inLanguage\":\"fr-FR\",\"@id\":\"https:\\\/\\\/arnone-project.com\\\/#\\\/schema\\\/logo\\\/image\\\/\",\"url\":\"https:\\\/\\\/arnone-project.com\\\/wp-content\\\/uploads\\\/2018\\\/10\\\/arnone-project-1.gif\",\"contentUrl\":\"https:\\\/\\\/arnone-project.com\\\/wp-content\\\/uploads\\\/2018\\\/10\\\/arnone-project-1.gif\",\"width\":250,\"height\":109,\"caption\":\"Arnone\"},\"image\":{\"@id\":\"https:\\\/\\\/arnone-project.com\\\/#\\\/schema\\\/logo\\\/image\\\/\"},\"sameAs\":[\"https:\\\/\\\/www.facebook.com\\\/arnone.project\\\/\",\"https:\\\/\\\/x.com\\\/arnone_kite\",\"https:\\\/\\\/www.instagram.com\\\/arnone_kite\\\/\"]}]}<\/script>\n<!-- \/ Yoast SEO plugin. -->","yoast_head_json":{"title":"Notre Philosophie - arnone-project","robots":{"index":"index","follow":"follow","max-snippet":"max-snippet:-1","max-image-preview":"max-image-preview:large","max-video-preview":"max-video-preview:-1"},"canonical":"https:\/\/arnone-project.com\/fr\/notre-philosophie\/","og_locale":"fr_FR","og_type":"article","og_title":"Notre Philosophie - arnone-project","og_description":"Arnone : le sportwear qui respecte la plan\u00e8te ! Depuis notre premi\u00e8re collection, Arnone s&#8217;engage \u00e0 allier style et respect","og_url":"https:\/\/arnone-project.com\/fr\/notre-philosophie\/","og_site_name":"arnone-project","article_publisher":"https:\/\/www.facebook.com\/arnone.project\/","article_modified_time":"2024-10-08T14:02:57+00:00","og_image":[{"url":"https:\/\/arnone-project.com\/wp-content\/uploads\/2020\/10\/kitesurf-spot-gruissan.jpg","type":"","width":"","height":""}],"twitter_card":"summary_large_image","twitter_site":"@arnone_kite","twitter_misc":{"Dur\u00e9e de lecture estim\u00e9e":"1 minute"},"schema":{"@context":"https:\/\/schema.org","@graph":[{"@type":"WebPage","@id":"https:\/\/arnone-project.com\/notre-philosophie\/","url":"https:\/\/arnone-project.com\/notre-philosophie\/","name":"Notre Philosophie - arnone-project","isPartOf":{"@id":"https:\/\/arnone-project.com\/#website"},"primaryImageOfPage":{"@id":"https:\/\/arnone-project.com\/notre-philosophie\/#primaryimage"},"image":{"@id":"https:\/\/arnone-project.com\/notre-philosophie\/#primaryimage"},"thumbnailUrl":"https:\/\/arnone-project.com\/wp-content\/uploads\/2020\/10\/kitesurf-spot-gruissan.jpg","datePublished":"2024-10-07T19:34:01+00:00","dateModified":"2024-10-08T14:02:57+00:00","breadcrumb":{"@id":"https:\/\/arnone-project.com\/notre-philosophie\/#breadcrumb"},"inLanguage":"fr-FR","potentialAction":[{"@type":"ReadAction","target":["https:\/\/arnone-project.com\/notre-philosophie\/"]}]},{"@type":"ImageObject","inLanguage":"fr-FR","@id":"https:\/\/arnone-project.com\/notre-philosophie\/#primaryimage","url":"https:\/\/arnone-project.com\/wp-content\/uploads\/2020\/10\/kitesurf-spot-gruissan.jpg","contentUrl":"https:\/\/arnone-project.com\/wp-content\/uploads\/2020\/10\/kitesurf-spot-gruissan.jpg"},{"@type":"BreadcrumbList","@id":"https:\/\/arnone-project.com\/notre-philosophie\/#breadcrumb","itemListElement":[{"@type":"ListItem","position":1,"name":"Accueil","item":"https:\/\/arnone-project.com\/"},{"@type":"ListItem","position":2,"name":"Notre Philosophie"}]},{"@type":"WebSite","@id":"https:\/\/arnone-project.com\/#website","url":"https:\/\/arnone-project.com\/","name":"arnone-project","description":"Fun kitesurf &amp; lifestyle \u2014 ride, freedom, ocean","publisher":{"@id":"https:\/\/arnone-project.com\/#organization"},"potentialAction":[{"@type":"SearchAction","target":{"@type":"EntryPoint","urlTemplate":"https:\/\/arnone-project.com\/?s={search_term_string}"},"query-input":{"@type":"PropertyValueSpecification","valueRequired":true,"valueName":"search_term_string"}}],"inLanguage":"fr-FR"},{"@type":"Organization","@id":"https:\/\/arnone-project.com\/#organization","name":"Arnone","url":"https:\/\/arnone-project.com\/","logo":{"@type":"ImageObject","inLanguage":"fr-FR","@id":"https:\/\/arnone-project.com\/#\/schema\/logo\/image\/","url":"https:\/\/arnone-project.com\/wp-content\/uploads\/2018\/10\/arnone-project-1.gif","contentUrl":"https:\/\/arnone-project.com\/wp-content\/uploads\/2018\/10\/arnone-project-1.gif","width":250,"height":109,"caption":"Arnone"},"image":{"@id":"https:\/\/arnone-project.com\/#\/schema\/logo\/image\/"},"sameAs":["https:\/\/www.facebook.com\/arnone.project\/","https:\/\/x.com\/arnone_kite","https:\/\/www.instagram.com\/arnone_kite\/"]}]}},"_links":{"self":[{"href":"https:\/\/arnone-project.com\/fr\/wp-json\/wp\/v2\/pages\/79452","targetHints":{"allow":["GET"]}}],"collection":[{"href":"https:\/\/arnone-project.com\/fr\/wp-json\/wp\/v2\/pages"}],"about":[{"href":"https:\/\/arnone-project.com\/fr\/wp-json\/wp\/v2\/types\/page"}],"author":[{"embeddable":true,"href":"https:\/\/arnone-project.com\/fr\/wp-json\/wp\/v2\/users\/1"}],"replies":[{"embeddable":true,"href":"https:\/\/arnone-project.com\/fr\/wp-json\/wp\/v2\/comments?post=79452"}],"version-history":[{"count":0,"href":"https:\/\/arnone-project.com\/fr\/wp-json\/wp\/v2\/pages\/79452\/revisions"}],"wp:attachment":[{"href":"https:\/\/arnone-project.com\/fr\/wp-json\/wp\/v2\/media?parent=79452"}],"curies":[{"name":"wp","href":"https:\/\/api.w.org\/{rel}","templated":true}]}}