{"id":79450,"date":"2024-10-07T15:16:47","date_gmt":"2024-10-07T13:16:47","guid":{"rendered":"https:\/\/arnone-project.com\/?page_id=79450"},"modified":"2024-10-07T21:25:22","modified_gmt":"2024-10-07T19:25:22","slug":"competitions-et-evenements-kitesurf","status":"publish","type":"page","link":"https:\/\/arnone-project.com\/fr\/competitions-et-evenements-kitesurf\/","title":{"rendered":"Comp\u00e9titions et \u00e9v\u00e8nements kitesurf"},"content":{"rendered":"<figure class=\"wp-block-gallery columns-1 is-cropped wp-block-gallery-1 is-layout-flex wp-block-gallery-is-layout-flex\">\r\n<ul class=\"blocks-gallery-grid\">\r\n<li class=\"blocks-gallery-item\">\r\n<figure><img loading=\"lazy\" decoding=\"async\" width=\"1232\" height=\"480\" class=\"wp-image-79541\" src=\"https:\/\/arnone-project.com\/wp-content\/uploads\/2024\/10\/compet-kitesurf.jpg\" alt=\"\" data-id=\"79541\" data-full-url=\"https:\/\/arnone-project.com\/wp-content\/uploads\/2024\/10\/compet-kitesurf.jpg\" data-link=\"https:\/\/arnone-project.com\/competitions-et-evenements-kitesurf\/compet-kitesurf\/\" srcset=\"https:\/\/arnone-project.com\/wp-content\/uploads\/2024\/10\/compet-kitesurf.jpg 1232w, https:\/\/arnone-project.com\/wp-content\/uploads\/2024\/10\/compet-kitesurf-400x156.jpg 400w, https:\/\/arnone-project.com\/wp-content\/uploads\/2024\/10\/compet-kitesurf-768x299.jpg 768w\" sizes=\"auto, (max-width: 1232px) 100vw, 1232px\" \/><\/figure>\r\n<\/li>\r\n<\/ul>\r\n<\/figure>\r\n\r\n\r\n\r\n<div class=\"wp-block-spacer\" style=\"height: 100px;\" aria-hidden=\"true\">\u00a0<\/div>\r\n\r\n\r\n\r\n<h2 class=\"has-text-align-center\" style=\"font-size: 35px;\">Arnone : l&#8217;essence du kitesurf !<\/h2>\r\n<p>&nbsp;<\/p>\r\n\r\n\r\n\r\n<div class=\"wp-block-image\">\r\n<figure class=\"alignleft size-large is-resized\"><img loading=\"lazy\" decoding=\"async\" class=\"wp-image-79546\" src=\"https:\/\/arnone-project.com\/wp-content\/uploads\/2024\/10\/evenement-kitesurf.jpg\" alt=\"\" width=\"368\" height=\"368\" srcset=\"https:\/\/arnone-project.com\/wp-content\/uploads\/2024\/10\/evenement-kitesurf.jpg 1000w, https:\/\/arnone-project.com\/wp-content\/uploads\/2024\/10\/evenement-kitesurf-400x400.jpg 400w, https:\/\/arnone-project.com\/wp-content\/uploads\/2024\/10\/evenement-kitesurf-150x150.jpg 150w, https:\/\/arnone-project.com\/wp-content\/uploads\/2024\/10\/evenement-kitesurf-768x768.jpg 768w, https:\/\/arnone-project.com\/wp-content\/uploads\/2024\/10\/evenement-kitesurf-100x100.jpg 100w\" sizes=\"auto, (max-width: 368px) 100vw, 368px\" \/><\/figure>\r\n<\/div>\r\n<p style=\"font-size: 20px;\">Chez Arnone, nous croyons que le kitesurf est bien plus qu&#8217;un sport : c&#8217;est une passion, une aventure, une communaut\u00e9. C&#8217;est pourquoi nous nous engageons \u00e0 soutenir les comp\u00e9titions qui font vibrer notre tibu et \u00e0 promouvoir cette culture unique du kite.<\/p>\r\n\r\n\r\n\r\n<p style=\"font-size: 20px;\"><br \/>En investissant dans des \u00e9v\u00e9nements de kitesurf, nous contribuons \u00e0 cr\u00e9er des moments inoubliables, o\u00f9 les talents \u00e9mergent et o\u00f9 l&#8217;adr\u00e9naline est \u00e0 son comble.<\/p>\r\n\r\n\r\n\r\n<p><br \/>#Arnone #Kitesurf #VivezLaPassion<\/p>\r\n\r\n\r\n\r\n<div class=\"wp-block-spacer\" style=\"height: 100px;\" aria-hidden=\"true\">\u00a0<\/div>\r\n\r\n\r\n\r\n<div class=\"wp-block-columns is-layout-flex wp-container-core-columns-is-layout-9d6595d7 wp-block-columns-is-layout-flex\">\r\n<div class=\"wp-block-column is-layout-flow wp-block-column-is-layout-flow\">\r\n<div class=\"wp-block-spacer\" style=\"height: 36px;\" aria-hidden=\"true\">\u00a0<\/div>\r\n\r\n\r\n\r\n<figure class=\"wp-block-image size-large\"><a href=\"\/fr\/?p=12667\"><img loading=\"lazy\" decoding=\"async\" width=\"839\" height=\"467\" class=\"wp-image-79528\" src=\"https:\/\/arnone-project.com\/wp-content\/uploads\/2024\/10\/logo-eole-kiterace-1.png\" alt=\"\" srcset=\"https:\/\/arnone-project.com\/wp-content\/uploads\/2024\/10\/logo-eole-kiterace-1.png 839w, https:\/\/arnone-project.com\/wp-content\/uploads\/2024\/10\/logo-eole-kiterace-1-400x223.png 400w, https:\/\/arnone-project.com\/wp-content\/uploads\/2024\/10\/logo-eole-kiterace-1-768x427.png 768w\" sizes=\"auto, (max-width: 839px) 100vw, 839px\" \/><\/a><\/figure>\r\n<\/div>\r\n\r\n\r\n\r\n<div class=\"wp-block-column is-layout-flow wp-block-column-is-layout-flow\">\r\n<figure class=\"wp-block-image size-large\"><a href=\"\/fr\/?p=42943\"><img loading=\"lazy\" decoding=\"async\" width=\"1500\" height=\"1500\" class=\"wp-image-42997\" src=\"https:\/\/arnone-project.com\/wp-content\/uploads\/2019\/05\/logo-anim-1500x1500.png\" alt=\"\" srcset=\"https:\/\/arnone-project.com\/wp-content\/uploads\/2019\/05\/logo-anim-1500x1500.png 1500w, https:\/\/arnone-project.com\/wp-content\/uploads\/2019\/05\/logo-anim-150x150.png 150w, https:\/\/arnone-project.com\/wp-content\/uploads\/2019\/05\/logo-anim-300x300.png 300w, https:\/\/arnone-project.com\/wp-content\/uploads\/2019\/05\/logo-anim-768x768.png 768w, https:\/\/arnone-project.com\/wp-content\/uploads\/2019\/05\/logo-anim-45x45.png 45w, https:\/\/arnone-project.com\/wp-content\/uploads\/2019\/05\/logo-anim-1290x1290.png 1290w, https:\/\/arnone-project.com\/wp-content\/uploads\/2019\/05\/logo-anim-100x100.png 100w, https:\/\/arnone-project.com\/wp-content\/uploads\/2019\/05\/logo-anim.png 2000w\" sizes=\"auto, (max-width: 1500px) 100vw, 1500px\" \/><\/a><\/figure>\r\n<\/div>\r\n\r\n\r\n\r\n<div class=\"wp-block-column is-layout-flow wp-block-column-is-layout-flow\">\r\n<figure class=\"wp-block-image size-large\"><a href=\"\/fr\/?p=51011\"><img loading=\"lazy\" decoding=\"async\" width=\"345\" height=\"340\" class=\"wp-image-51089\" src=\"https:\/\/arnone-project.com\/wp-content\/uploads\/2019\/10\/logo-gif.gif\" alt=\"\" \/><\/a><\/figure>\r\n<\/div>\r\n<\/div>","protected":false},"excerpt":{"rendered":"<p>Arnone : l&#8217;essence du kitesurf ! &nbsp; En investissant dans des \u00e9v\u00e9nements de kitesurf, nous contribuons \u00e0 cr\u00e9er des moments<\/p>","protected":false},"author":1,"featured_media":51009,"parent":0,"menu_order":0,"comment_status":"closed","ping_status":"closed","template":"","meta":{"footnotes":""},"class_list":["post-79450","page","type-page","status-publish","has-post-thumbnail","hentry"],"yoast_head":"<!-- This site is optimized with the Yoast SEO plugin v27.3 - https:\/\/yoast.com\/product\/yoast-seo-wordpress\/ -->\n<title>Comp\u00e9titions et \u00e9v\u00e8nements kitesurf - arnone-project<\/title>\n<meta name=\"description\" content=\"Comp\u00e9titions et \u00e9venements kitesurf \u00e0 venir\" \/>\n<meta name=\"robots\" content=\"index, follow, max-snippet:-1, max-image-preview:large, max-video-preview:-1\" \/>\n<link rel=\"canonical\" href=\"https:\/\/arnone-project.com\/fr\/competitions-et-evenements-kitesurf\/\" \/>\n<meta property=\"og:locale\" content=\"fr_FR\" \/>\n<meta property=\"og:type\" content=\"article\" \/>\n<meta property=\"og:title\" content=\"Comp\u00e9titions et \u00e9v\u00e8nements kitesurf - arnone-project\" \/>\n<meta property=\"og:description\" content=\"Comp\u00e9titions et \u00e9venements kitesurf \u00e0 venir\" \/>\n<meta property=\"og:url\" content=\"https:\/\/arnone-project.com\/fr\/competitions-et-evenements-kitesurf\/\" \/>\n<meta property=\"og:site_name\" content=\"arnone-project\" \/>\n<meta property=\"article:publisher\" content=\"https:\/\/www.facebook.com\/arnone.project\/\" \/>\n<meta property=\"article:modified_time\" content=\"2024-10-07T19:25:22+00:00\" \/>\n<meta property=\"og:image\" content=\"https:\/\/arnone-project.com\/wp-content\/uploads\/2019\/10\/lycras-arnone.jpg\" \/>\n\t<meta property=\"og:image:width\" content=\"1500\" \/>\n\t<meta property=\"og:image:height\" content=\"1000\" \/>\n\t<meta property=\"og:image:type\" content=\"image\/jpeg\" \/>\n<meta name=\"twitter:card\" content=\"summary_large_image\" \/>\n<meta name=\"twitter:site\" content=\"@arnone_kite\" \/>\n<script type=\"application\/ld+json\" class=\"yoast-schema-graph\">{\"@context\":\"https:\\\/\\\/schema.org\",\"@graph\":[{\"@type\":\"WebPage\",\"@id\":\"https:\\\/\\\/arnone-project.com\\\/competitions-et-evenements-kitesurf\\\/\",\"url\":\"https:\\\/\\\/arnone-project.com\\\/competitions-et-evenements-kitesurf\\\/\",\"name\":\"Comp\u00e9titions et \u00e9v\u00e8nements kitesurf - arnone-project\",\"isPartOf\":{\"@id\":\"https:\\\/\\\/arnone-project.com\\\/#website\"},\"primaryImageOfPage\":{\"@id\":\"https:\\\/\\\/arnone-project.com\\\/competitions-et-evenements-kitesurf\\\/#primaryimage\"},\"image\":{\"@id\":\"https:\\\/\\\/arnone-project.com\\\/competitions-et-evenements-kitesurf\\\/#primaryimage\"},\"thumbnailUrl\":\"https:\\\/\\\/arnone-project.com\\\/wp-content\\\/uploads\\\/2019\\\/10\\\/lycras-arnone.jpg\",\"datePublished\":\"2024-10-07T13:16:47+00:00\",\"dateModified\":\"2024-10-07T19:25:22+00:00\",\"description\":\"Comp\u00e9titions et \u00e9venements kitesurf \u00e0 venir\",\"breadcrumb\":{\"@id\":\"https:\\\/\\\/arnone-project.com\\\/competitions-et-evenements-kitesurf\\\/#breadcrumb\"},\"inLanguage\":\"fr-FR\",\"potentialAction\":[{\"@type\":\"ReadAction\",\"target\":[\"https:\\\/\\\/arnone-project.com\\\/competitions-et-evenements-kitesurf\\\/\"]}]},{\"@type\":\"ImageObject\",\"inLanguage\":\"fr-FR\",\"@id\":\"https:\\\/\\\/arnone-project.com\\\/competitions-et-evenements-kitesurf\\\/#primaryimage\",\"url\":\"https:\\\/\\\/arnone-project.com\\\/wp-content\\\/uploads\\\/2019\\\/10\\\/lycras-arnone.jpg\",\"contentUrl\":\"https:\\\/\\\/arnone-project.com\\\/wp-content\\\/uploads\\\/2019\\\/10\\\/lycras-arnone.jpg\",\"width\":1500,\"height\":1000},{\"@type\":\"BreadcrumbList\",\"@id\":\"https:\\\/\\\/arnone-project.com\\\/competitions-et-evenements-kitesurf\\\/#breadcrumb\",\"itemListElement\":[{\"@type\":\"ListItem\",\"position\":1,\"name\":\"Accueil\",\"item\":\"https:\\\/\\\/arnone-project.com\\\/\"},{\"@type\":\"ListItem\",\"position\":2,\"name\":\"Comp\u00e9titions et \u00e9v\u00e8nements kitesurf\"}]},{\"@type\":\"WebSite\",\"@id\":\"https:\\\/\\\/arnone-project.com\\\/#website\",\"url\":\"https:\\\/\\\/arnone-project.com\\\/\",\"name\":\"arnone-project\",\"description\":\"Fun kitesurf &amp; lifestyle \u2014 ride, freedom, ocean\",\"publisher\":{\"@id\":\"https:\\\/\\\/arnone-project.com\\\/#organization\"},\"potentialAction\":[{\"@type\":\"SearchAction\",\"target\":{\"@type\":\"EntryPoint\",\"urlTemplate\":\"https:\\\/\\\/arnone-project.com\\\/?s={search_term_string}\"},\"query-input\":{\"@type\":\"PropertyValueSpecification\",\"valueRequired\":true,\"valueName\":\"search_term_string\"}}],\"inLanguage\":\"fr-FR\"},{\"@type\":\"Organization\",\"@id\":\"https:\\\/\\\/arnone-project.com\\\/#organization\",\"name\":\"Arnone\",\"url\":\"https:\\\/\\\/arnone-project.com\\\/\",\"logo\":{\"@type\":\"ImageObject\",\"inLanguage\":\"fr-FR\",\"@id\":\"https:\\\/\\\/arnone-project.com\\\/#\\\/schema\\\/logo\\\/image\\\/\",\"url\":\"https:\\\/\\\/arnone-project.com\\\/wp-content\\\/uploads\\\/2018\\\/10\\\/arnone-project-1.gif\",\"contentUrl\":\"https:\\\/\\\/arnone-project.com\\\/wp-content\\\/uploads\\\/2018\\\/10\\\/arnone-project-1.gif\",\"width\":250,\"height\":109,\"caption\":\"Arnone\"},\"image\":{\"@id\":\"https:\\\/\\\/arnone-project.com\\\/#\\\/schema\\\/logo\\\/image\\\/\"},\"sameAs\":[\"https:\\\/\\\/www.facebook.com\\\/arnone.project\\\/\",\"https:\\\/\\\/x.com\\\/arnone_kite\",\"https:\\\/\\\/www.instagram.com\\\/arnone_kite\\\/\"]}]}<\/script>\n<!-- \/ Yoast SEO plugin. -->","yoast_head_json":{"title":"Comp\u00e9titions et \u00e9v\u00e8nements kitesurf - arnone-project","description":"Comp\u00e9titions et \u00e9venements kitesurf \u00e0 venir","robots":{"index":"index","follow":"follow","max-snippet":"max-snippet:-1","max-image-preview":"max-image-preview:large","max-video-preview":"max-video-preview:-1"},"canonical":"https:\/\/arnone-project.com\/fr\/competitions-et-evenements-kitesurf\/","og_locale":"fr_FR","og_type":"article","og_title":"Comp\u00e9titions et \u00e9v\u00e8nements kitesurf - arnone-project","og_description":"Comp\u00e9titions et \u00e9venements kitesurf \u00e0 venir","og_url":"https:\/\/arnone-project.com\/fr\/competitions-et-evenements-kitesurf\/","og_site_name":"arnone-project","article_publisher":"https:\/\/www.facebook.com\/arnone.project\/","article_modified_time":"2024-10-07T19:25:22+00:00","og_image":[{"width":1500,"height":1000,"url":"https:\/\/arnone-project.com\/wp-content\/uploads\/2019\/10\/lycras-arnone.jpg","type":"image\/jpeg"}],"twitter_card":"summary_large_image","twitter_site":"@arnone_kite","schema":{"@context":"https:\/\/schema.org","@graph":[{"@type":"WebPage","@id":"https:\/\/arnone-project.com\/competitions-et-evenements-kitesurf\/","url":"https:\/\/arnone-project.com\/competitions-et-evenements-kitesurf\/","name":"Comp\u00e9titions et \u00e9v\u00e8nements kitesurf - arnone-project","isPartOf":{"@id":"https:\/\/arnone-project.com\/#website"},"primaryImageOfPage":{"@id":"https:\/\/arnone-project.com\/competitions-et-evenements-kitesurf\/#primaryimage"},"image":{"@id":"https:\/\/arnone-project.com\/competitions-et-evenements-kitesurf\/#primaryimage"},"thumbnailUrl":"https:\/\/arnone-project.com\/wp-content\/uploads\/2019\/10\/lycras-arnone.jpg","datePublished":"2024-10-07T13:16:47+00:00","dateModified":"2024-10-07T19:25:22+00:00","description":"Comp\u00e9titions et \u00e9venements kitesurf \u00e0 venir","breadcrumb":{"@id":"https:\/\/arnone-project.com\/competitions-et-evenements-kitesurf\/#breadcrumb"},"inLanguage":"fr-FR","potentialAction":[{"@type":"ReadAction","target":["https:\/\/arnone-project.com\/competitions-et-evenements-kitesurf\/"]}]},{"@type":"ImageObject","inLanguage":"fr-FR","@id":"https:\/\/arnone-project.com\/competitions-et-evenements-kitesurf\/#primaryimage","url":"https:\/\/arnone-project.com\/wp-content\/uploads\/2019\/10\/lycras-arnone.jpg","contentUrl":"https:\/\/arnone-project.com\/wp-content\/uploads\/2019\/10\/lycras-arnone.jpg","width":1500,"height":1000},{"@type":"BreadcrumbList","@id":"https:\/\/arnone-project.com\/competitions-et-evenements-kitesurf\/#breadcrumb","itemListElement":[{"@type":"ListItem","position":1,"name":"Accueil","item":"https:\/\/arnone-project.com\/"},{"@type":"ListItem","position":2,"name":"Comp\u00e9titions et \u00e9v\u00e8nements kitesurf"}]},{"@type":"WebSite","@id":"https:\/\/arnone-project.com\/#website","url":"https:\/\/arnone-project.com\/","name":"arnone-project","description":"Fun kitesurf &amp; lifestyle \u2014 ride, freedom, ocean","publisher":{"@id":"https:\/\/arnone-project.com\/#organization"},"potentialAction":[{"@type":"SearchAction","target":{"@type":"EntryPoint","urlTemplate":"https:\/\/arnone-project.com\/?s={search_term_string}"},"query-input":{"@type":"PropertyValueSpecification","valueRequired":true,"valueName":"search_term_string"}}],"inLanguage":"fr-FR"},{"@type":"Organization","@id":"https:\/\/arnone-project.com\/#organization","name":"Arnone","url":"https:\/\/arnone-project.com\/","logo":{"@type":"ImageObject","inLanguage":"fr-FR","@id":"https:\/\/arnone-project.com\/#\/schema\/logo\/image\/","url":"https:\/\/arnone-project.com\/wp-content\/uploads\/2018\/10\/arnone-project-1.gif","contentUrl":"https:\/\/arnone-project.com\/wp-content\/uploads\/2018\/10\/arnone-project-1.gif","width":250,"height":109,"caption":"Arnone"},"image":{"@id":"https:\/\/arnone-project.com\/#\/schema\/logo\/image\/"},"sameAs":["https:\/\/www.facebook.com\/arnone.project\/","https:\/\/x.com\/arnone_kite","https:\/\/www.instagram.com\/arnone_kite\/"]}]}},"_links":{"self":[{"href":"https:\/\/arnone-project.com\/fr\/wp-json\/wp\/v2\/pages\/79450","targetHints":{"allow":["GET"]}}],"collection":[{"href":"https:\/\/arnone-project.com\/fr\/wp-json\/wp\/v2\/pages"}],"about":[{"href":"https:\/\/arnone-project.com\/fr\/wp-json\/wp\/v2\/types\/page"}],"author":[{"embeddable":true,"href":"https:\/\/arnone-project.com\/fr\/wp-json\/wp\/v2\/users\/1"}],"replies":[{"embeddable":true,"href":"https:\/\/arnone-project.com\/fr\/wp-json\/wp\/v2\/comments?post=79450"}],"version-history":[{"count":0,"href":"https:\/\/arnone-project.com\/fr\/wp-json\/wp\/v2\/pages\/79450\/revisions"}],"wp:featuredmedia":[{"embeddable":true,"href":"https:\/\/arnone-project.com\/fr\/wp-json\/wp\/v2\/media\/51009"}],"wp:attachment":[{"href":"https:\/\/arnone-project.com\/fr\/wp-json\/wp\/v2\/media?parent=79450"}],"curies":[{"name":"wp","href":"https:\/\/api.w.org\/{rel}","templated":true}]}}