{"id":76268,"date":"2020-10-23T11:40:53","date_gmt":"2020-10-23T09:40:53","guid":{"rendered":"https:\/\/arnone-project.com\/?page_id=76268"},"modified":"2020-10-23T12:03:24","modified_gmt":"2020-10-23T10:03:24","slug":"affiliation","status":"publish","type":"page","link":"https:\/\/arnone-project.com\/fr\/affiliation\/","title":{"rendered":"Affiliation"},"content":{"rendered":"<div class=\"wpb-content-wrapper\"><div class=\"vc_row wpb_row vc_row-fluid\"><div class=\"wpb_column vc_column_container vc_col-sm-6\"><div class=\"vc_column-inner\"><div class=\"wpb_wrapper\">\n\t<div  class=\"wpb_single_image wpb_content_element vc_align_left\">\n\t\t\n\t\t<figure class=\"wpb_wrapper vc_figure\">\n\t\t\t<div class=\"vc_single_image-wrapper   vc_box_border_grey\"><img loading=\"lazy\" decoding=\"async\" width=\"900\" height=\"900\" src=\"https:\/\/arnone-project.com\/wp-content\/uploads\/2020\/10\/Arnone-affiliation.jpg\" class=\"vc_single_image-img attachment-full\" alt=\"Arnone affiliation\" title=\"Arnone-affiliation\" srcset=\"https:\/\/arnone-project.com\/wp-content\/uploads\/2020\/10\/Arnone-affiliation.jpg 900w, https:\/\/arnone-project.com\/wp-content\/uploads\/2020\/10\/Arnone-affiliation-400x400.jpg 400w, https:\/\/arnone-project.com\/wp-content\/uploads\/2020\/10\/Arnone-affiliation-150x150.jpg 150w, https:\/\/arnone-project.com\/wp-content\/uploads\/2020\/10\/Arnone-affiliation-768x768.jpg 768w, https:\/\/arnone-project.com\/wp-content\/uploads\/2020\/10\/Arnone-affiliation-100x100.jpg 100w\" sizes=\"auto, (max-width: 900px) 100vw, 900px\" \/><\/div>\n\t\t<\/figure>\n\t<\/div>\n<\/div><\/div><\/div><div class=\"wpb_column vc_column_container vc_col-sm-6\"><div class=\"vc_column-inner\"><div class=\"wpb_wrapper\">\n\t<div class=\"wpb_text_column wpb_content_element\" >\n\t\t<div class=\"wpb_wrapper\">\n\t\t\t<p>Vous \u00eates propri\u00e9taire d&#8217;un site internet, d&#8217;un blog, d&#8217;une cha\u00eene youtube, d&#8217;un compte instagram&#8230; li\u00e9 \u00e0 la kitesurf culture et vous souhaitez diffuser nos produits sur vos pages ?<\/p>\n<p>Nous vous proposons un programme d&#8217;Affiliation.<\/p>\n<p>Rejoignez le programme d&#8217;affiliation d&#8217;ARNONE et faites partie de notre r\u00e9seau en pleine expansion ! En tant qu&#8217;un de nos affili\u00e9s approuv\u00e9s, vous pouvez gagner des commissions en publiant des annonces ARNONE ou en cr\u00e9ant un lien vers notre site. Inscrivez-vous \u00e0 notre programme d&#8217;affiliation et aidez-nous \u00e0 r\u00e9pandre la Kitesurf Culture et la marque ARNONE !<\/p>\n<p><strong>COMMENT POSTULER ?<\/strong><\/p>\n<ol>\n<li style=\"text-align: left;\"><a href=\"\/fr\/?page_id=128\">Contactez-nous<\/a> et pr\u00e9sentez-nous votre site, blog,&#8230;<\/li>\n<li style=\"text-align: left;\">Faites-vous approuver<\/li>\n<li style=\"text-align: left;\">Affichez nos banni\u00e8res de marque et nos liens d&#8217;achat sur votre site ou votre blog et diffusez la bonne nouvelle !<\/li>\n<\/ol>\n\n\t\t<\/div>\n\t<\/div>\n<\/div><\/div><\/div><\/div>\n<\/div>","protected":false},"excerpt":{"rendered":"Vous \u00eates propri\u00e9taire d'un site internet, d'un blog, d'une cha\u00eene youtube, d'un compte instagram... li\u00e9 \u00e0 la kitesurf culture et","protected":false},"author":1,"featured_media":0,"parent":0,"menu_order":0,"comment_status":"closed","ping_status":"closed","template":"","meta":{"footnotes":""},"class_list":["post-76268","page","type-page","status-publish","hentry"],"yoast_head":"<!-- This site is optimized with the Yoast SEO plugin v27.4 - https:\/\/yoast.com\/product\/yoast-seo-wordpress\/ -->\n<title>Affiliation - arnone-project<\/title>\n<meta name=\"robots\" content=\"index, follow, max-snippet:-1, max-image-preview:large, max-video-preview:-1\" \/>\n<link rel=\"canonical\" href=\"https:\/\/arnone-project.com\/fr\/affiliation\/\" \/>\n<meta property=\"og:locale\" content=\"fr_FR\" \/>\n<meta property=\"og:type\" content=\"article\" \/>\n<meta property=\"og:title\" content=\"Affiliation - arnone-project\" \/>\n<meta property=\"og:url\" content=\"https:\/\/arnone-project.com\/fr\/affiliation\/\" \/>\n<meta property=\"og:site_name\" content=\"arnone-project\" \/>\n<meta property=\"article:publisher\" content=\"https:\/\/www.facebook.com\/arnone.project\/\" \/>\n<meta property=\"article:modified_time\" content=\"2020-10-23T10:03:24+00:00\" \/>\n<meta name=\"twitter:card\" content=\"summary_large_image\" \/>\n<meta name=\"twitter:site\" content=\"@arnone_kite\" \/>\n<meta name=\"twitter:label1\" content=\"Dur\u00e9e de lecture estim\u00e9e\" \/>\n\t<meta name=\"twitter:data1\" content=\"1 minute\" \/>\n<script type=\"application\/ld+json\" class=\"yoast-schema-graph\">{\"@context\":\"https:\\\/\\\/schema.org\",\"@graph\":[{\"@type\":\"WebPage\",\"@id\":\"https:\\\/\\\/arnone-project.com\\\/affiliation\\\/\",\"url\":\"https:\\\/\\\/arnone-project.com\\\/affiliation\\\/\",\"name\":\"Affiliation - arnone-project\",\"isPartOf\":{\"@id\":\"https:\\\/\\\/arnone-project.com\\\/#website\"},\"datePublished\":\"2020-10-23T09:40:53+00:00\",\"dateModified\":\"2020-10-23T10:03:24+00:00\",\"breadcrumb\":{\"@id\":\"https:\\\/\\\/arnone-project.com\\\/affiliation\\\/#breadcrumb\"},\"inLanguage\":\"fr-FR\",\"potentialAction\":[{\"@type\":\"ReadAction\",\"target\":[\"https:\\\/\\\/arnone-project.com\\\/affiliation\\\/\"]}]},{\"@type\":\"BreadcrumbList\",\"@id\":\"https:\\\/\\\/arnone-project.com\\\/affiliation\\\/#breadcrumb\",\"itemListElement\":[{\"@type\":\"ListItem\",\"position\":1,\"name\":\"Accueil\",\"item\":\"https:\\\/\\\/arnone-project.com\\\/\"},{\"@type\":\"ListItem\",\"position\":2,\"name\":\"Affiliation\"}]},{\"@type\":\"WebSite\",\"@id\":\"https:\\\/\\\/arnone-project.com\\\/#website\",\"url\":\"https:\\\/\\\/arnone-project.com\\\/\",\"name\":\"arnone-project\",\"description\":\"Fun kitesurf &amp; lifestyle \u2014 ride, freedom, ocean\",\"publisher\":{\"@id\":\"https:\\\/\\\/arnone-project.com\\\/#organization\"},\"potentialAction\":[{\"@type\":\"SearchAction\",\"target\":{\"@type\":\"EntryPoint\",\"urlTemplate\":\"https:\\\/\\\/arnone-project.com\\\/?s={search_term_string}\"},\"query-input\":{\"@type\":\"PropertyValueSpecification\",\"valueRequired\":true,\"valueName\":\"search_term_string\"}}],\"inLanguage\":\"fr-FR\"},{\"@type\":\"Organization\",\"@id\":\"https:\\\/\\\/arnone-project.com\\\/#organization\",\"name\":\"Arnone\",\"url\":\"https:\\\/\\\/arnone-project.com\\\/\",\"logo\":{\"@type\":\"ImageObject\",\"inLanguage\":\"fr-FR\",\"@id\":\"https:\\\/\\\/arnone-project.com\\\/#\\\/schema\\\/logo\\\/image\\\/\",\"url\":\"https:\\\/\\\/arnone-project.com\\\/wp-content\\\/uploads\\\/2018\\\/10\\\/arnone-project-1.gif\",\"contentUrl\":\"https:\\\/\\\/arnone-project.com\\\/wp-content\\\/uploads\\\/2018\\\/10\\\/arnone-project-1.gif\",\"width\":250,\"height\":109,\"caption\":\"Arnone\"},\"image\":{\"@id\":\"https:\\\/\\\/arnone-project.com\\\/#\\\/schema\\\/logo\\\/image\\\/\"},\"sameAs\":[\"https:\\\/\\\/www.facebook.com\\\/arnone.project\\\/\",\"https:\\\/\\\/x.com\\\/arnone_kite\",\"https:\\\/\\\/www.instagram.com\\\/arnone_kite\\\/\"]}]}<\/script>\n<!-- \/ Yoast SEO plugin. -->","yoast_head_json":{"title":"Affiliation - arnone-project","robots":{"index":"index","follow":"follow","max-snippet":"max-snippet:-1","max-image-preview":"max-image-preview:large","max-video-preview":"max-video-preview:-1"},"canonical":"https:\/\/arnone-project.com\/fr\/affiliation\/","og_locale":"fr_FR","og_type":"article","og_title":"Affiliation - arnone-project","og_url":"https:\/\/arnone-project.com\/fr\/affiliation\/","og_site_name":"arnone-project","article_publisher":"https:\/\/www.facebook.com\/arnone.project\/","article_modified_time":"2020-10-23T10:03:24+00:00","twitter_card":"summary_large_image","twitter_site":"@arnone_kite","twitter_misc":{"Dur\u00e9e de lecture estim\u00e9e":"1 minute"},"schema":{"@context":"https:\/\/schema.org","@graph":[{"@type":"WebPage","@id":"https:\/\/arnone-project.com\/affiliation\/","url":"https:\/\/arnone-project.com\/affiliation\/","name":"Affiliation - arnone-project","isPartOf":{"@id":"https:\/\/arnone-project.com\/#website"},"datePublished":"2020-10-23T09:40:53+00:00","dateModified":"2020-10-23T10:03:24+00:00","breadcrumb":{"@id":"https:\/\/arnone-project.com\/affiliation\/#breadcrumb"},"inLanguage":"fr-FR","potentialAction":[{"@type":"ReadAction","target":["https:\/\/arnone-project.com\/affiliation\/"]}]},{"@type":"BreadcrumbList","@id":"https:\/\/arnone-project.com\/affiliation\/#breadcrumb","itemListElement":[{"@type":"ListItem","position":1,"name":"Accueil","item":"https:\/\/arnone-project.com\/"},{"@type":"ListItem","position":2,"name":"Affiliation"}]},{"@type":"WebSite","@id":"https:\/\/arnone-project.com\/#website","url":"https:\/\/arnone-project.com\/","name":"arnone-project","description":"Fun kitesurf &amp; lifestyle \u2014 ride, freedom, ocean","publisher":{"@id":"https:\/\/arnone-project.com\/#organization"},"potentialAction":[{"@type":"SearchAction","target":{"@type":"EntryPoint","urlTemplate":"https:\/\/arnone-project.com\/?s={search_term_string}"},"query-input":{"@type":"PropertyValueSpecification","valueRequired":true,"valueName":"search_term_string"}}],"inLanguage":"fr-FR"},{"@type":"Organization","@id":"https:\/\/arnone-project.com\/#organization","name":"Arnone","url":"https:\/\/arnone-project.com\/","logo":{"@type":"ImageObject","inLanguage":"fr-FR","@id":"https:\/\/arnone-project.com\/#\/schema\/logo\/image\/","url":"https:\/\/arnone-project.com\/wp-content\/uploads\/2018\/10\/arnone-project-1.gif","contentUrl":"https:\/\/arnone-project.com\/wp-content\/uploads\/2018\/10\/arnone-project-1.gif","width":250,"height":109,"caption":"Arnone"},"image":{"@id":"https:\/\/arnone-project.com\/#\/schema\/logo\/image\/"},"sameAs":["https:\/\/www.facebook.com\/arnone.project\/","https:\/\/x.com\/arnone_kite","https:\/\/www.instagram.com\/arnone_kite\/"]}]}},"_links":{"self":[{"href":"https:\/\/arnone-project.com\/fr\/wp-json\/wp\/v2\/pages\/76268","targetHints":{"allow":["GET"]}}],"collection":[{"href":"https:\/\/arnone-project.com\/fr\/wp-json\/wp\/v2\/pages"}],"about":[{"href":"https:\/\/arnone-project.com\/fr\/wp-json\/wp\/v2\/types\/page"}],"author":[{"embeddable":true,"href":"https:\/\/arnone-project.com\/fr\/wp-json\/wp\/v2\/users\/1"}],"replies":[{"embeddable":true,"href":"https:\/\/arnone-project.com\/fr\/wp-json\/wp\/v2\/comments?post=76268"}],"version-history":[{"count":0,"href":"https:\/\/arnone-project.com\/fr\/wp-json\/wp\/v2\/pages\/76268\/revisions"}],"wp:attachment":[{"href":"https:\/\/arnone-project.com\/fr\/wp-json\/wp\/v2\/media?parent=76268"}],"curies":[{"name":"wp","href":"https:\/\/api.w.org\/{rel}","templated":true}]}}