{"id":5080,"date":"2014-10-06T20:03:31","date_gmt":"2014-10-06T19:03:31","guid":{"rendered":"https:\/\/arnone-project.com\/?page_id=5080"},"modified":"2020-10-06T19:53:03","modified_gmt":"2020-10-06T17:53:03","slug":"retours-et-echanges","status":"publish","type":"page","link":"https:\/\/arnone-project.com\/fr\/retours-et-echanges\/","title":{"rendered":"Retours et \u00e9changes"},"content":{"rendered":"<p>Politique de retour<\/p>\n<div class=\"rte\">\n<h1>Retours, \u00e9changes et remboursements<\/h1>\n<p>Vous disposez d&#8217;un d\u00e9lais de 30 jours pour retourner vos articles.<\/p>\n<p><strong>Conditions de retours\u00a0<\/strong><br \/>\nLes frais de retours d&#8217;articles pour r\u00e9tractation ou \u00e9change sont \u00e0 la charge du client.<br \/>\nLes produits doivent \u00eatre retourn\u00e9s &#8220;neufs&#8221; :<br \/>\n&gt; Dans leur emballage d&#8217;origine\u00a0(\u00e9tiquette toujours accroch\u00e9e au produit)<br \/>\n&gt; Produits non port\u00e9s<br \/>\n&gt; Produits non lav\u00e9s<\/p>\n<p><strong>Adresse de retour\u00a0<\/strong><br \/>\nLes articles doivent \u00eatre retourn\u00e9s \u00e0 l&#8217;adresse suivante, accompagn\u00e9s de votre nom et num\u00e9ro de commande :<br \/>\nARNONE<br \/>\n37 route de Carcassonne<br \/>\n11300 Limoux<\/p>\n<p><strong>Echange<\/strong><br \/>\nLe client peut proc\u00e9der \u00e0 un \u00e9change si et seulement si le produit est au m\u00eame tarif (en g\u00e9n\u00e9ral il faut rester dans la m\u00eame cat\u00e9gorie, et ne pas passer d&#8217;une taille adulte \u00e0 une taille enfant &#8211; ou vice versa).<br \/>\nUne fois le produit retourn\u00e9 et r\u00e9ceptionn\u00e9 par l&#8217;entrep\u00f4t, ARNONE proc\u00e9dera \u00e0 l&#8217;\u00e9change des articles \u00e0 ses propres frais.<br \/>\nMerci de pr\u00e9venir le service client (contact@arnone-project.com) pour faciliter les \u00e9changes.<\/p>\n<p><strong>Remboursement<\/strong><br \/>\nLes remboursements doivent respecter les conditions de retour.<br \/>\nLes remboursements des produits seront effectu\u00e9s par ARNONE dans un d\u00e9lai maximum de 30 jours apr\u00e8s la r\u00e9ception par elle desdits produits. Le remboursement s\u2019effectuera suivant le m\u00eame mode de r\u00e8glement choisi par le client au moment de sa commande ou par la remise de bon d\u2019achat.<\/p>\n<p>Merci de pr\u00e9venir le service client (contact@arnone-project.com) pour tout retour pour faciliter les \u00e9changes ou remboursements.<\/p>\n<\/div>","protected":false},"excerpt":{"rendered":"<p>Politique de retour Retours, \u00e9changes et remboursements Vous disposez d&#8217;un d\u00e9lais de 30 jours pour retourner vos articles. Conditions de<\/p>","protected":false},"author":1,"featured_media":0,"parent":0,"menu_order":0,"comment_status":"closed","ping_status":"closed","template":"","meta":{"footnotes":""},"class_list":["post-5080","page","type-page","status-publish","hentry"],"yoast_head":"<!-- This site is optimized with the Yoast SEO plugin v27.4 - https:\/\/yoast.com\/product\/yoast-seo-wordpress\/ -->\n<title>Retours et \u00e9changes - arnone-project<\/title>\n<meta name=\"robots\" content=\"index, follow, max-snippet:-1, max-image-preview:large, max-video-preview:-1\" \/>\n<link rel=\"canonical\" href=\"https:\/\/arnone-project.com\/fr\/retours-et-echanges\/\" \/>\n<meta property=\"og:locale\" content=\"fr_FR\" \/>\n<meta property=\"og:type\" content=\"article\" \/>\n<meta property=\"og:title\" content=\"Retours et \u00e9changes - arnone-project\" \/>\n<meta property=\"og:description\" content=\"Politique de retour Retours, \u00e9changes et remboursements Vous disposez d&#8217;un d\u00e9lais de 30 jours pour retourner vos articles. Conditions de\" \/>\n<meta property=\"og:url\" content=\"https:\/\/arnone-project.com\/fr\/retours-et-echanges\/\" \/>\n<meta property=\"og:site_name\" content=\"arnone-project\" \/>\n<meta property=\"article:publisher\" content=\"https:\/\/www.facebook.com\/arnone.project\/\" \/>\n<meta property=\"article:modified_time\" content=\"2020-10-06T17:53:03+00:00\" \/>\n<meta name=\"twitter:card\" content=\"summary_large_image\" \/>\n<meta name=\"twitter:site\" content=\"@arnone_kite\" \/>\n<meta name=\"twitter:label1\" content=\"Dur\u00e9e de lecture estim\u00e9e\" \/>\n\t<meta name=\"twitter:data1\" content=\"1 minute\" \/>\n<script type=\"application\/ld+json\" class=\"yoast-schema-graph\">{\"@context\":\"https:\\\/\\\/schema.org\",\"@graph\":[{\"@type\":\"WebPage\",\"@id\":\"https:\\\/\\\/arnone-project.com\\\/retours-et-echanges\\\/\",\"url\":\"https:\\\/\\\/arnone-project.com\\\/retours-et-echanges\\\/\",\"name\":\"Retours et \u00e9changes - arnone-project\",\"isPartOf\":{\"@id\":\"https:\\\/\\\/arnone-project.com\\\/#website\"},\"datePublished\":\"2014-10-06T19:03:31+00:00\",\"dateModified\":\"2020-10-06T17:53:03+00:00\",\"breadcrumb\":{\"@id\":\"https:\\\/\\\/arnone-project.com\\\/retours-et-echanges\\\/#breadcrumb\"},\"inLanguage\":\"fr-FR\",\"potentialAction\":[{\"@type\":\"ReadAction\",\"target\":[\"https:\\\/\\\/arnone-project.com\\\/retours-et-echanges\\\/\"]}]},{\"@type\":\"BreadcrumbList\",\"@id\":\"https:\\\/\\\/arnone-project.com\\\/retours-et-echanges\\\/#breadcrumb\",\"itemListElement\":[{\"@type\":\"ListItem\",\"position\":1,\"name\":\"Accueil\",\"item\":\"https:\\\/\\\/arnone-project.com\\\/\"},{\"@type\":\"ListItem\",\"position\":2,\"name\":\"Retours et \u00e9changes\"}]},{\"@type\":\"WebSite\",\"@id\":\"https:\\\/\\\/arnone-project.com\\\/#website\",\"url\":\"https:\\\/\\\/arnone-project.com\\\/\",\"name\":\"arnone-project\",\"description\":\"Fun kitesurf &amp; lifestyle \u2014 ride, freedom, ocean\",\"publisher\":{\"@id\":\"https:\\\/\\\/arnone-project.com\\\/#organization\"},\"potentialAction\":[{\"@type\":\"SearchAction\",\"target\":{\"@type\":\"EntryPoint\",\"urlTemplate\":\"https:\\\/\\\/arnone-project.com\\\/?s={search_term_string}\"},\"query-input\":{\"@type\":\"PropertyValueSpecification\",\"valueRequired\":true,\"valueName\":\"search_term_string\"}}],\"inLanguage\":\"fr-FR\"},{\"@type\":\"Organization\",\"@id\":\"https:\\\/\\\/arnone-project.com\\\/#organization\",\"name\":\"Arnone\",\"url\":\"https:\\\/\\\/arnone-project.com\\\/\",\"logo\":{\"@type\":\"ImageObject\",\"inLanguage\":\"fr-FR\",\"@id\":\"https:\\\/\\\/arnone-project.com\\\/#\\\/schema\\\/logo\\\/image\\\/\",\"url\":\"https:\\\/\\\/arnone-project.com\\\/wp-content\\\/uploads\\\/2018\\\/10\\\/arnone-project-1.gif\",\"contentUrl\":\"https:\\\/\\\/arnone-project.com\\\/wp-content\\\/uploads\\\/2018\\\/10\\\/arnone-project-1.gif\",\"width\":250,\"height\":109,\"caption\":\"Arnone\"},\"image\":{\"@id\":\"https:\\\/\\\/arnone-project.com\\\/#\\\/schema\\\/logo\\\/image\\\/\"},\"sameAs\":[\"https:\\\/\\\/www.facebook.com\\\/arnone.project\\\/\",\"https:\\\/\\\/x.com\\\/arnone_kite\",\"https:\\\/\\\/www.instagram.com\\\/arnone_kite\\\/\"]}]}<\/script>\n<!-- \/ Yoast SEO plugin. -->","yoast_head_json":{"title":"Retours et \u00e9changes - arnone-project","robots":{"index":"index","follow":"follow","max-snippet":"max-snippet:-1","max-image-preview":"max-image-preview:large","max-video-preview":"max-video-preview:-1"},"canonical":"https:\/\/arnone-project.com\/fr\/retours-et-echanges\/","og_locale":"fr_FR","og_type":"article","og_title":"Retours et \u00e9changes - arnone-project","og_description":"Politique de retour Retours, \u00e9changes et remboursements Vous disposez d&#8217;un d\u00e9lais de 30 jours pour retourner vos articles. Conditions de","og_url":"https:\/\/arnone-project.com\/fr\/retours-et-echanges\/","og_site_name":"arnone-project","article_publisher":"https:\/\/www.facebook.com\/arnone.project\/","article_modified_time":"2020-10-06T17:53:03+00:00","twitter_card":"summary_large_image","twitter_site":"@arnone_kite","twitter_misc":{"Dur\u00e9e de lecture estim\u00e9e":"1 minute"},"schema":{"@context":"https:\/\/schema.org","@graph":[{"@type":"WebPage","@id":"https:\/\/arnone-project.com\/retours-et-echanges\/","url":"https:\/\/arnone-project.com\/retours-et-echanges\/","name":"Retours et \u00e9changes - arnone-project","isPartOf":{"@id":"https:\/\/arnone-project.com\/#website"},"datePublished":"2014-10-06T19:03:31+00:00","dateModified":"2020-10-06T17:53:03+00:00","breadcrumb":{"@id":"https:\/\/arnone-project.com\/retours-et-echanges\/#breadcrumb"},"inLanguage":"fr-FR","potentialAction":[{"@type":"ReadAction","target":["https:\/\/arnone-project.com\/retours-et-echanges\/"]}]},{"@type":"BreadcrumbList","@id":"https:\/\/arnone-project.com\/retours-et-echanges\/#breadcrumb","itemListElement":[{"@type":"ListItem","position":1,"name":"Accueil","item":"https:\/\/arnone-project.com\/"},{"@type":"ListItem","position":2,"name":"Retours et \u00e9changes"}]},{"@type":"WebSite","@id":"https:\/\/arnone-project.com\/#website","url":"https:\/\/arnone-project.com\/","name":"arnone-project","description":"Fun kitesurf &amp; lifestyle \u2014 ride, freedom, ocean","publisher":{"@id":"https:\/\/arnone-project.com\/#organization"},"potentialAction":[{"@type":"SearchAction","target":{"@type":"EntryPoint","urlTemplate":"https:\/\/arnone-project.com\/?s={search_term_string}"},"query-input":{"@type":"PropertyValueSpecification","valueRequired":true,"valueName":"search_term_string"}}],"inLanguage":"fr-FR"},{"@type":"Organization","@id":"https:\/\/arnone-project.com\/#organization","name":"Arnone","url":"https:\/\/arnone-project.com\/","logo":{"@type":"ImageObject","inLanguage":"fr-FR","@id":"https:\/\/arnone-project.com\/#\/schema\/logo\/image\/","url":"https:\/\/arnone-project.com\/wp-content\/uploads\/2018\/10\/arnone-project-1.gif","contentUrl":"https:\/\/arnone-project.com\/wp-content\/uploads\/2018\/10\/arnone-project-1.gif","width":250,"height":109,"caption":"Arnone"},"image":{"@id":"https:\/\/arnone-project.com\/#\/schema\/logo\/image\/"},"sameAs":["https:\/\/www.facebook.com\/arnone.project\/","https:\/\/x.com\/arnone_kite","https:\/\/www.instagram.com\/arnone_kite\/"]}]}},"_links":{"self":[{"href":"https:\/\/arnone-project.com\/fr\/wp-json\/wp\/v2\/pages\/5080","targetHints":{"allow":["GET"]}}],"collection":[{"href":"https:\/\/arnone-project.com\/fr\/wp-json\/wp\/v2\/pages"}],"about":[{"href":"https:\/\/arnone-project.com\/fr\/wp-json\/wp\/v2\/types\/page"}],"author":[{"embeddable":true,"href":"https:\/\/arnone-project.com\/fr\/wp-json\/wp\/v2\/users\/1"}],"replies":[{"embeddable":true,"href":"https:\/\/arnone-project.com\/fr\/wp-json\/wp\/v2\/comments?post=5080"}],"version-history":[{"count":0,"href":"https:\/\/arnone-project.com\/fr\/wp-json\/wp\/v2\/pages\/5080\/revisions"}],"wp:attachment":[{"href":"https:\/\/arnone-project.com\/fr\/wp-json\/wp\/v2\/media?parent=5080"}],"curies":[{"name":"wp","href":"https:\/\/api.w.org\/{rel}","templated":true}]}}