{"id":50269,"date":"2019-10-10T14:05:54","date_gmt":"2019-10-10T13:05:54","guid":{"rendered":"https:\/\/arnone-project.com\/?page_id=50269"},"modified":"2019-10-22T15:39:19","modified_gmt":"2019-10-22T14:39:19","slug":"cadeau-kitesurf","status":"publish","type":"page","link":"https:\/\/arnone-project.com\/fr\/cadeau-kitesurf\/","title":{"rendered":"Cadeau kitesurf"},"content":{"rendered":"<figure class=\"wp-block-image\"><img loading=\"lazy\" decoding=\"async\" width=\"1000\" height=\"660\" src=\"https:\/\/arnone-project.com\/wp-content\/uploads\/2018\/12\/full-moon-session.jpg\" alt=\"maxile full moon kite session\" class=\"wp-image-42198\" srcset=\"https:\/\/arnone-project.com\/wp-content\/uploads\/2018\/12\/full-moon-session.jpg 1000w, https:\/\/arnone-project.com\/wp-content\/uploads\/2018\/12\/full-moon-session-300x198.jpg 300w, https:\/\/arnone-project.com\/wp-content\/uploads\/2018\/12\/full-moon-session-768x507.jpg 768w\" sizes=\"auto, (max-width: 1000px) 100vw, 1000px\" \/><\/figure>\n\n\n\n<h2 class=\"wp-block-heading\" style=\"text-align:center\">Vous \u00eates \u00e0 la recherche d&#8217;un<strong> cadeau<\/strong> pour offrir \u00e0 un <strong>kitesurfer <\/strong>(ou kitesurfeuse) ?<\/h2>\n\n\n\n<p style=\"text-align:center\" class=\"has-medium-font-size\"><a href=\"\/fr\/?page_id=15\">Arnone <\/a>a certainement ce qu&#8217;il vous faut !<\/p>\n\n\n\n<p style=\"text-align:center\" class=\"has-medium-font-size\"><a href=\"\/fr\/?page_id=15\">Arnone <\/a>vous propose une collection de t-shirts et sweat-shirts destin\u00e9s \u00e0 tous les passionn\u00e9s de kitesurf, d&#8217;adr\u00e9naline et de libert\u00e9.<\/p>\n\n\n\n<p style=\"text-align:center\" class=\"has-medium-font-size\">Les t-shirts et sweat-shirts <a href=\"\/fr\/?page_id=15\">Arnone <\/a>sont fabriqu\u00e9s \u00e0 partir de coton biologique pour le plus grand respect de nos oc\u00e9ans.<\/p>\n\n\n\n<p style=\"text-align:center\" class=\"has-medium-font-size\">Tous les t-shirts sont \u00e9dit\u00e9s en \u00e9dition limit\u00e9e.<\/p>\n\n\n\n<p style=\"font-size:27px;text-align:center\" class=\"has-text-color has-background has-very-dark-gray-color has-very-light-gray-background-color\"><strong>Les frais de port sont gratuits.<\/strong><\/p>\n\n\n\n\n\n<div class=\"wp-block-button aligncenter is-style-outline is-style-outline--1\"><a class=\"wp-block-button__link has-text-color has-very-dark-gray-color has-background has-light-green-cyan-background-color\" href=\"\/fr\/?page_id=15\"><strong>> voir tous les t-shirts<\/strong><\/a><\/div>\n\n\n\n<p style=\"text-align:center\" class=\"has-medium-font-size\">Si quelque chose n&#8217;allait pas (probl\u00e8me de taille, coloris ou autre,&#8230;), vous disposez de  <strong><a href=\"\/fr\/?page_id=5080\">30 jours<\/a><\/strong><a href=\"\/fr\/?page_id=5080\"> pour effectuer un retour<\/a>  \u00e0 compter de la date de r\u00e9ception du colis <\/p>\n\n\n\n<p><\/p>\n\n\n\n<p style=\"text-align:center\" class=\"has-medium-font-size\">\nVous ne connaissait pas la taille ou les go\u00fbts du kitesurfeur ou de la \nkitesurfeuse en question, no stress, Arnone vous propose des <a href=\"\/fr\/?product_cat=carte-cadeau\"><strong>cartes cadeaux<\/strong><\/a> \u00e0 offrir. \n\n<\/p>\n\n\n\n\n\n<p><\/p>\n\n\n\n<p><\/p>","protected":false},"excerpt":{"rendered":"<p>Vous \u00eates \u00e0 la recherche d&#8217;un cadeau pour offrir \u00e0 un kitesurfer (ou kitesurfeuse) ? Arnone a certainement ce qu&#8217;il<\/p>","protected":false},"author":1,"featured_media":45415,"parent":0,"menu_order":0,"comment_status":"closed","ping_status":"closed","template":"","meta":{"footnotes":""},"class_list":["post-50269","page","type-page","status-publish","has-post-thumbnail","hentry"],"yoast_head":"<!-- This site is optimized with the Yoast SEO plugin v27.4 - https:\/\/yoast.com\/product\/yoast-seo-wordpress\/ -->\n<title>Cadeau kitesurf - arnone-project<\/title>\n<meta name=\"robots\" content=\"index, follow, max-snippet:-1, max-image-preview:large, max-video-preview:-1\" \/>\n<link rel=\"canonical\" href=\"https:\/\/arnone-project.com\/fr\/cadeau-kitesurf\/\" \/>\n<meta property=\"og:locale\" content=\"fr_FR\" \/>\n<meta property=\"og:type\" content=\"article\" \/>\n<meta property=\"og:title\" content=\"Cadeau kitesurf - arnone-project\" \/>\n<meta property=\"og:description\" content=\"Vous \u00eates \u00e0 la recherche d&#8217;un cadeau pour offrir \u00e0 un kitesurfer (ou kitesurfeuse) ? Arnone a certainement ce qu&#8217;il\" \/>\n<meta property=\"og:url\" content=\"https:\/\/arnone-project.com\/fr\/cadeau-kitesurf\/\" \/>\n<meta property=\"og:site_name\" content=\"arnone-project\" \/>\n<meta property=\"article:publisher\" content=\"https:\/\/www.facebook.com\/arnone.project\/\" \/>\n<meta property=\"article:modified_time\" content=\"2019-10-22T14:39:19+00:00\" \/>\n<meta property=\"og:image\" content=\"https:\/\/arnone-project.com\/wp-content\/uploads\/2019\/07\/arnone-kite-2.jpg\" \/>\n\t<meta property=\"og:image:width\" content=\"800\" \/>\n\t<meta property=\"og:image:height\" content=\"800\" \/>\n\t<meta property=\"og:image:type\" content=\"image\/jpeg\" \/>\n<meta name=\"twitter:card\" content=\"summary_large_image\" \/>\n<meta name=\"twitter:site\" content=\"@arnone_kite\" \/>\n<meta name=\"twitter:label1\" content=\"Dur\u00e9e de lecture estim\u00e9e\" \/>\n\t<meta name=\"twitter:data1\" content=\"1 minute\" \/>\n<script type=\"application\/ld+json\" class=\"yoast-schema-graph\">{\"@context\":\"https:\\\/\\\/schema.org\",\"@graph\":[{\"@type\":\"WebPage\",\"@id\":\"https:\\\/\\\/arnone-project.com\\\/cadeau-kitesurf\\\/\",\"url\":\"https:\\\/\\\/arnone-project.com\\\/cadeau-kitesurf\\\/\",\"name\":\"Cadeau kitesurf - arnone-project\",\"isPartOf\":{\"@id\":\"https:\\\/\\\/arnone-project.com\\\/#website\"},\"primaryImageOfPage\":{\"@id\":\"https:\\\/\\\/arnone-project.com\\\/cadeau-kitesurf\\\/#primaryimage\"},\"image\":{\"@id\":\"https:\\\/\\\/arnone-project.com\\\/cadeau-kitesurf\\\/#primaryimage\"},\"thumbnailUrl\":\"https:\\\/\\\/arnone-project.com\\\/wp-content\\\/uploads\\\/2019\\\/07\\\/arnone-kite-2.jpg\",\"datePublished\":\"2019-10-10T13:05:54+00:00\",\"dateModified\":\"2019-10-22T14:39:19+00:00\",\"breadcrumb\":{\"@id\":\"https:\\\/\\\/arnone-project.com\\\/cadeau-kitesurf\\\/#breadcrumb\"},\"inLanguage\":\"fr-FR\",\"potentialAction\":[{\"@type\":\"ReadAction\",\"target\":[\"https:\\\/\\\/arnone-project.com\\\/cadeau-kitesurf\\\/\"]}]},{\"@type\":\"ImageObject\",\"inLanguage\":\"fr-FR\",\"@id\":\"https:\\\/\\\/arnone-project.com\\\/cadeau-kitesurf\\\/#primaryimage\",\"url\":\"https:\\\/\\\/arnone-project.com\\\/wp-content\\\/uploads\\\/2019\\\/07\\\/arnone-kite-2.jpg\",\"contentUrl\":\"https:\\\/\\\/arnone-project.com\\\/wp-content\\\/uploads\\\/2019\\\/07\\\/arnone-kite-2.jpg\",\"width\":800,\"height\":800},{\"@type\":\"BreadcrumbList\",\"@id\":\"https:\\\/\\\/arnone-project.com\\\/cadeau-kitesurf\\\/#breadcrumb\",\"itemListElement\":[{\"@type\":\"ListItem\",\"position\":1,\"name\":\"Accueil\",\"item\":\"https:\\\/\\\/arnone-project.com\\\/\"},{\"@type\":\"ListItem\",\"position\":2,\"name\":\"Cadeau kitesurf\"}]},{\"@type\":\"WebSite\",\"@id\":\"https:\\\/\\\/arnone-project.com\\\/#website\",\"url\":\"https:\\\/\\\/arnone-project.com\\\/\",\"name\":\"arnone-project\",\"description\":\"Fun kitesurf &amp; lifestyle \u2014 ride, freedom, ocean\",\"publisher\":{\"@id\":\"https:\\\/\\\/arnone-project.com\\\/#organization\"},\"potentialAction\":[{\"@type\":\"SearchAction\",\"target\":{\"@type\":\"EntryPoint\",\"urlTemplate\":\"https:\\\/\\\/arnone-project.com\\\/?s={search_term_string}\"},\"query-input\":{\"@type\":\"PropertyValueSpecification\",\"valueRequired\":true,\"valueName\":\"search_term_string\"}}],\"inLanguage\":\"fr-FR\"},{\"@type\":\"Organization\",\"@id\":\"https:\\\/\\\/arnone-project.com\\\/#organization\",\"name\":\"Arnone\",\"url\":\"https:\\\/\\\/arnone-project.com\\\/\",\"logo\":{\"@type\":\"ImageObject\",\"inLanguage\":\"fr-FR\",\"@id\":\"https:\\\/\\\/arnone-project.com\\\/#\\\/schema\\\/logo\\\/image\\\/\",\"url\":\"https:\\\/\\\/arnone-project.com\\\/wp-content\\\/uploads\\\/2018\\\/10\\\/arnone-project-1.gif\",\"contentUrl\":\"https:\\\/\\\/arnone-project.com\\\/wp-content\\\/uploads\\\/2018\\\/10\\\/arnone-project-1.gif\",\"width\":250,\"height\":109,\"caption\":\"Arnone\"},\"image\":{\"@id\":\"https:\\\/\\\/arnone-project.com\\\/#\\\/schema\\\/logo\\\/image\\\/\"},\"sameAs\":[\"https:\\\/\\\/www.facebook.com\\\/arnone.project\\\/\",\"https:\\\/\\\/x.com\\\/arnone_kite\",\"https:\\\/\\\/www.instagram.com\\\/arnone_kite\\\/\"]}]}<\/script>\n<!-- \/ Yoast SEO plugin. -->","yoast_head_json":{"title":"Cadeau kitesurf - arnone-project","robots":{"index":"index","follow":"follow","max-snippet":"max-snippet:-1","max-image-preview":"max-image-preview:large","max-video-preview":"max-video-preview:-1"},"canonical":"https:\/\/arnone-project.com\/fr\/cadeau-kitesurf\/","og_locale":"fr_FR","og_type":"article","og_title":"Cadeau kitesurf - arnone-project","og_description":"Vous \u00eates \u00e0 la recherche d&#8217;un cadeau pour offrir \u00e0 un kitesurfer (ou kitesurfeuse) ? Arnone a certainement ce qu&#8217;il","og_url":"https:\/\/arnone-project.com\/fr\/cadeau-kitesurf\/","og_site_name":"arnone-project","article_publisher":"https:\/\/www.facebook.com\/arnone.project\/","article_modified_time":"2019-10-22T14:39:19+00:00","og_image":[{"width":800,"height":800,"url":"https:\/\/arnone-project.com\/wp-content\/uploads\/2019\/07\/arnone-kite-2.jpg","type":"image\/jpeg"}],"twitter_card":"summary_large_image","twitter_site":"@arnone_kite","twitter_misc":{"Dur\u00e9e de lecture estim\u00e9e":"1 minute"},"schema":{"@context":"https:\/\/schema.org","@graph":[{"@type":"WebPage","@id":"https:\/\/arnone-project.com\/cadeau-kitesurf\/","url":"https:\/\/arnone-project.com\/cadeau-kitesurf\/","name":"Cadeau kitesurf - arnone-project","isPartOf":{"@id":"https:\/\/arnone-project.com\/#website"},"primaryImageOfPage":{"@id":"https:\/\/arnone-project.com\/cadeau-kitesurf\/#primaryimage"},"image":{"@id":"https:\/\/arnone-project.com\/cadeau-kitesurf\/#primaryimage"},"thumbnailUrl":"https:\/\/arnone-project.com\/wp-content\/uploads\/2019\/07\/arnone-kite-2.jpg","datePublished":"2019-10-10T13:05:54+00:00","dateModified":"2019-10-22T14:39:19+00:00","breadcrumb":{"@id":"https:\/\/arnone-project.com\/cadeau-kitesurf\/#breadcrumb"},"inLanguage":"fr-FR","potentialAction":[{"@type":"ReadAction","target":["https:\/\/arnone-project.com\/cadeau-kitesurf\/"]}]},{"@type":"ImageObject","inLanguage":"fr-FR","@id":"https:\/\/arnone-project.com\/cadeau-kitesurf\/#primaryimage","url":"https:\/\/arnone-project.com\/wp-content\/uploads\/2019\/07\/arnone-kite-2.jpg","contentUrl":"https:\/\/arnone-project.com\/wp-content\/uploads\/2019\/07\/arnone-kite-2.jpg","width":800,"height":800},{"@type":"BreadcrumbList","@id":"https:\/\/arnone-project.com\/cadeau-kitesurf\/#breadcrumb","itemListElement":[{"@type":"ListItem","position":1,"name":"Accueil","item":"https:\/\/arnone-project.com\/"},{"@type":"ListItem","position":2,"name":"Cadeau kitesurf"}]},{"@type":"WebSite","@id":"https:\/\/arnone-project.com\/#website","url":"https:\/\/arnone-project.com\/","name":"arnone-project","description":"Fun kitesurf &amp; lifestyle \u2014 ride, freedom, ocean","publisher":{"@id":"https:\/\/arnone-project.com\/#organization"},"potentialAction":[{"@type":"SearchAction","target":{"@type":"EntryPoint","urlTemplate":"https:\/\/arnone-project.com\/?s={search_term_string}"},"query-input":{"@type":"PropertyValueSpecification","valueRequired":true,"valueName":"search_term_string"}}],"inLanguage":"fr-FR"},{"@type":"Organization","@id":"https:\/\/arnone-project.com\/#organization","name":"Arnone","url":"https:\/\/arnone-project.com\/","logo":{"@type":"ImageObject","inLanguage":"fr-FR","@id":"https:\/\/arnone-project.com\/#\/schema\/logo\/image\/","url":"https:\/\/arnone-project.com\/wp-content\/uploads\/2018\/10\/arnone-project-1.gif","contentUrl":"https:\/\/arnone-project.com\/wp-content\/uploads\/2018\/10\/arnone-project-1.gif","width":250,"height":109,"caption":"Arnone"},"image":{"@id":"https:\/\/arnone-project.com\/#\/schema\/logo\/image\/"},"sameAs":["https:\/\/www.facebook.com\/arnone.project\/","https:\/\/x.com\/arnone_kite","https:\/\/www.instagram.com\/arnone_kite\/"]}]}},"_links":{"self":[{"href":"https:\/\/arnone-project.com\/fr\/wp-json\/wp\/v2\/pages\/50269","targetHints":{"allow":["GET"]}}],"collection":[{"href":"https:\/\/arnone-project.com\/fr\/wp-json\/wp\/v2\/pages"}],"about":[{"href":"https:\/\/arnone-project.com\/fr\/wp-json\/wp\/v2\/types\/page"}],"author":[{"embeddable":true,"href":"https:\/\/arnone-project.com\/fr\/wp-json\/wp\/v2\/users\/1"}],"replies":[{"embeddable":true,"href":"https:\/\/arnone-project.com\/fr\/wp-json\/wp\/v2\/comments?post=50269"}],"version-history":[{"count":0,"href":"https:\/\/arnone-project.com\/fr\/wp-json\/wp\/v2\/pages\/50269\/revisions"}],"wp:featuredmedia":[{"embeddable":true,"href":"https:\/\/arnone-project.com\/fr\/wp-json\/wp\/v2\/media\/45415"}],"wp:attachment":[{"href":"https:\/\/arnone-project.com\/fr\/wp-json\/wp\/v2\/media?parent=50269"}],"curies":[{"name":"wp","href":"https:\/\/api.w.org\/{rel}","templated":true}]}}