{"id":42673,"date":"2019-04-12T16:44:06","date_gmt":"2019-04-12T15:44:06","guid":{"rendered":"https:\/\/arnone-project.com\/personal-data\/"},"modified":"2025-11-23T20:37:06","modified_gmt":"2025-11-23T19:37:06","slug":"personal-data","status":"publish","type":"page","link":"https:\/\/arnone-project.com\/fr\/personal-data\/","title":{"rendered":"Donn\u00e9es personnelles"},"content":{"rendered":"<div class=\"wpb-content-wrapper\"><div class=\"vc_row wpb_row vc_row-fluid\"><div class=\"wpb_column vc_column_container vc_col-sm-12\"><div class=\"vc_column-inner\"><div class=\"wpb_wrapper\">\n\t<div class=\"wpb_text_column wpb_content_element\" >\n\t\t<div class=\"wpb_wrapper\">\n\t\t\t<h1><strong>Protection des donn\u00e9es personnelles<\/strong><\/h1>\n<p>Je garantis que toutes les donn\u00e9es personnelles que j'utilise sont obtenues avec votre accord et je m'engage \u00e0 prendre toutes les pr\u00e9cautions n\u00e9cessaires pour qu'elles soient prot\u00e9g\u00e9es et utilis\u00e9es \u00e0 des fins purement commerciales, en lien direct avec l'activit\u00e9 commerciale du site : livraisons, commandes...<\/p>\n<p>Sur cette page, vous trouverez les raisons pour lesquelles j'ai besoin de ces donn\u00e9es et comment je les utilise. Vous contr\u00f4lez enti\u00e8rement ce que vous recevez de Arnone-project.com et comment vous le recevez.<\/p>\n<p>Responsable des donn\u00e9es personnelles<\/p>\n<p>Mercadier Arnaud<\/p>\n<p><strong>Une transparence totale pour une confiance accrue<\/strong><\/p>\n<p>Arnone-project prot\u00e8ge les donn\u00e9es confidentielles de ses clients et visiteurs. Arnone-project adh\u00e8re pleinement \u00e0 la nouvelle loi RGPD et estime qu'une transparence totale concernant l'utilisation et le traitement des donn\u00e9es personnelles est tout \u00e0 fait l\u00e9gitime.<\/p>\n<p>En effet, je suis moi-m\u00eame un utilisateur d'Internet comme vous et je comprends donc tr\u00e8s bien les pr\u00e9occupations que peut susciter l'utilisation de vos donn\u00e9es personnelles. C'est pourquoi je suis particuli\u00e8rement attentif \u00e0 cette nouvelle mesure de confidentialit\u00e9 et de protection des donn\u00e9es. Si vous avez une question concernant la politique de protection des donn\u00e9es du projet Arnone, n'h\u00e9sitez pas \u00e0 m'envoyer un e-mail \u00e0 l'adresse contact@arnone-project.com.<\/p>\n<p>Je m'engage donc \u00e0 faire preuve d'une transparence totale dans l'utilisation de vos donn\u00e9es : je n'ai rien \u00e0 cacher !<br \/>\nPourquoi et comment Arnone-project utilise vos donn\u00e9es<\/p>\n<p>Il est important pour Arnone-project que vous compreniez que vos donn\u00e9es sont essentielles pour garantir le meilleur service possible. Voici les diff\u00e9rents types de donn\u00e9es utilis\u00e9es par Arnone-project et les raisons pour lesquelles Arnone-project en a besoin.<\/p>\n<p><strong>1. Nom et coordonn\u00e9es :<\/strong><\/p>\n<p>En tant que site de commerce \u00e9lectronique, Arnone-project a besoin de ces informations pour l'exp\u00e9dition des produits et la bonne gestion de votre commande : suivi de la livraison, ajustement de vos produits, confirmation de votre adresse si n\u00e9cessaire.<\/p>\n<p><strong>2. Votre historique d'achat, de navigation ou de contact :<\/strong><\/p>\n<p>Ces donn\u00e9es sont n\u00e9cessaires \u00e0 votre parcours en tant que client sur ce site web, notamment lorsque vous ajoutez des produits \u00e0 votre panier. Elles sont \u00e9galement indispensables pour vous offrir le meilleur service apr\u00e8s-vente possible. Gr\u00e2ce \u00e0 votre adresse IP ou au type d'appareil utilis\u00e9 (mobile, ordinateur ou tablette), Arnone-project est en mesure de configurer automatiquement son site afin d'adapter, par exemple, la taille d'affichage ou la langue. Comme vous l'aurez compris, il s'agit d'une aide pr\u00e9cieuse pour vous offrir le meilleur niveau de service possible. Enfin, toutes ces donn\u00e9es sont utiles pour lutter contre d'\u00e9ventuelles fraudes.<\/p>\n<p><strong>4. Informations relatives au paiement :<\/strong><\/p>\n<p>Les paiements par carte bancaire sont enti\u00e8rement s\u00e9curis\u00e9s et r\u00e9pondent aux normes les plus strictes en mati\u00e8re de s\u00e9curit\u00e9 des donn\u00e9es bancaires. \u00c0 aucun moment, Arnone-project n'a en sa possession ou connaissance de vos donn\u00e9es bancaires.<\/p>\n<p><strong>5. Partage de vos donn\u00e9es avec des tiers :<\/strong><\/p>\n<p>Ce partage est n\u00e9cessaire et limit\u00e9 au processus de vente et de livraison. Arnone-project est donc amen\u00e9 \u00e0 partager certaines de vos donn\u00e9es (nom, pr\u00e9nom, adresse postale) avec :<br \/>\n\u2013 Transporteurs pour la livraison de vos commandes<br \/>\n\u2013 Prestataires de services de paiement<\/p>\n<p><strong>6. Newsletter<\/strong><\/p>\n<p>Apr\u00e8s avoir obtenu votre consentement lors de votre inscription en cochant la case \u00ab S'abonner \u00e0 la newsletter \u00bb, Arnone-project vous enverra environ une fois par mois (maximum !) un e-mail contenant les derni\u00e8res offres, promotions, nouveaux produits et concours en cours.<\/p>\n<p>Vous pouvez vous d\u00e9sabonner de ce service \u00e0 tout moment en cliquant sur le lien de d\u00e9sabonnement figurant dans les e-mails envoy\u00e9s ou en contactant notre service client\u00e8le via le formulaire de contact.<\/p>\n<p>Vous continuerez n\u00e9anmoins \u00e0 recevoir des messages transactionnels li\u00e9s \u00e0 votre commande, tels que les confirmations de commande, les num\u00e9ros de colis pour le suivi de l'exp\u00e9dition, les demandes de retour, les rappels de vos remises de fid\u00e9lit\u00e9, etc.<br \/>\nConservation et suppression de vos donn\u00e9es<\/p>\n<p>Arnone-project conserve vos donn\u00e9es pendant toute la dur\u00e9e d'activation de votre compte client afin de vous fournir la meilleure qualit\u00e9 de service possible. Vous pouvez \u00e0 tout moment demander la suppression d\u00e9finitive de vos donn\u00e9es en envoyant un e-mail \u00e0 contact@arnone-project.com.<\/p>\n<p><strong>Vos droits d'utilisateur<\/strong><\/p>\n<p>La DGMP int\u00e8gre de nouveaux concepts concernant les droits des utilisateurs relatifs \u00e0 leurs donn\u00e9es personnelles. Voici vos diff\u00e9rents droits :<br \/>\nVous devez \u00eatre inform\u00e9 de l'utilisation de vos informations personnelles.<br \/>\nVous avez le droit d'acc\u00e9der aux informations personnelles que nous d\u00e9tenons \u00e0 votre sujet et de les modifier.<br \/>\nLe droit \u00e0 l'oubli : vous pouvez demander<\/p>\n\n\t\t<\/div>\n\t<\/div>\n<\/div><\/div><\/div><\/div>\n<\/div>","protected":false},"excerpt":{"rendered":"Protection of personal data I guarantee that all the personal data I use are obtained with your agreement and I","protected":false},"author":1,"featured_media":0,"parent":0,"menu_order":0,"comment_status":"closed","ping_status":"closed","template":"","meta":{"footnotes":""},"class_list":["post-42673","page","type-page","status-publish","hentry"],"yoast_head":"<!-- This site is optimized with the Yoast SEO plugin v27.3 - https:\/\/yoast.com\/product\/yoast-seo-wordpress\/ -->\n<title>Personal data - arnone-project<\/title>\n<meta name=\"robots\" content=\"index, follow, max-snippet:-1, max-image-preview:large, max-video-preview:-1\" \/>\n<link rel=\"canonical\" href=\"https:\/\/arnone-project.com\/fr\/personal-data\/\" \/>\n<meta property=\"og:locale\" content=\"fr_FR\" \/>\n<meta property=\"og:type\" content=\"article\" \/>\n<meta property=\"og:title\" content=\"Personal data - arnone-project\" \/>\n<meta property=\"og:url\" content=\"https:\/\/arnone-project.com\/fr\/personal-data\/\" \/>\n<meta property=\"og:site_name\" content=\"arnone-project\" \/>\n<meta property=\"article:publisher\" content=\"https:\/\/www.facebook.com\/arnone.project\/\" \/>\n<meta property=\"article:modified_time\" content=\"2025-11-23T19:37:06+00:00\" \/>\n<meta name=\"twitter:card\" content=\"summary_large_image\" \/>\n<meta name=\"twitter:site\" content=\"@arnone_kite\" \/>\n<meta name=\"twitter:label1\" content=\"Dur\u00e9e de lecture estim\u00e9e\" \/>\n\t<meta name=\"twitter:data1\" content=\"3 minutes\" \/>\n<script type=\"application\/ld+json\" class=\"yoast-schema-graph\">{\"@context\":\"https:\\\/\\\/schema.org\",\"@graph\":[{\"@type\":\"WebPage\",\"@id\":\"https:\\\/\\\/arnone-project.com\\\/personal-data\\\/\",\"url\":\"https:\\\/\\\/arnone-project.com\\\/personal-data\\\/\",\"name\":\"Personal data - arnone-project\",\"isPartOf\":{\"@id\":\"https:\\\/\\\/arnone-project.com\\\/#website\"},\"datePublished\":\"2019-04-12T15:44:06+00:00\",\"dateModified\":\"2025-11-23T19:37:06+00:00\",\"breadcrumb\":{\"@id\":\"https:\\\/\\\/arnone-project.com\\\/personal-data\\\/#breadcrumb\"},\"inLanguage\":\"fr-FR\",\"potentialAction\":[{\"@type\":\"ReadAction\",\"target\":[\"https:\\\/\\\/arnone-project.com\\\/personal-data\\\/\"]}]},{\"@type\":\"BreadcrumbList\",\"@id\":\"https:\\\/\\\/arnone-project.com\\\/personal-data\\\/#breadcrumb\",\"itemListElement\":[{\"@type\":\"ListItem\",\"position\":1,\"name\":\"Accueil\",\"item\":\"https:\\\/\\\/arnone-project.com\\\/\"},{\"@type\":\"ListItem\",\"position\":2,\"name\":\"Personal data\"}]},{\"@type\":\"WebSite\",\"@id\":\"https:\\\/\\\/arnone-project.com\\\/#website\",\"url\":\"https:\\\/\\\/arnone-project.com\\\/\",\"name\":\"arnone-project\",\"description\":\"Fun kitesurf &amp; lifestyle \u2014 ride, freedom, ocean\",\"publisher\":{\"@id\":\"https:\\\/\\\/arnone-project.com\\\/#organization\"},\"potentialAction\":[{\"@type\":\"SearchAction\",\"target\":{\"@type\":\"EntryPoint\",\"urlTemplate\":\"https:\\\/\\\/arnone-project.com\\\/?s={search_term_string}\"},\"query-input\":{\"@type\":\"PropertyValueSpecification\",\"valueRequired\":true,\"valueName\":\"search_term_string\"}}],\"inLanguage\":\"fr-FR\"},{\"@type\":\"Organization\",\"@id\":\"https:\\\/\\\/arnone-project.com\\\/#organization\",\"name\":\"Arnone\",\"url\":\"https:\\\/\\\/arnone-project.com\\\/\",\"logo\":{\"@type\":\"ImageObject\",\"inLanguage\":\"fr-FR\",\"@id\":\"https:\\\/\\\/arnone-project.com\\\/#\\\/schema\\\/logo\\\/image\\\/\",\"url\":\"https:\\\/\\\/arnone-project.com\\\/wp-content\\\/uploads\\\/2018\\\/10\\\/arnone-project-1.gif\",\"contentUrl\":\"https:\\\/\\\/arnone-project.com\\\/wp-content\\\/uploads\\\/2018\\\/10\\\/arnone-project-1.gif\",\"width\":250,\"height\":109,\"caption\":\"Arnone\"},\"image\":{\"@id\":\"https:\\\/\\\/arnone-project.com\\\/#\\\/schema\\\/logo\\\/image\\\/\"},\"sameAs\":[\"https:\\\/\\\/www.facebook.com\\\/arnone.project\\\/\",\"https:\\\/\\\/x.com\\\/arnone_kite\",\"https:\\\/\\\/www.instagram.com\\\/arnone_kite\\\/\"]}]}<\/script>\n<!-- \/ Yoast SEO plugin. -->","yoast_head_json":{"title":"Personal data - arnone-project","robots":{"index":"index","follow":"follow","max-snippet":"max-snippet:-1","max-image-preview":"max-image-preview:large","max-video-preview":"max-video-preview:-1"},"canonical":"https:\/\/arnone-project.com\/fr\/personal-data\/","og_locale":"fr_FR","og_type":"article","og_title":"Personal data - arnone-project","og_url":"https:\/\/arnone-project.com\/fr\/personal-data\/","og_site_name":"arnone-project","article_publisher":"https:\/\/www.facebook.com\/arnone.project\/","article_modified_time":"2025-11-23T19:37:06+00:00","twitter_card":"summary_large_image","twitter_site":"@arnone_kite","twitter_misc":{"Dur\u00e9e de lecture estim\u00e9e":"3 minutes"},"schema":{"@context":"https:\/\/schema.org","@graph":[{"@type":"WebPage","@id":"https:\/\/arnone-project.com\/personal-data\/","url":"https:\/\/arnone-project.com\/personal-data\/","name":"Personal data - arnone-project","isPartOf":{"@id":"https:\/\/arnone-project.com\/#website"},"datePublished":"2019-04-12T15:44:06+00:00","dateModified":"2025-11-23T19:37:06+00:00","breadcrumb":{"@id":"https:\/\/arnone-project.com\/personal-data\/#breadcrumb"},"inLanguage":"fr-FR","potentialAction":[{"@type":"ReadAction","target":["https:\/\/arnone-project.com\/personal-data\/"]}]},{"@type":"BreadcrumbList","@id":"https:\/\/arnone-project.com\/personal-data\/#breadcrumb","itemListElement":[{"@type":"ListItem","position":1,"name":"Accueil","item":"https:\/\/arnone-project.com\/"},{"@type":"ListItem","position":2,"name":"Personal data"}]},{"@type":"WebSite","@id":"https:\/\/arnone-project.com\/#website","url":"https:\/\/arnone-project.com\/","name":"arnone-project","description":"Fun kitesurf &amp; lifestyle \u2014 ride, freedom, ocean","publisher":{"@id":"https:\/\/arnone-project.com\/#organization"},"potentialAction":[{"@type":"SearchAction","target":{"@type":"EntryPoint","urlTemplate":"https:\/\/arnone-project.com\/?s={search_term_string}"},"query-input":{"@type":"PropertyValueSpecification","valueRequired":true,"valueName":"search_term_string"}}],"inLanguage":"fr-FR"},{"@type":"Organization","@id":"https:\/\/arnone-project.com\/#organization","name":"Arnone","url":"https:\/\/arnone-project.com\/","logo":{"@type":"ImageObject","inLanguage":"fr-FR","@id":"https:\/\/arnone-project.com\/#\/schema\/logo\/image\/","url":"https:\/\/arnone-project.com\/wp-content\/uploads\/2018\/10\/arnone-project-1.gif","contentUrl":"https:\/\/arnone-project.com\/wp-content\/uploads\/2018\/10\/arnone-project-1.gif","width":250,"height":109,"caption":"Arnone"},"image":{"@id":"https:\/\/arnone-project.com\/#\/schema\/logo\/image\/"},"sameAs":["https:\/\/www.facebook.com\/arnone.project\/","https:\/\/x.com\/arnone_kite","https:\/\/www.instagram.com\/arnone_kite\/"]}]}},"_links":{"self":[{"href":"https:\/\/arnone-project.com\/fr\/wp-json\/wp\/v2\/pages\/42673","targetHints":{"allow":["GET"]}}],"collection":[{"href":"https:\/\/arnone-project.com\/fr\/wp-json\/wp\/v2\/pages"}],"about":[{"href":"https:\/\/arnone-project.com\/fr\/wp-json\/wp\/v2\/types\/page"}],"author":[{"embeddable":true,"href":"https:\/\/arnone-project.com\/fr\/wp-json\/wp\/v2\/users\/1"}],"replies":[{"embeddable":true,"href":"https:\/\/arnone-project.com\/fr\/wp-json\/wp\/v2\/comments?post=42673"}],"version-history":[{"count":2,"href":"https:\/\/arnone-project.com\/fr\/wp-json\/wp\/v2\/pages\/42673\/revisions"}],"predecessor-version":[{"id":83486,"href":"https:\/\/arnone-project.com\/fr\/wp-json\/wp\/v2\/pages\/42673\/revisions\/83486"}],"wp:attachment":[{"href":"https:\/\/arnone-project.com\/fr\/wp-json\/wp\/v2\/media?parent=42673"}],"curies":[{"name":"wp","href":"https:\/\/api.w.org\/{rel}","templated":true}]}}