{"id":18157,"date":"2018-05-28T16:02:52","date_gmt":"2018-05-28T15:02:52","guid":{"rendered":"https:\/\/arnone-project.com\/?page_id=18157"},"modified":"2020-10-06T20:01:18","modified_gmt":"2020-10-06T18:01:18","slug":"donnees-personnelles","status":"publish","type":"page","link":"https:\/\/arnone-project.com\/fr\/donnees-personnelles\/","title":{"rendered":"Donn\u00e9es personnelles"},"content":{"rendered":"<h1>Protection des donn\u00e9es personnelles<\/h1>\n<p>Je vous garantis que toutes les donn\u00e9es personnelles que j&#8217; utilise sont obtenues avec votre accord et je m&#8217; engage \u00e0 prendre toutes les pr\u00e9cautions n\u00e9cessaires afin qu&#8217;elles soient prot\u00e9g\u00e9es et utilis\u00e9es \u00e0 des fins purement commerciales, en lien direct avec l&#8217;activit\u00e9 commerciale du site : livraisons, commandes&#8230;<\/p>\n<p>Vous trouverez sur cette page les raisons pour lesquelles j&#8217;ai besoin de ces donn\u00e9es et comment je les utilise. Vous \u00eates enti\u00e8rement ma\u00eetre de ce que vous recevez de la part de Arnone-project.com ainsi que de la mani\u00e8re dont vous les recevez.<\/p>\n<h2>Responsable des donn\u00e9es personnelles<\/h2>\n<p><img loading=\"lazy\" decoding=\"async\" class=\"alignleft size-medium wp-image-4841\" src=\"https:\/\/arnone-project.com\/wp-content\/uploads\/2013\/07\/arnone-artist-kitesurf1.gif\" alt=\"arnone-artist-kitesurf\" width=\"133\" height=\"130\" \/>Mercadier Arnaud<\/p>\n<h2>Une totale transparence pour une meilleure confiance<\/h2>\n<p>Arnone prot\u00e8ge les donn\u00e9es confidentielles de ses clients et de ses visiteurs. Arnone est totalement en accord avec la nouvelle loi RGPD et pense qu&#8217;une totale transparence concernant l&#8217;utilisation et le traitement des donn\u00e9es personnelles est tout \u00e0 fait l\u00e9gitime.<\/p>\n<p>Effectivement, je suis comme vous toujours des utilisateurs d&#8217;internet et je comprends donc tr\u00e8s bien l&#8217;inqui\u00e9tude qui peut exister vis \u00e0 vis de l&#8217;utilisation de ses donn\u00e9es personnelles. C&#8217;est pour cette raison que je suis particuli\u00e8rement sensibilis\u00e9 \u00e0 cette nouvelle mesure de confidentialit\u00e9 et de protection des donn\u00e9es. Si vous avez une question concernant la politique de protection des donn\u00e9es d&#8217; Arnone , n\u2019h\u00e9sitez pas \u00e0 m&#8217; envoyer un e-mail \u00e0 contact@arnone-project.com.<\/p>\n<p>Je m&#8217; engage donc \u00e0 une totale transparence de l&#8217;utilisation de vos donn\u00e9es : je n&#8217;ai rien \u00e0 cacher !<\/p>\n<h2>Pourquoi et comment Arnone-project utilise vos donn\u00e9es<\/h2>\n<p>Il est important pour Arnone que vous compreniez que vos donn\u00e9es sont indispensables pour assurer le meilleur service possible. Voici les diff\u00e9rents types de donn\u00e9es qu&#8217; Arnone utilise et les raisons pour lesquelles Arnone en a besoin.<\/p>\n<p><strong>1. Nom et coordonn\u00e9es :<\/strong><\/p>\n<p>En tant que site E-commerce, Arnone a besoin de ces informations pour l&#8217;exp\u00e9dition des produits et la bonne gestion de votre commande : suivi de livraison, r\u00e9glage de vos produits, confirmation de votre adresse si besoin.<\/p>\n<p><strong>2. Votre historique d&#8217;achat, de navigation ou de contact :<\/strong><\/p>\n<p>Ces donn\u00e9es sont n\u00e9cessaires pour votre parcours en tant que client sur ce site internet, notamment lors de l&#8217;ajout des produits au panier. Ces donn\u00e9es sont \u00e9galement indispensables pour vous offrir le meilleur Service Apr\u00e8s Vente (S.A.V) possible. Avec votre adresse IP ou le type d\u2019appareil utilis\u00e9 (mobile, ordinateur ou tablette) Arnone est capable de configurer automatiquement son site pour adapter la taille d\u2019affichage ou la langue par exemple. Vous l\u2019aurez compris, c\u2019est une aide pr\u00e9cieuse pour vous fournir le meilleur niveau de service possible. Enfin, toutes ces donn\u00e9es sont utiles pour lutter contre d\u2019\u00e9ventuelles fraudes.<\/p>\n<p><strong>4. Informations de paiement :\u00a0<\/strong><\/p>\n<p>Les paiements par Carte Bancaire sont enti\u00e8rement s\u00e9curis\u00e9s et r\u00e9pondent aux normes les plus strictes de s\u00e9curisation des donn\u00e9es bancaires. A aucun moment Arnone n&#8217;a en sa possession ou en sa connaissance vos donn\u00e9es bancaires.<\/p>\n<p><strong>5. Partage de vos donn\u00e9es avec des soci\u00e9t\u00e9s tierces\u00a0 :<\/strong><\/p>\n<p>Ce partage est n\u00e9cessaire et se limite au processus de vente et de livraison. Arnone est donc amen\u00e9 \u00e0 partager certaines de vos donn\u00e9es (nom, pr\u00e9nom, adresse postale) avec :<br \/>\n\u2022 Les transporteurs pour la livraison de vos commandes<br \/>\n\u2022 Les prestataires de paiement<\/p>\n<p><strong>6. Newsletter<\/strong><\/p>\n<p>Apr\u00e8s avoir re\u00e7u votre consentement lors de votre inscription en cochant la case &#8220;S&#8217;inscrire \u00e0 la Newsletter&#8221; , Arnone vous enverra environ une fois par mois (grand maximum !) un email regroupant les derni\u00e8res offres, promos,nouveaux produits et concours en cours.<\/p>\n<p>Vous pouvez \u00e0 tout moment vous d\u00e9sabonner de ce service en cliquant sur le lien de d\u00e9sabonnement figurant dans les emails envoy\u00e9s ou en contactant notre service client via le\u00a0<a href=\"\/fr\/?page_id=128\">formulaire de contact<\/a>.<\/p>\n<p>Vous continuerez n\u00e9anmoins \u00e0 recevoir les messages transactionnels li\u00e9s \u00e0 votre commande comme les confirmations de commandes, les num\u00e9ros de colis pour le suivi de l\u2019exp\u00e9dition, les demandes de retour, le rappel de vos remises fid\u00e9lit\u00e9s, \u2026<\/p>\n<h2>Conservation et suppression de vos donn\u00e9es<\/h2>\n<p>Arnone conserve vos donn\u00e9es durant toute la dur\u00e9e d&#8217;activation de votre compte client afin de vous fournir la meilleure qualit\u00e9 de service possible. Vous pouvez \u00e0 tout moment faire une demande de suppression d\u00e9finitive de vos donn\u00e9es en envoyant un mail \u00e0 l&#8217;adresse <strong>contact@arnone-project.com<br \/>\n<\/strong><\/p>\n<h2>Vos droits d&#8217;utilisateur<\/h2>\n<ul>\n<li style=\"list-style-type: none;\">\n<ul>\n<li>La RGPD int\u00e8gre de nouvelles notions concernant les droits des utilisateurs \u00e0 propos de leurs donn\u00e9es personnelles. Voici vos diff\u00e9rents droits :<\/li>\n<li>\u00a0Vous devez \u00eatre inform\u00e9 de l&#8217;utilisation de vos informations personnelles<\/li>\n<li>\u00a0Vous poss\u00e9dez un droit d&#8217;acc\u00e8s aux informations personnelles que nous poss\u00e9dons sur vous et la possibilit\u00e9 de les modifier<\/li>\n<li>Le droit \u00e0 l\u2019oubli : vous pouvez demander la suppression de vos donn\u00e9es, ou qu&#8217;Arnone arr\u00eate de les traiter ou de les collecter.<\/li>\n<li>\u00a0Le droit de ne plus recevoir les messages marketing direct. Vous pouvez le faire depuis les newsletters envoy\u00e9es ou via le formulaire de contact. En fait vous pouvez retirer votre consentement n\u2019importe quel traitement bas\u00e9 sur le contenu et cela \u00e0 tout moment.<\/li>\n<li>\u00a0Le droit de demander un export de vos donn\u00e9es pour vous ou vers un autre fournisseur de service<\/li>\n<\/ul>\n<\/li>\n<\/ul>\n<p>Le site fait l&#8217;objet d&#8217;une d\u00e9claration aupr\u00e8s de la Commission Nationale Informatique et Libert\u00e9. Vous disposez d&#8217;un droit d&#8217;acc\u00e8s, de modification, de rectification et de suppression des donn\u00e9es qui vous concernent (art. 34 de la loi &#8220;Informatique et Libert\u00e9s&#8221;).<\/p>\n<ul>\n<li>Si vous d\u00e9sirez exercer vos droits, vous plaindre ou simplement poser des questions, veuillez utiliser le\u00a0<a href=\"\/fr\/?page_id=128\">formulaire de contact.<\/a><\/li>\n<\/ul>\n<h2>UTILISATION DE COOKIES :<\/h2>\n<p>Le site Arnone utilise diff\u00e9rentes m\u00e9thodes pour collecter des informations comme les cookies, les balises html, les widgets, les boutons&#8230;. Voici les diff\u00e9rentes informations que nous enregistrons :<br \/>\n&#8211; Adresse IP<br \/>\n&#8211; Cookie d&#8217;identification<br \/>\n&#8211; ID du support utilis\u00e9 (tablette, ordinateur, mobile..)<br \/>\n&#8211; Navigateur et langue<br \/>\n&#8211; Pays<br \/>\n&#8211; Sites visit\u00e9s<br \/>\n&#8211; Pages visit\u00e9es, heures d&#8217;acc\u00e8s, URLs<\/p>\n<p>Ces diff\u00e9rentes informations permettent \u00e0 Arnone-project.com de fournir le meilleur service possible aux utilisateurs et d\u2019am\u00e9liorer leur exp\u00e9rience en ligne. Les donn\u00e9es issues des cookies et des balises permettent \u00e9galement d\u2019obtenir des donn\u00e9es statistiques concernant le trafic du site pour mieux appr\u00e9hender le parcours client et les diff\u00e9rents flux d&#8217;interactions. Certains cookies sont obligatoires pour un bon fonctionnement de ce site et sont donc toujours actifs. Ils permettent par exemple d\u2019ajouter des produits \u00e0 votre panier, de proc\u00e9der au paiement et d\u2019assurer la s\u00e9curit\u00e9 des donn\u00e9es tout au long du processus d\u2019achat.<\/p>\n<p>D\u2019autres cookies sont pr\u00e9sents pour am\u00e9liorer les performances de navigation en retenant par exemple les pr\u00e9f\u00e9rences s\u00e9lectionn\u00e9es ou pour ajouter des fonctionnalit\u00e9s \u00e0 notre site. Si vous refusez ces cookies, le site deviendra logiquement moins performant et les recommandations moins pr\u00e9cises.<\/p>\n<p>Enfin, les cookies de r\u00e9seaux sociaux et de publicit\u00e9s transmettent des informations pour des soci\u00e9t\u00e9s tierces afin d\u2019adapter les publicit\u00e9s selon vos pr\u00e9f\u00e9rences ou vos centres d\u2019int\u00e9r\u00eat. Le traitement des donn\u00e9es collect\u00e9es par ces cookies (modules tiers ou widgets) est soumis aux politiques de protection des donn\u00e9es de ces soci\u00e9t\u00e9s ou r\u00e9seaux sociaux. Ces cookies vous permettent de vous connecter \u00e0 ces r\u00e9seaux et d\u2019y partager du contenu.<\/p>\n<h2>Contacter Arnone :<\/h2>\n<p>Si vous avez des questions ou des requ\u00eates, n&#8217;h\u00e9sitez pas \u00e0 contacter Arnone en envoyant un email \u00e0 l&#8217;adresse\u00a0<strong>contact@arnone-project.com<\/strong>ou en vous rendant sur notre<a href=\"\/fr\/?page_id=128\"><strong>\u00a0formulaire de contact.<\/strong><\/a><\/p>\n<p>Vous pouvez \u00e9galement \u00e9crire \u00e0 Arnone via l&#8217;adresse postale suivante :<\/p>\n<p><strong>Arnone <\/strong><br \/>\n37 route de Carcassonne<br \/>\n11300 Limoux<\/p>","protected":false},"excerpt":{"rendered":"<p>Protection des donn\u00e9es personnelles Je vous garantis que toutes les donn\u00e9es personnelles que j&#8217; utilise sont obtenues avec votre accord<\/p>","protected":false},"author":1,"featured_media":0,"parent":0,"menu_order":0,"comment_status":"closed","ping_status":"closed","template":"","meta":{"footnotes":""},"class_list":["post-18157","page","type-page","status-publish","hentry"],"yoast_head":"<!-- This site is optimized with the Yoast SEO plugin v27.4 - https:\/\/yoast.com\/product\/yoast-seo-wordpress\/ -->\n<title>Donn\u00e9es personnelles - arnone-project<\/title>\n<meta name=\"robots\" content=\"index, follow, max-snippet:-1, max-image-preview:large, max-video-preview:-1\" \/>\n<link rel=\"canonical\" href=\"https:\/\/arnone-project.com\/fr\/donnees-personnelles\/\" \/>\n<meta property=\"og:locale\" content=\"fr_FR\" \/>\n<meta property=\"og:type\" content=\"article\" \/>\n<meta property=\"og:title\" content=\"Donn\u00e9es personnelles - arnone-project\" \/>\n<meta property=\"og:description\" content=\"Protection des donn\u00e9es personnelles Je vous garantis que toutes les donn\u00e9es personnelles que j&#8217; utilise sont obtenues avec votre accord\" \/>\n<meta property=\"og:url\" content=\"https:\/\/arnone-project.com\/fr\/donnees-personnelles\/\" \/>\n<meta property=\"og:site_name\" content=\"arnone-project\" \/>\n<meta property=\"article:publisher\" content=\"https:\/\/www.facebook.com\/arnone.project\/\" \/>\n<meta property=\"article:modified_time\" content=\"2020-10-06T18:01:18+00:00\" \/>\n<meta property=\"og:image\" content=\"https:\/\/arnone-project.com\/wp-content\/uploads\/2013\/07\/arnone-artist-kitesurf1.gif\" \/>\n\t<meta property=\"og:image:width\" content=\"267\" \/>\n\t<meta property=\"og:image:height\" content=\"261\" \/>\n\t<meta property=\"og:image:type\" content=\"image\/gif\" \/>\n<meta name=\"twitter:card\" content=\"summary_large_image\" \/>\n<meta name=\"twitter:site\" content=\"@arnone_kite\" \/>\n<meta name=\"twitter:label1\" content=\"Dur\u00e9e de lecture estim\u00e9e\" \/>\n\t<meta name=\"twitter:data1\" content=\"6 minutes\" \/>\n<script type=\"application\/ld+json\" class=\"yoast-schema-graph\">{\"@context\":\"https:\\\/\\\/schema.org\",\"@graph\":[{\"@type\":\"WebPage\",\"@id\":\"https:\\\/\\\/arnone-project.com\\\/en\\\/donnees-personnelles\\\/\",\"url\":\"https:\\\/\\\/arnone-project.com\\\/en\\\/donnees-personnelles\\\/\",\"name\":\"Donn\u00e9es personnelles - arnone-project\",\"isPartOf\":{\"@id\":\"https:\\\/\\\/arnone-project.com\\\/#website\"},\"primaryImageOfPage\":{\"@id\":\"https:\\\/\\\/arnone-project.com\\\/en\\\/donnees-personnelles\\\/#primaryimage\"},\"image\":{\"@id\":\"https:\\\/\\\/arnone-project.com\\\/en\\\/donnees-personnelles\\\/#primaryimage\"},\"thumbnailUrl\":\"https:\\\/\\\/arnone-project.com\\\/wp-content\\\/uploads\\\/2013\\\/07\\\/arnone-artist-kitesurf1.gif\",\"datePublished\":\"2018-05-28T15:02:52+00:00\",\"dateModified\":\"2020-10-06T18:01:18+00:00\",\"breadcrumb\":{\"@id\":\"https:\\\/\\\/arnone-project.com\\\/en\\\/donnees-personnelles\\\/#breadcrumb\"},\"inLanguage\":\"fr-FR\",\"potentialAction\":[{\"@type\":\"ReadAction\",\"target\":[\"https:\\\/\\\/arnone-project.com\\\/en\\\/donnees-personnelles\\\/\"]}]},{\"@type\":\"ImageObject\",\"inLanguage\":\"fr-FR\",\"@id\":\"https:\\\/\\\/arnone-project.com\\\/en\\\/donnees-personnelles\\\/#primaryimage\",\"url\":\"https:\\\/\\\/arnone-project.com\\\/wp-content\\\/uploads\\\/2013\\\/07\\\/arnone-artist-kitesurf1.gif\",\"contentUrl\":\"https:\\\/\\\/arnone-project.com\\\/wp-content\\\/uploads\\\/2013\\\/07\\\/arnone-artist-kitesurf1.gif\"},{\"@type\":\"BreadcrumbList\",\"@id\":\"https:\\\/\\\/arnone-project.com\\\/en\\\/donnees-personnelles\\\/#breadcrumb\",\"itemListElement\":[{\"@type\":\"ListItem\",\"position\":1,\"name\":\"Accueil\",\"item\":\"https:\\\/\\\/arnone-project.com\\\/\"},{\"@type\":\"ListItem\",\"position\":2,\"name\":\"Donn\u00e9es personnelles\"}]},{\"@type\":\"WebSite\",\"@id\":\"https:\\\/\\\/arnone-project.com\\\/#website\",\"url\":\"https:\\\/\\\/arnone-project.com\\\/\",\"name\":\"arnone-project\",\"description\":\"Fun kitesurf &amp; lifestyle \u2014 ride, freedom, ocean\",\"publisher\":{\"@id\":\"https:\\\/\\\/arnone-project.com\\\/#organization\"},\"potentialAction\":[{\"@type\":\"SearchAction\",\"target\":{\"@type\":\"EntryPoint\",\"urlTemplate\":\"https:\\\/\\\/arnone-project.com\\\/?s={search_term_string}\"},\"query-input\":{\"@type\":\"PropertyValueSpecification\",\"valueRequired\":true,\"valueName\":\"search_term_string\"}}],\"inLanguage\":\"fr-FR\"},{\"@type\":\"Organization\",\"@id\":\"https:\\\/\\\/arnone-project.com\\\/#organization\",\"name\":\"Arnone\",\"url\":\"https:\\\/\\\/arnone-project.com\\\/\",\"logo\":{\"@type\":\"ImageObject\",\"inLanguage\":\"fr-FR\",\"@id\":\"https:\\\/\\\/arnone-project.com\\\/#\\\/schema\\\/logo\\\/image\\\/\",\"url\":\"https:\\\/\\\/arnone-project.com\\\/wp-content\\\/uploads\\\/2018\\\/10\\\/arnone-project-1.gif\",\"contentUrl\":\"https:\\\/\\\/arnone-project.com\\\/wp-content\\\/uploads\\\/2018\\\/10\\\/arnone-project-1.gif\",\"width\":250,\"height\":109,\"caption\":\"Arnone\"},\"image\":{\"@id\":\"https:\\\/\\\/arnone-project.com\\\/#\\\/schema\\\/logo\\\/image\\\/\"},\"sameAs\":[\"https:\\\/\\\/www.facebook.com\\\/arnone.project\\\/\",\"https:\\\/\\\/x.com\\\/arnone_kite\",\"https:\\\/\\\/www.instagram.com\\\/arnone_kite\\\/\"]}]}<\/script>\n<!-- \/ Yoast SEO plugin. -->","yoast_head_json":{"title":"Donn\u00e9es personnelles - arnone-project","robots":{"index":"index","follow":"follow","max-snippet":"max-snippet:-1","max-image-preview":"max-image-preview:large","max-video-preview":"max-video-preview:-1"},"canonical":"https:\/\/arnone-project.com\/fr\/donnees-personnelles\/","og_locale":"fr_FR","og_type":"article","og_title":"Donn\u00e9es personnelles - arnone-project","og_description":"Protection des donn\u00e9es personnelles Je vous garantis que toutes les donn\u00e9es personnelles que j&#8217; utilise sont obtenues avec votre accord","og_url":"https:\/\/arnone-project.com\/fr\/donnees-personnelles\/","og_site_name":"arnone-project","article_publisher":"https:\/\/www.facebook.com\/arnone.project\/","article_modified_time":"2020-10-06T18:01:18+00:00","og_image":[{"width":267,"height":261,"url":"https:\/\/arnone-project.com\/wp-content\/uploads\/2013\/07\/arnone-artist-kitesurf1.gif","type":"image\/gif"}],"twitter_card":"summary_large_image","twitter_site":"@arnone_kite","twitter_misc":{"Dur\u00e9e de lecture estim\u00e9e":"6 minutes"},"schema":{"@context":"https:\/\/schema.org","@graph":[{"@type":"WebPage","@id":"https:\/\/arnone-project.com\/en\/donnees-personnelles\/","url":"https:\/\/arnone-project.com\/en\/donnees-personnelles\/","name":"Donn\u00e9es personnelles - arnone-project","isPartOf":{"@id":"https:\/\/arnone-project.com\/#website"},"primaryImageOfPage":{"@id":"https:\/\/arnone-project.com\/en\/donnees-personnelles\/#primaryimage"},"image":{"@id":"https:\/\/arnone-project.com\/en\/donnees-personnelles\/#primaryimage"},"thumbnailUrl":"https:\/\/arnone-project.com\/wp-content\/uploads\/2013\/07\/arnone-artist-kitesurf1.gif","datePublished":"2018-05-28T15:02:52+00:00","dateModified":"2020-10-06T18:01:18+00:00","breadcrumb":{"@id":"https:\/\/arnone-project.com\/en\/donnees-personnelles\/#breadcrumb"},"inLanguage":"fr-FR","potentialAction":[{"@type":"ReadAction","target":["https:\/\/arnone-project.com\/en\/donnees-personnelles\/"]}]},{"@type":"ImageObject","inLanguage":"fr-FR","@id":"https:\/\/arnone-project.com\/en\/donnees-personnelles\/#primaryimage","url":"https:\/\/arnone-project.com\/wp-content\/uploads\/2013\/07\/arnone-artist-kitesurf1.gif","contentUrl":"https:\/\/arnone-project.com\/wp-content\/uploads\/2013\/07\/arnone-artist-kitesurf1.gif"},{"@type":"BreadcrumbList","@id":"https:\/\/arnone-project.com\/en\/donnees-personnelles\/#breadcrumb","itemListElement":[{"@type":"ListItem","position":1,"name":"Accueil","item":"https:\/\/arnone-project.com\/"},{"@type":"ListItem","position":2,"name":"Donn\u00e9es personnelles"}]},{"@type":"WebSite","@id":"https:\/\/arnone-project.com\/#website","url":"https:\/\/arnone-project.com\/","name":"arnone-project","description":"Fun kitesurf &amp; lifestyle \u2014 ride, freedom, ocean","publisher":{"@id":"https:\/\/arnone-project.com\/#organization"},"potentialAction":[{"@type":"SearchAction","target":{"@type":"EntryPoint","urlTemplate":"https:\/\/arnone-project.com\/?s={search_term_string}"},"query-input":{"@type":"PropertyValueSpecification","valueRequired":true,"valueName":"search_term_string"}}],"inLanguage":"fr-FR"},{"@type":"Organization","@id":"https:\/\/arnone-project.com\/#organization","name":"Arnone","url":"https:\/\/arnone-project.com\/","logo":{"@type":"ImageObject","inLanguage":"fr-FR","@id":"https:\/\/arnone-project.com\/#\/schema\/logo\/image\/","url":"https:\/\/arnone-project.com\/wp-content\/uploads\/2018\/10\/arnone-project-1.gif","contentUrl":"https:\/\/arnone-project.com\/wp-content\/uploads\/2018\/10\/arnone-project-1.gif","width":250,"height":109,"caption":"Arnone"},"image":{"@id":"https:\/\/arnone-project.com\/#\/schema\/logo\/image\/"},"sameAs":["https:\/\/www.facebook.com\/arnone.project\/","https:\/\/x.com\/arnone_kite","https:\/\/www.instagram.com\/arnone_kite\/"]}]}},"_links":{"self":[{"href":"https:\/\/arnone-project.com\/fr\/wp-json\/wp\/v2\/pages\/18157","targetHints":{"allow":["GET"]}}],"collection":[{"href":"https:\/\/arnone-project.com\/fr\/wp-json\/wp\/v2\/pages"}],"about":[{"href":"https:\/\/arnone-project.com\/fr\/wp-json\/wp\/v2\/types\/page"}],"author":[{"embeddable":true,"href":"https:\/\/arnone-project.com\/fr\/wp-json\/wp\/v2\/users\/1"}],"replies":[{"embeddable":true,"href":"https:\/\/arnone-project.com\/fr\/wp-json\/wp\/v2\/comments?post=18157"}],"version-history":[{"count":0,"href":"https:\/\/arnone-project.com\/fr\/wp-json\/wp\/v2\/pages\/18157\/revisions"}],"wp:attachment":[{"href":"https:\/\/arnone-project.com\/fr\/wp-json\/wp\/v2\/media?parent=18157"}],"curies":[{"name":"wp","href":"https:\/\/api.w.org\/{rel}","templated":true}]}}