{"id":12170,"date":"2016-05-03T13:56:56","date_gmt":"2016-05-03T12:56:56","guid":{"rendered":"https:\/\/arnone-project.com\/?page_id=12170"},"modified":"2016-05-12T18:40:14","modified_gmt":"2016-05-12T17:40:14","slug":"t-shirts-kitesurf-collection-2016","status":"publish","type":"page","link":"https:\/\/arnone-project.com\/fr\/t-shirts-kitesurf-collection-2016\/","title":{"rendered":"T-shirts Kitesurf &#8211; collection 2016"},"content":{"rendered":"<p>[one_third class=&#8221;&#8221; last=&#8221;no&#8221; ]<\/p>\n<h5 style=\"text-align: center; padding: 5px;color: #59657c; font-weight:800;font-size:30px; font-family:verdana;line-height:40px;\"><img decoding=\"async\" src=\"https:\/\/arnone-project.com\/wp-content\/uploads\/2016\/05\/kitewear1.png\" alt=\"arnone-project kitewear\" title=\"yeah baby yeah !\" style=\"margin-top:10px;\"\/><\/h5>\n<div style=\"padding: 3px;\">\n<p style=\"color: #717e96;text-align: center;\">Participe \u00e0 cette <a href=\"https:\/\/arnone-project.com\/histoire\/\" target=\"_blank\" style=\"color:#717e96;font-weight:700;\"\/>aventure<\/a> et s\u00e9lectionne les prochains graphismes qui seront imprim\u00e9s !<\/p>\n<p style=\"text-align: center; margin-top: 30px;font-size: 60px; color: #717e96;text-transform: uppercase;\">YEAH !<\/p>\n<p>&nbsp;<\/p>\n<\/div>\n<p>[\/one_third]<\/p>\n<p>[one_third class=&#8221;&#8221; last=&#8221;no&#8221; ]<img decoding=\"async\" class=\"aligncenter size-full wp-image-10391\" alt=\"s\u00e9lectionne tes visuels pr\u00e9f\u00e9r\u00e9s\" src=\"https:\/\/arnone-project.com\/wp-content\/uploads\/2016\/05\/shaka-dude-and-sista.gif\" style=\"padding-bottom:15px;\" \/><\/p>\n<p style=\"text-align: center; margin-top: 16px;font-size: 20px; color: #717e96;text-transform: uppercase;font-weight:800;font-family:verdana;line-height:30px;\"><strong>S\u00e9lectionne tes<br \/>\n<img decoding=\"async\" src=\"https:\/\/arnone-project.com\/wp-content\/uploads\/2016\/05\/six.png\" width:50px, height:49px; alt=\"6\" \/><br \/>\nvisuels pr\u00e9f\u00e9r\u00e9s <\/strong><\/p>\n<p style=\"color: #717e96;text-align: center;\">Les visuels qui auront obtenus le plus de &#8220;shaka&#8221; seront imprim\u00e9s.<\/p>\n<p style=\"color: #717e96;text-align: center;font-size:15px;\"><i>&#8211; fin des votes le 25\/05\/2016 &#8211;<\/i><\/p>\n<p>[\/one_third]<\/p>\n<p>[one_third class=&#8221;&#8221; last=&#8221;yes&#8221; ]<\/p>\n<div style=\"text-align: center;\">\n<p style=\"text-align: center; margin-top: 16px;font-size: 20px; color: #717e96;text-transform: uppercase;font-weight:800;font-family:verdana;line-height:40px;\"><strong><strong>Professionnels ? Distributeurs ?<\/p>\n<p style=\"color: #717e96;text-align: center;\">Vous souhaitez vous aussi <a href=\"https:\/\/arnone-project.com\/histoire\/\" target=\"_blank\" style=\"color:#717e96;font-weight:700;\"\/>soutenir cette aventure<\/a> et proposer les <a href=\"https:\/\/arnone-project.com\/boutique\" style=\"color: #717e96;\">t-shirts Arnone<\/a> dans votre kiteshop ?<\/p>\n<p><p style=\"color: #717e96;text-align: center;\"><a href=\"https:\/\/arnone-project.com\/contact\/\" style=\"color: #717e96;\"><img decoding=\"async\" src=\"https:\/\/arnone-project.com\/wp-content\/uploads\/2016\/05\/contact-mail.png\" \/> Contactez-moi !<\/a><\/p>\n<p style=\"margin-top:80px;\"><a href=\"https:\/\/arnone-project.com\/boutique\"><img decoding=\"async\" src=\"https:\/\/arnone-project.com\/wp-content\/uploads\/2016\/05\/shop.png\" alt\"kiteshop\" title=\"Visiter le shop\" \/><\/a><br \/>&#8211; <a href=\"https:\/\/arnone-project.com\/boutique\" style=\"color: #717e96;\">visiter le shop<\/a> &#8211;<\/p>\n<\/div>\n<p>[\/one_third]<\/p>\n<p><br style=\"clear:both;\" \/><br \/>\n[toggle title=&#8221;Lire les modalit\u00e9s&#8221; opened=&#8221;no&#8221; ] <\/p>\n<div style=\"background: #b7e2f3;padding:10px; font-family:verdana; font-size:14px;color:#7b97a3;\">\n<p style=\"text-align:center;font-weight:bold;\"><span style=\"color:#a0c4d3;\">\/\/\/\/\/\/\/\/<\/span> DEVENEZ LES DIRECTEURS ARTISTIQUES DE LA PROCHAINE COLLECTION <span style=\"color:#a0c4d3;\">\/\/\/\/\/\/\/\/<\/span><\/p>\n<p style=\"text-align:center;font-weight:bold;\">Salut \u00e0 tous,<\/p>\n<p>Du 12 au 25 Mai 2016, je vous propose de participer \u00e0 cette aventure et de devenir les <strong>Directeurs Artistiques<\/strong> de la prochaine collection <strong>Arnone-project<\/strong> ! (ouais je sais, c&#8217;est trop hype ^^)<br \/>\nC&#8217;est <strong>vous<\/strong>, kitesurfeurs, qui allez s\u00e9lectionner les graphismes qui seront imprim\u00e9s sur nos prochains t-shirts ! <\/p>\n<p style=\"text-align:center;font-weight:bold;\"><span style=\"color:#a0c4d3;\">\/\/\/\/\/\/\/\/<\/span> MODE D&#8217;EMPLOI <span style=\"color:#a0c4d3;\">\/\/\/\/\/\/\/\/<\/span><\/p>\n<p>\u2022 Chacun d&#8217;entre nous <del datetime=\"2016-05-05T18:40:58+00:00\">est un g\u00e9nie<\/del> \u00e0 la possibilit\u00e9 de voter pour les <strong>6<\/strong> graphismes de son choix.<br \/>\n\u2022 Pour voter, il suffit de cliquer sur l&#8217;icone <img decoding=\"async\" src=\"https:\/\/arnone-project.com\/wp-content\/uploads\/2016\/05\/shaka-icone.png\" alt=\"shaka icone vote\" title=\"shaka icone vote\" \/> situ\u00e9 en dessous de chaque graphisme (ou en haut \u00e0 droite de la page du graphisme si tu es en pleine page.)<\/p>\n<p>\u2022 Une fois le vote fait, merci de patienter quelques secondes pour qu&#8217;il soit valid\u00e9 (une fen\u00eatre pop-up s&#8217;ouvrira pour confirmer que ton vote a bien \u00e9t\u00e9 valid\u00e9).<\/p>\n<p>\u2022 Partage ensuite sur les r\u00e9seaux sociaux les visuels que tu as s\u00e9lectionn\u00e9 pour leur donner un maximum de chance d\u2019\u00eatre imprim\u00e9s ! <\/p>\n<p>\u2022 Petit conseil, \u00e9tant donn\u00e9 que le nombre de vote est limit\u00e9 \u00e0 6 par personnes, n&#8217;h\u00e9sites pas \u00e0 faire dans un premier temps le tour des graphismes avant de faire tes choix d\u00e9finitifs (le m\u00eame graphisme est parfois disponible en diff\u00e9rentes couleurs&#8230;) \ud83d\ude09<\/p>\n<p>\u2022 Fin des votes le 25 Mai 2016.<\/p>\n<p>Merci \u00e0 tous, nous sommes une incroyable tribu !<\/p>\n<p style=\"text-align:center;font-weight:bold;\">Arnone-project, the kitewear aventure par des kitesurfeurs pour les kitesurfeurs<\/p>\n<\/div>\n<p>[\/toggle]<\/p>\n<p>[tabs tab1=&#8221;COLLEC. 2016&#8243;] [tab id=&#8221;tab1&#8243;][fv id=&#8221;4&#8243;][\/tab][\/tabs]<\/p>\n<p style=\"text-align: center; margin-top: 16px;font-size: 20px; color: #717e96;text-transform: uppercase;font-weight:800;font-family:verdana;line-height:40px;\"><strong><strong>Des id\u00e9es, des remarques pour la prochaine collection Arnone-project ?<\/p>\n<p style=\"color: #717e96;text-align: center;\"><a href=\"https:\/\/arnone-project.com\/contact\/\" style=\"color: #717e96;\"><img decoding=\"async\" src=\"https:\/\/arnone-project.com\/wp-content\/uploads\/2016\/05\/contact-mail.png\" \/><strong> Contacte-moi !<\/strong><\/a><\/p>\n<p style=\"color: #717e96;text-align: center;\">Merci pour votre soutien, nous sommes une incroyable tribu ! Yeah ! \ud83d\ude42<\/p>\n<p style=\"color: #717e96;text-align: center;font-size:14px;\">All graphics and pictures Copyright \u00a9 Arnone 2016 ~~ Thanks for watching &#038; thanks for support the kiteboarding culture!<\/p>\n","protected":false},"excerpt":{"rendered":"<p>[one_third class=&#8221;&#8221; last=&#8221;no&#8221; ] Participe \u00e0 cette aventure et s\u00e9lectionne les prochains graphismes qui seront imprim\u00e9s ! YEAH ! &nbsp;<\/p>\n","protected":false},"author":1,"featured_media":0,"parent":0,"menu_order":0,"comment_status":"closed","ping_status":"closed","template":"","meta":{"footnotes":""},"class_list":["post-12170","page","type-page","status-publish","hentry"],"yoast_head":"<!-- This site is optimized with the Yoast SEO plugin v27.5 - https:\/\/yoast.com\/product\/yoast-seo-wordpress\/ -->\n<title>T-shirts Kitesurf - collection 2016 - arnone-project<\/title>\n<meta name=\"robots\" content=\"index, follow, max-snippet:-1, max-image-preview:large, max-video-preview:-1\" \/>\n<link rel=\"canonical\" href=\"https:\/\/arnone-project.com\/fr\/t-shirts-kitesurf-collection-2016\/\" \/>\n<meta property=\"og:locale\" content=\"fr_FR\" \/>\n<meta property=\"og:type\" content=\"article\" \/>\n<meta property=\"og:title\" content=\"T-shirts Kitesurf - collection 2016 - arnone-project\" \/>\n<meta property=\"og:description\" content=\"[one_third class=&#8221;&#8221; last=&#8221;no&#8221; ] Participe \u00e0 cette aventure et s\u00e9lectionne les prochains graphismes qui seront imprim\u00e9s ! YEAH ! &nbsp;\" \/>\n<meta property=\"og:url\" content=\"https:\/\/arnone-project.com\/fr\/t-shirts-kitesurf-collection-2016\/\" \/>\n<meta property=\"og:site_name\" content=\"arnone-project\" \/>\n<meta property=\"article:publisher\" content=\"https:\/\/www.facebook.com\/arnone.project\/\" \/>\n<meta property=\"article:modified_time\" content=\"2016-05-12T17:40:14+00:00\" \/>\n<meta property=\"og:image\" content=\"https:\/\/arnone-project.com\/wp-content\/uploads\/2016\/05\/kitewear1.png\" \/>\n<meta name=\"twitter:card\" content=\"summary_large_image\" \/>\n<meta name=\"twitter:site\" content=\"@arnone_kite\" \/>\n<meta name=\"twitter:label1\" content=\"Dur\u00e9e de lecture estim\u00e9e\" \/>\n\t<meta name=\"twitter:data1\" content=\"2 minutes\" \/>\n<script type=\"application\/ld+json\" class=\"yoast-schema-graph\">{\"@context\":\"https:\\\/\\\/schema.org\",\"@graph\":[{\"@type\":\"WebPage\",\"@id\":\"https:\\\/\\\/arnone-project.com\\\/t-shirts-kitesurf-collection-2016\\\/\",\"url\":\"https:\\\/\\\/arnone-project.com\\\/t-shirts-kitesurf-collection-2016\\\/\",\"name\":\"T-shirts Kitesurf - collection 2016 - arnone-project\",\"isPartOf\":{\"@id\":\"https:\\\/\\\/arnone-project.com\\\/#website\"},\"primaryImageOfPage\":{\"@id\":\"https:\\\/\\\/arnone-project.com\\\/t-shirts-kitesurf-collection-2016\\\/#primaryimage\"},\"image\":{\"@id\":\"https:\\\/\\\/arnone-project.com\\\/t-shirts-kitesurf-collection-2016\\\/#primaryimage\"},\"thumbnailUrl\":\"https:\\\/\\\/arnone-project.com\\\/wp-content\\\/uploads\\\/2016\\\/05\\\/kitewear1.png\",\"datePublished\":\"2016-05-03T12:56:56+00:00\",\"dateModified\":\"2016-05-12T17:40:14+00:00\",\"breadcrumb\":{\"@id\":\"https:\\\/\\\/arnone-project.com\\\/t-shirts-kitesurf-collection-2016\\\/#breadcrumb\"},\"inLanguage\":\"fr-FR\",\"potentialAction\":[{\"@type\":\"ReadAction\",\"target\":[\"https:\\\/\\\/arnone-project.com\\\/t-shirts-kitesurf-collection-2016\\\/\"]}]},{\"@type\":\"ImageObject\",\"inLanguage\":\"fr-FR\",\"@id\":\"https:\\\/\\\/arnone-project.com\\\/t-shirts-kitesurf-collection-2016\\\/#primaryimage\",\"url\":\"https:\\\/\\\/arnone-project.com\\\/wp-content\\\/uploads\\\/2016\\\/05\\\/kitewear1.png\",\"contentUrl\":\"https:\\\/\\\/arnone-project.com\\\/wp-content\\\/uploads\\\/2016\\\/05\\\/kitewear1.png\"},{\"@type\":\"BreadcrumbList\",\"@id\":\"https:\\\/\\\/arnone-project.com\\\/t-shirts-kitesurf-collection-2016\\\/#breadcrumb\",\"itemListElement\":[{\"@type\":\"ListItem\",\"position\":1,\"name\":\"Accueil\",\"item\":\"https:\\\/\\\/arnone-project.com\\\/\"},{\"@type\":\"ListItem\",\"position\":2,\"name\":\"T-shirts Kitesurf &#8211; collection 2016\"}]},{\"@type\":\"WebSite\",\"@id\":\"https:\\\/\\\/arnone-project.com\\\/#website\",\"url\":\"https:\\\/\\\/arnone-project.com\\\/\",\"name\":\"arnone-project\",\"description\":\"Fun kitesurf &amp; lifestyle \u2014 ride, freedom, ocean\",\"publisher\":{\"@id\":\"https:\\\/\\\/arnone-project.com\\\/#organization\"},\"potentialAction\":[{\"@type\":\"SearchAction\",\"target\":{\"@type\":\"EntryPoint\",\"urlTemplate\":\"https:\\\/\\\/arnone-project.com\\\/?s={search_term_string}\"},\"query-input\":{\"@type\":\"PropertyValueSpecification\",\"valueRequired\":true,\"valueName\":\"search_term_string\"}}],\"inLanguage\":\"fr-FR\"},{\"@type\":\"Organization\",\"@id\":\"https:\\\/\\\/arnone-project.com\\\/#organization\",\"name\":\"Arnone\",\"url\":\"https:\\\/\\\/arnone-project.com\\\/\",\"logo\":{\"@type\":\"ImageObject\",\"inLanguage\":\"fr-FR\",\"@id\":\"https:\\\/\\\/arnone-project.com\\\/#\\\/schema\\\/logo\\\/image\\\/\",\"url\":\"https:\\\/\\\/arnone-project.com\\\/wp-content\\\/uploads\\\/2018\\\/10\\\/arnone-project-1.gif\",\"contentUrl\":\"https:\\\/\\\/arnone-project.com\\\/wp-content\\\/uploads\\\/2018\\\/10\\\/arnone-project-1.gif\",\"width\":250,\"height\":109,\"caption\":\"Arnone\"},\"image\":{\"@id\":\"https:\\\/\\\/arnone-project.com\\\/#\\\/schema\\\/logo\\\/image\\\/\"},\"sameAs\":[\"https:\\\/\\\/www.facebook.com\\\/arnone.project\\\/\",\"https:\\\/\\\/x.com\\\/arnone_kite\",\"https:\\\/\\\/www.instagram.com\\\/arnone_kite\\\/\"]}]}<\/script>\n<!-- \/ Yoast SEO plugin. -->","yoast_head_json":{"title":"T-shirts Kitesurf - collection 2016 - arnone-project","robots":{"index":"index","follow":"follow","max-snippet":"max-snippet:-1","max-image-preview":"max-image-preview:large","max-video-preview":"max-video-preview:-1"},"canonical":"https:\/\/arnone-project.com\/fr\/t-shirts-kitesurf-collection-2016\/","og_locale":"fr_FR","og_type":"article","og_title":"T-shirts Kitesurf - collection 2016 - arnone-project","og_description":"[one_third class=&#8221;&#8221; last=&#8221;no&#8221; ] Participe \u00e0 cette aventure et s\u00e9lectionne les prochains graphismes qui seront imprim\u00e9s ! YEAH ! &nbsp;","og_url":"https:\/\/arnone-project.com\/fr\/t-shirts-kitesurf-collection-2016\/","og_site_name":"arnone-project","article_publisher":"https:\/\/www.facebook.com\/arnone.project\/","article_modified_time":"2016-05-12T17:40:14+00:00","og_image":[{"url":"https:\/\/arnone-project.com\/wp-content\/uploads\/2016\/05\/kitewear1.png","type":"","width":"","height":""}],"twitter_card":"summary_large_image","twitter_site":"@arnone_kite","twitter_misc":{"Dur\u00e9e de lecture estim\u00e9e":"2 minutes"},"schema":{"@context":"https:\/\/schema.org","@graph":[{"@type":"WebPage","@id":"https:\/\/arnone-project.com\/t-shirts-kitesurf-collection-2016\/","url":"https:\/\/arnone-project.com\/t-shirts-kitesurf-collection-2016\/","name":"T-shirts Kitesurf - collection 2016 - arnone-project","isPartOf":{"@id":"https:\/\/arnone-project.com\/#website"},"primaryImageOfPage":{"@id":"https:\/\/arnone-project.com\/t-shirts-kitesurf-collection-2016\/#primaryimage"},"image":{"@id":"https:\/\/arnone-project.com\/t-shirts-kitesurf-collection-2016\/#primaryimage"},"thumbnailUrl":"https:\/\/arnone-project.com\/wp-content\/uploads\/2016\/05\/kitewear1.png","datePublished":"2016-05-03T12:56:56+00:00","dateModified":"2016-05-12T17:40:14+00:00","breadcrumb":{"@id":"https:\/\/arnone-project.com\/t-shirts-kitesurf-collection-2016\/#breadcrumb"},"inLanguage":"fr-FR","potentialAction":[{"@type":"ReadAction","target":["https:\/\/arnone-project.com\/t-shirts-kitesurf-collection-2016\/"]}]},{"@type":"ImageObject","inLanguage":"fr-FR","@id":"https:\/\/arnone-project.com\/t-shirts-kitesurf-collection-2016\/#primaryimage","url":"https:\/\/arnone-project.com\/wp-content\/uploads\/2016\/05\/kitewear1.png","contentUrl":"https:\/\/arnone-project.com\/wp-content\/uploads\/2016\/05\/kitewear1.png"},{"@type":"BreadcrumbList","@id":"https:\/\/arnone-project.com\/t-shirts-kitesurf-collection-2016\/#breadcrumb","itemListElement":[{"@type":"ListItem","position":1,"name":"Accueil","item":"https:\/\/arnone-project.com\/"},{"@type":"ListItem","position":2,"name":"T-shirts Kitesurf &#8211; collection 2016"}]},{"@type":"WebSite","@id":"https:\/\/arnone-project.com\/#website","url":"https:\/\/arnone-project.com\/","name":"arnone-project","description":"Fun kitesurf &amp; lifestyle \u2014 ride, freedom, ocean","publisher":{"@id":"https:\/\/arnone-project.com\/#organization"},"potentialAction":[{"@type":"SearchAction","target":{"@type":"EntryPoint","urlTemplate":"https:\/\/arnone-project.com\/?s={search_term_string}"},"query-input":{"@type":"PropertyValueSpecification","valueRequired":true,"valueName":"search_term_string"}}],"inLanguage":"fr-FR"},{"@type":"Organization","@id":"https:\/\/arnone-project.com\/#organization","name":"Arnone","url":"https:\/\/arnone-project.com\/","logo":{"@type":"ImageObject","inLanguage":"fr-FR","@id":"https:\/\/arnone-project.com\/#\/schema\/logo\/image\/","url":"https:\/\/arnone-project.com\/wp-content\/uploads\/2018\/10\/arnone-project-1.gif","contentUrl":"https:\/\/arnone-project.com\/wp-content\/uploads\/2018\/10\/arnone-project-1.gif","width":250,"height":109,"caption":"Arnone"},"image":{"@id":"https:\/\/arnone-project.com\/#\/schema\/logo\/image\/"},"sameAs":["https:\/\/www.facebook.com\/arnone.project\/","https:\/\/x.com\/arnone_kite","https:\/\/www.instagram.com\/arnone_kite\/"]}]}},"_links":{"self":[{"href":"https:\/\/arnone-project.com\/fr\/wp-json\/wp\/v2\/pages\/12170","targetHints":{"allow":["GET"]}}],"collection":[{"href":"https:\/\/arnone-project.com\/fr\/wp-json\/wp\/v2\/pages"}],"about":[{"href":"https:\/\/arnone-project.com\/fr\/wp-json\/wp\/v2\/types\/page"}],"author":[{"embeddable":true,"href":"https:\/\/arnone-project.com\/fr\/wp-json\/wp\/v2\/users\/1"}],"replies":[{"embeddable":true,"href":"https:\/\/arnone-project.com\/fr\/wp-json\/wp\/v2\/comments?post=12170"}],"version-history":[{"count":0,"href":"https:\/\/arnone-project.com\/fr\/wp-json\/wp\/v2\/pages\/12170\/revisions"}],"wp:attachment":[{"href":"https:\/\/arnone-project.com\/fr\/wp-json\/wp\/v2\/media?parent=12170"}],"curies":[{"name":"wp","href":"https:\/\/api.w.org\/{rel}","templated":true}]}}