{"id":9491,"date":"2015-04-15T00:04:20","date_gmt":"2015-04-14T23:04:20","guid":{"rendered":"https:\/\/arnone-project.com\/?page_id=9491"},"modified":"2015-04-20T23:55:35","modified_gmt":"2015-04-20T22:55:35","slug":"arnone-textile-femme","status":"publish","type":"page","link":"https:\/\/arnone-project.com\/en\/arnone-textile-femme\/","title":{"rendered":"arnone-textile-femme"},"content":{"rendered":"<p><img loading=\"lazy\" decoding=\"async\" class=\"aligncenter size-full wp-image-9337\" alt=\"arnone-project-retro\" src=\"https:\/\/arnone-project.com\/wp-content\/uploads\/2015\/04\/arnone-project-retro.jpg\" width=\"180\" height=\"174\" \/><\/p>\n<p><img loading=\"lazy\" decoding=\"async\" class=\"aligncenter size-full wp-image-9492\" alt=\"header-shop-sista\" src=\"https:\/\/arnone-project.com\/wp-content\/uploads\/2015\/04\/header-shop-sista.jpg\" width=\"1182\" height=\"391\" srcset=\"https:\/\/arnone-project.com\/wp-content\/uploads\/2015\/04\/header-shop-sista.jpg 1182w, https:\/\/arnone-project.com\/wp-content\/uploads\/2015\/04\/header-shop-sista-462x153.jpg 462w, https:\/\/arnone-project.com\/wp-content\/uploads\/2015\/04\/header-shop-sista-300x99.jpg 300w\" sizes=\"auto, (max-width: 1182px) 100vw, 1182px\" \/><img loading=\"lazy\" decoding=\"async\" class=\"aligncenter size-full wp-image-9494\" alt=\"kitesurfeuses\" src=\"https:\/\/arnone-project.com\/wp-content\/uploads\/2015\/04\/kitesurfeuses.png\" width=\"641\" height=\"35\" srcset=\"https:\/\/arnone-project.com\/wp-content\/uploads\/2015\/04\/kitesurfeuses.png 641w, https:\/\/arnone-project.com\/wp-content\/uploads\/2015\/04\/kitesurfeuses-462x25.png 462w, https:\/\/arnone-project.com\/wp-content\/uploads\/2015\/04\/kitesurfeuses-300x16.png 300w\" sizes=\"auto, (max-width: 641px) 100vw, 641px\" \/><\/p>\n<p><img decoding=\"async\" class=\"aligncenter size-full\" alt=\"\" src=\"https:\/\/arnone-project.com\/wp-content\/uploads\/2014\/08\/icon-protect-earth.png\" \/><\/p>\n<p style=\"text-align: center;\">COLLECTION FEMME<\/p>\n<p style=\"text-align: center;\">Projet textile collection &#8220;Spring \/ Summer 2015&#8221;<\/p>\n<p style=\"text-align: center;\">4 Motifs diff\u00e9rents \u00e0 s\u00e9rigraphier<\/p>\n<p style=\"text-align: center;\">&#8211;<\/p>\n<h1 style=\"text-align: center;\">\/\/\/\/\/\/\/\/\/\/\/\/ RETRO KITESISTA \/\/\/\/\/\/\/\/\/\/\/\/<\/h1>\n<p style=\"text-align: center;\">\u2022 10 pi\u00e8ces en Stella Flies IrisYellow (t-shirt court) , impression Bleu\u00a0 face avant \u2022<\/p>\n<p style=\"text-align: center;\"><img loading=\"lazy\" decoding=\"async\" class=\"aligncenter size-full wp-image-9548\" alt=\"jaune\" src=\"https:\/\/arnone-project.com\/wp-content\/uploads\/2015\/04\/jaune1.jpg\" width=\"1000\" height=\"799\" srcset=\"https:\/\/arnone-project.com\/wp-content\/uploads\/2015\/04\/jaune1.jpg 1000w, https:\/\/arnone-project.com\/wp-content\/uploads\/2015\/04\/jaune1-462x369.jpg 462w, https:\/\/arnone-project.com\/wp-content\/uploads\/2015\/04\/jaune1-300x239.jpg 300w\" sizes=\"auto, (max-width: 1000px) 100vw, 1000px\" \/>\u2022 10 pi\u00e8ces en Stella flies Mint Green, impression Bleu\u00a0 face avant \u2022<\/p>\n<h1 style=\"text-align: center;\"><img loading=\"lazy\" decoding=\"async\" class=\"aligncenter size-full wp-image-9550\" alt=\"vert\" src=\"https:\/\/arnone-project.com\/wp-content\/uploads\/2015\/04\/vert.jpg\" width=\"1000\" height=\"799\" srcset=\"https:\/\/arnone-project.com\/wp-content\/uploads\/2015\/04\/vert.jpg 1000w, https:\/\/arnone-project.com\/wp-content\/uploads\/2015\/04\/vert-462x369.jpg 462w, https:\/\/arnone-project.com\/wp-content\/uploads\/2015\/04\/vert-300x239.jpg 300w\" sizes=\"auto, (max-width: 1000px) 100vw, 1000px\" \/>\/\/\/\/\/\/\/\/\/\/\/\/ GRAND MA&#8217; CONSEIL \/\/\/\/\/\/\/\/\/\/\/\/<\/h1>\n<p style=\"text-align: center;\">\u2022 10 pi\u00e8ces en Stella LOVES TURQUOISE , impression VIOLET\u00a0 face avant \u2022<\/p>\n<p style=\"text-align: center;\"><img loading=\"lazy\" decoding=\"async\" class=\"aligncenter size-full wp-image-9511\" alt=\"preview\" src=\"https:\/\/arnone-project.com\/wp-content\/uploads\/2015\/04\/preview.jpg\" width=\"1000\" height=\"799\" srcset=\"https:\/\/arnone-project.com\/wp-content\/uploads\/2015\/04\/preview.jpg 1000w, https:\/\/arnone-project.com\/wp-content\/uploads\/2015\/04\/preview-462x369.jpg 462w, https:\/\/arnone-project.com\/wp-content\/uploads\/2015\/04\/preview-300x239.jpg 300w\" sizes=\"auto, (max-width: 1000px) 100vw, 1000px\" \/>\u2022 10 pi\u00e8ces en Couleur BLANC , impression VIOLET face avant \u2022<\/p>\n<h1 style=\"text-align: center;\"><img loading=\"lazy\" decoding=\"async\" class=\"aligncenter size-full wp-image-9514\" alt=\"preview-grammywhite\" src=\"https:\/\/arnone-project.com\/wp-content\/uploads\/2015\/04\/preview-grammywhite.jpg\" width=\"1000\" height=\"799\" srcset=\"https:\/\/arnone-project.com\/wp-content\/uploads\/2015\/04\/preview-grammywhite.jpg 1000w, https:\/\/arnone-project.com\/wp-content\/uploads\/2015\/04\/preview-grammywhite-462x369.jpg 462w, https:\/\/arnone-project.com\/wp-content\/uploads\/2015\/04\/preview-grammywhite-300x239.jpg 300w\" sizes=\"auto, (max-width: 1000px) 100vw, 1000px\" \/>\/\/\/\/\/\/\/\/\/\/\/\/ TIME TO KITE \/\/\/\/\/\/\/\/\/\/\/\/<\/h1>\n<p style=\"text-align: center;\">\u2022 15\u00a0 pi\u00e8ces Stella d\u00e9bardeur WHISTLES BLANC, impression couleur BLEUE face avant \u2022<\/p>\n<h1 style=\"text-align: center;\"><img loading=\"lazy\" decoding=\"async\" class=\"aligncenter size-full wp-image-9554\" alt=\"time-to-kite\" src=\"https:\/\/arnone-project.com\/wp-content\/uploads\/2015\/04\/time-to-kite1.jpg\" width=\"1000\" height=\"799\" srcset=\"https:\/\/arnone-project.com\/wp-content\/uploads\/2015\/04\/time-to-kite1.jpg 1000w, https:\/\/arnone-project.com\/wp-content\/uploads\/2015\/04\/time-to-kite1-462x369.jpg 462w, https:\/\/arnone-project.com\/wp-content\/uploads\/2015\/04\/time-to-kite1-300x239.jpg 300w\" sizes=\"auto, (max-width: 1000px) 100vw, 1000px\" \/><\/h1>\n<p style=\"text-align: center;\">\u2022 15\u00a0 pi\u00e8ces pull Stella Amazes Tencel COULEUR HEATHER PINK, impression couleur BLEUE face avant \u2022<\/p>\n<h1 style=\"text-align: center;\"><img loading=\"lazy\" decoding=\"async\" class=\"aligncenter size-full wp-image-9503\" alt=\"time-to-kite-pull\" src=\"https:\/\/arnone-project.com\/wp-content\/uploads\/2015\/04\/time-to-kite-pull.jpg\" width=\"1000\" height=\"799\" srcset=\"https:\/\/arnone-project.com\/wp-content\/uploads\/2015\/04\/time-to-kite-pull.jpg 1000w, https:\/\/arnone-project.com\/wp-content\/uploads\/2015\/04\/time-to-kite-pull-462x369.jpg 462w, https:\/\/arnone-project.com\/wp-content\/uploads\/2015\/04\/time-to-kite-pull-300x239.jpg 300w\" sizes=\"auto, (max-width: 1000px) 100vw, 1000px\" \/><\/h1>\n<h1 style=\"text-align: center;\"><\/h1>\n","protected":false},"excerpt":{"rendered":"<p>COLLECTION FEMME Projet textile collection &#8220;Spring \/ Summer 2015&#8221; 4 Motifs diff\u00e9rents \u00e0 s\u00e9rigraphier &#8211; \/\/\/\/\/\/\/\/\/\/\/\/ RETRO KITESISTA \/\/\/\/\/\/\/\/\/\/\/\/ \u2022<\/p>\n","protected":false},"author":1,"featured_media":0,"parent":0,"menu_order":0,"comment_status":"closed","ping_status":"closed","template":"","meta":{"footnotes":""},"class_list":["post-9491","page","type-page","status-publish","hentry"],"yoast_head":"<!-- This site is optimized with the Yoast SEO plugin v27.3 - https:\/\/yoast.com\/product\/yoast-seo-wordpress\/ -->\n<title>arnone-textile-femme - arnone-project<\/title>\n<meta name=\"robots\" content=\"index, follow, max-snippet:-1, max-image-preview:large, max-video-preview:-1\" \/>\n<link rel=\"canonical\" href=\"https:\/\/arnone-project.com\/en\/arnone-textile-femme\/\" \/>\n<meta property=\"og:locale\" content=\"en_US\" \/>\n<meta property=\"og:type\" content=\"article\" \/>\n<meta property=\"og:title\" content=\"arnone-textile-femme - arnone-project\" \/>\n<meta property=\"og:description\" content=\"COLLECTION FEMME Projet textile collection &#8220;Spring \/ Summer 2015&#8221; 4 Motifs diff\u00e9rents \u00e0 s\u00e9rigraphier &#8211; \/\/\/\/\/\/\/\/\/\/\/\/ RETRO KITESISTA \/\/\/\/\/\/\/\/\/\/\/\/ \u2022\" \/>\n<meta property=\"og:url\" content=\"https:\/\/arnone-project.com\/en\/arnone-textile-femme\/\" \/>\n<meta property=\"og:site_name\" content=\"arnone-project\" \/>\n<meta property=\"article:publisher\" content=\"https:\/\/www.facebook.com\/arnone.project\/\" \/>\n<meta property=\"article:modified_time\" content=\"2015-04-20T22:55:35+00:00\" \/>\n<meta property=\"og:image\" content=\"https:\/\/arnone-project.com\/wp-content\/uploads\/2015\/04\/arnone-project-retro.jpg\" \/>\n<meta name=\"twitter:card\" content=\"summary_large_image\" \/>\n<meta name=\"twitter:site\" content=\"@arnone_kite\" \/>\n<script type=\"application\/ld+json\" class=\"yoast-schema-graph\">{\"@context\":\"https:\\\/\\\/schema.org\",\"@graph\":[{\"@type\":\"WebPage\",\"@id\":\"https:\\\/\\\/arnone-project.com\\\/arnone-textile-femme\\\/\",\"url\":\"https:\\\/\\\/arnone-project.com\\\/arnone-textile-femme\\\/\",\"name\":\"arnone-textile-femme - arnone-project\",\"isPartOf\":{\"@id\":\"https:\\\/\\\/arnone-project.com\\\/#website\"},\"primaryImageOfPage\":{\"@id\":\"https:\\\/\\\/arnone-project.com\\\/arnone-textile-femme\\\/#primaryimage\"},\"image\":{\"@id\":\"https:\\\/\\\/arnone-project.com\\\/arnone-textile-femme\\\/#primaryimage\"},\"thumbnailUrl\":\"https:\\\/\\\/arnone-project.com\\\/wp-content\\\/uploads\\\/2015\\\/04\\\/arnone-project-retro.jpg\",\"datePublished\":\"2015-04-14T23:04:20+00:00\",\"dateModified\":\"2015-04-20T22:55:35+00:00\",\"breadcrumb\":{\"@id\":\"https:\\\/\\\/arnone-project.com\\\/arnone-textile-femme\\\/#breadcrumb\"},\"inLanguage\":\"en-US\",\"potentialAction\":[{\"@type\":\"ReadAction\",\"target\":[\"https:\\\/\\\/arnone-project.com\\\/arnone-textile-femme\\\/\"]}]},{\"@type\":\"ImageObject\",\"inLanguage\":\"en-US\",\"@id\":\"https:\\\/\\\/arnone-project.com\\\/arnone-textile-femme\\\/#primaryimage\",\"url\":\"https:\\\/\\\/arnone-project.com\\\/wp-content\\\/uploads\\\/2015\\\/04\\\/arnone-project-retro.jpg\",\"contentUrl\":\"https:\\\/\\\/arnone-project.com\\\/wp-content\\\/uploads\\\/2015\\\/04\\\/arnone-project-retro.jpg\"},{\"@type\":\"BreadcrumbList\",\"@id\":\"https:\\\/\\\/arnone-project.com\\\/arnone-textile-femme\\\/#breadcrumb\",\"itemListElement\":[{\"@type\":\"ListItem\",\"position\":1,\"name\":\"Accueil\",\"item\":\"https:\\\/\\\/arnone-project.com\\\/\"},{\"@type\":\"ListItem\",\"position\":2,\"name\":\"arnone-textile-femme\"}]},{\"@type\":\"WebSite\",\"@id\":\"https:\\\/\\\/arnone-project.com\\\/#website\",\"url\":\"https:\\\/\\\/arnone-project.com\\\/\",\"name\":\"arnone-project\",\"description\":\"Fun kitesurf &amp; lifestyle \u2014 ride, freedom, ocean\",\"publisher\":{\"@id\":\"https:\\\/\\\/arnone-project.com\\\/#organization\"},\"potentialAction\":[{\"@type\":\"SearchAction\",\"target\":{\"@type\":\"EntryPoint\",\"urlTemplate\":\"https:\\\/\\\/arnone-project.com\\\/?s={search_term_string}\"},\"query-input\":{\"@type\":\"PropertyValueSpecification\",\"valueRequired\":true,\"valueName\":\"search_term_string\"}}],\"inLanguage\":\"en-US\"},{\"@type\":\"Organization\",\"@id\":\"https:\\\/\\\/arnone-project.com\\\/#organization\",\"name\":\"Arnone\",\"url\":\"https:\\\/\\\/arnone-project.com\\\/\",\"logo\":{\"@type\":\"ImageObject\",\"inLanguage\":\"en-US\",\"@id\":\"https:\\\/\\\/arnone-project.com\\\/#\\\/schema\\\/logo\\\/image\\\/\",\"url\":\"https:\\\/\\\/arnone-project.com\\\/wp-content\\\/uploads\\\/2018\\\/10\\\/arnone-project-1.gif\",\"contentUrl\":\"https:\\\/\\\/arnone-project.com\\\/wp-content\\\/uploads\\\/2018\\\/10\\\/arnone-project-1.gif\",\"width\":250,\"height\":109,\"caption\":\"Arnone\"},\"image\":{\"@id\":\"https:\\\/\\\/arnone-project.com\\\/#\\\/schema\\\/logo\\\/image\\\/\"},\"sameAs\":[\"https:\\\/\\\/www.facebook.com\\\/arnone.project\\\/\",\"https:\\\/\\\/x.com\\\/arnone_kite\",\"https:\\\/\\\/www.instagram.com\\\/arnone_kite\\\/\"]}]}<\/script>\n<!-- \/ Yoast SEO plugin. -->","yoast_head_json":{"title":"arnone-textile-femme - arnone-project","robots":{"index":"index","follow":"follow","max-snippet":"max-snippet:-1","max-image-preview":"max-image-preview:large","max-video-preview":"max-video-preview:-1"},"canonical":"https:\/\/arnone-project.com\/en\/arnone-textile-femme\/","og_locale":"en_US","og_type":"article","og_title":"arnone-textile-femme - arnone-project","og_description":"COLLECTION FEMME Projet textile collection &#8220;Spring \/ Summer 2015&#8221; 4 Motifs diff\u00e9rents \u00e0 s\u00e9rigraphier &#8211; \/\/\/\/\/\/\/\/\/\/\/\/ RETRO KITESISTA \/\/\/\/\/\/\/\/\/\/\/\/ \u2022","og_url":"https:\/\/arnone-project.com\/en\/arnone-textile-femme\/","og_site_name":"arnone-project","article_publisher":"https:\/\/www.facebook.com\/arnone.project\/","article_modified_time":"2015-04-20T22:55:35+00:00","og_image":[{"url":"https:\/\/arnone-project.com\/wp-content\/uploads\/2015\/04\/arnone-project-retro.jpg","type":"","width":"","height":""}],"twitter_card":"summary_large_image","twitter_site":"@arnone_kite","schema":{"@context":"https:\/\/schema.org","@graph":[{"@type":"WebPage","@id":"https:\/\/arnone-project.com\/arnone-textile-femme\/","url":"https:\/\/arnone-project.com\/arnone-textile-femme\/","name":"arnone-textile-femme - arnone-project","isPartOf":{"@id":"https:\/\/arnone-project.com\/#website"},"primaryImageOfPage":{"@id":"https:\/\/arnone-project.com\/arnone-textile-femme\/#primaryimage"},"image":{"@id":"https:\/\/arnone-project.com\/arnone-textile-femme\/#primaryimage"},"thumbnailUrl":"https:\/\/arnone-project.com\/wp-content\/uploads\/2015\/04\/arnone-project-retro.jpg","datePublished":"2015-04-14T23:04:20+00:00","dateModified":"2015-04-20T22:55:35+00:00","breadcrumb":{"@id":"https:\/\/arnone-project.com\/arnone-textile-femme\/#breadcrumb"},"inLanguage":"en-US","potentialAction":[{"@type":"ReadAction","target":["https:\/\/arnone-project.com\/arnone-textile-femme\/"]}]},{"@type":"ImageObject","inLanguage":"en-US","@id":"https:\/\/arnone-project.com\/arnone-textile-femme\/#primaryimage","url":"https:\/\/arnone-project.com\/wp-content\/uploads\/2015\/04\/arnone-project-retro.jpg","contentUrl":"https:\/\/arnone-project.com\/wp-content\/uploads\/2015\/04\/arnone-project-retro.jpg"},{"@type":"BreadcrumbList","@id":"https:\/\/arnone-project.com\/arnone-textile-femme\/#breadcrumb","itemListElement":[{"@type":"ListItem","position":1,"name":"Accueil","item":"https:\/\/arnone-project.com\/"},{"@type":"ListItem","position":2,"name":"arnone-textile-femme"}]},{"@type":"WebSite","@id":"https:\/\/arnone-project.com\/#website","url":"https:\/\/arnone-project.com\/","name":"arnone-project","description":"Fun kitesurf &amp; lifestyle \u2014 ride, freedom, ocean","publisher":{"@id":"https:\/\/arnone-project.com\/#organization"},"potentialAction":[{"@type":"SearchAction","target":{"@type":"EntryPoint","urlTemplate":"https:\/\/arnone-project.com\/?s={search_term_string}"},"query-input":{"@type":"PropertyValueSpecification","valueRequired":true,"valueName":"search_term_string"}}],"inLanguage":"en-US"},{"@type":"Organization","@id":"https:\/\/arnone-project.com\/#organization","name":"Arnone","url":"https:\/\/arnone-project.com\/","logo":{"@type":"ImageObject","inLanguage":"en-US","@id":"https:\/\/arnone-project.com\/#\/schema\/logo\/image\/","url":"https:\/\/arnone-project.com\/wp-content\/uploads\/2018\/10\/arnone-project-1.gif","contentUrl":"https:\/\/arnone-project.com\/wp-content\/uploads\/2018\/10\/arnone-project-1.gif","width":250,"height":109,"caption":"Arnone"},"image":{"@id":"https:\/\/arnone-project.com\/#\/schema\/logo\/image\/"},"sameAs":["https:\/\/www.facebook.com\/arnone.project\/","https:\/\/x.com\/arnone_kite","https:\/\/www.instagram.com\/arnone_kite\/"]}]}},"_links":{"self":[{"href":"https:\/\/arnone-project.com\/en\/wp-json\/wp\/v2\/pages\/9491","targetHints":{"allow":["GET"]}}],"collection":[{"href":"https:\/\/arnone-project.com\/en\/wp-json\/wp\/v2\/pages"}],"about":[{"href":"https:\/\/arnone-project.com\/en\/wp-json\/wp\/v2\/types\/page"}],"author":[{"embeddable":true,"href":"https:\/\/arnone-project.com\/en\/wp-json\/wp\/v2\/users\/1"}],"replies":[{"embeddable":true,"href":"https:\/\/arnone-project.com\/en\/wp-json\/wp\/v2\/comments?post=9491"}],"version-history":[{"count":0,"href":"https:\/\/arnone-project.com\/en\/wp-json\/wp\/v2\/pages\/9491\/revisions"}],"wp:attachment":[{"href":"https:\/\/arnone-project.com\/en\/wp-json\/wp\/v2\/media?parent=9491"}],"curies":[{"name":"wp","href":"https:\/\/api.w.org\/{rel}","templated":true}]}}