{"id":8602,"date":"2015-01-12T14:14:47","date_gmt":"2015-01-12T13:14:47","guid":{"rendered":"https:\/\/arnone-project.com\/?page_id=8602"},"modified":"2015-08-04T23:24:06","modified_gmt":"2015-08-04T22:24:06","slug":"stickers-kitesurf-2","status":"publish","type":"page","link":"https:\/\/arnone-project.com\/en\/stickers-kitesurf-2\/","title":{"rendered":"stickers kitesurf"},"content":{"rendered":"<p>[border ]<\/p>\n<h1 style=\"text-align: center;\">Stickers gratuits \/\/\/ Nouveaut\u00e9s \/\/\/ Concours !<\/h1>\n<p style=\"text-align: center;\">Rejoins toi aussi la tribu pour b\u00e9n\u00e9ficier de tous les avantages (stickers, concours, bons plans et nouveaut\u00e9s)<br \/>\n<img loading=\"lazy\" decoding=\"async\" class=\"aligncenter size-full wp-image-5910\" alt=\"inscription-newsletter\" src=\"https:\/\/arnone-project.com\/wp-content\/uploads\/2014\/12\/inscription-newsletter.jpg\" width=\"1202\" height=\"655\" srcset=\"https:\/\/arnone-project.com\/wp-content\/uploads\/2014\/12\/inscription-newsletter.jpg 1202w, https:\/\/arnone-project.com\/wp-content\/uploads\/2014\/12\/inscription-newsletter-462x252.jpg 462w, https:\/\/arnone-project.com\/wp-content\/uploads\/2014\/12\/inscription-newsletter-300x163.jpg 300w\" sizes=\"auto, (max-width: 1202px) 100vw, 1202px\" \/><\/p>\n<div style=\"text-align: center; font-size: 25px; line-height: 30px; background: #fd4d00; border: solid 3px #fd4d00; padding: 2px 3px; border-radius: 4px; margin: auto; width: 50%; color: #fff;\">Rejoins-nous maintenant ! <img loading=\"lazy\" decoding=\"async\" alt=\"fleche-bas\" src=\"https:\/\/arnone-project.com\/wp-content\/uploads\/2014\/12\/fleche-bas.png\" width=\"21\" height=\"14\" \/><\/div>\n<div style=\"width: 280px; margin: auto; padding: 10px;\">[mailchimpsf_form]<\/div>\n","protected":false},"excerpt":{"rendered":"<p>[border ] Stickers gratuits \/\/\/ Nouveaut\u00e9s \/\/\/ Concours ! Rejoins toi aussi la tribu pour b\u00e9n\u00e9ficier de tous les avantages<\/p>\n","protected":false},"author":1,"featured_media":0,"parent":0,"menu_order":0,"comment_status":"closed","ping_status":"closed","template":"","meta":{"footnotes":""},"class_list":["post-8602","page","type-page","status-publish","hentry"],"yoast_head":"<!-- This site is optimized with the Yoast SEO plugin v27.3 - https:\/\/yoast.com\/product\/yoast-seo-wordpress\/ -->\n<title>stickers kitesurf - arnone-project<\/title>\n<meta name=\"robots\" content=\"index, follow, max-snippet:-1, max-image-preview:large, max-video-preview:-1\" \/>\n<link rel=\"canonical\" href=\"https:\/\/arnone-project.com\/en\/stickers-kitesurf-2\/\" \/>\n<meta property=\"og:locale\" content=\"en_US\" \/>\n<meta property=\"og:type\" content=\"article\" \/>\n<meta property=\"og:title\" content=\"stickers kitesurf - arnone-project\" \/>\n<meta property=\"og:description\" content=\"[border ] Stickers gratuits \/\/\/ Nouveaut\u00e9s \/\/\/ Concours ! Rejoins toi aussi la tribu pour b\u00e9n\u00e9ficier de tous les avantages\" \/>\n<meta property=\"og:url\" content=\"https:\/\/arnone-project.com\/en\/stickers-kitesurf-2\/\" \/>\n<meta property=\"og:site_name\" content=\"arnone-project\" \/>\n<meta property=\"article:publisher\" content=\"https:\/\/www.facebook.com\/arnone.project\/\" \/>\n<meta property=\"article:modified_time\" content=\"2015-08-04T22:24:06+00:00\" \/>\n<meta property=\"og:image\" content=\"https:\/\/arnone-project.com\/wp-content\/uploads\/2014\/12\/inscription-newsletter.jpg\" \/>\n<meta name=\"twitter:card\" content=\"summary_large_image\" \/>\n<meta name=\"twitter:site\" content=\"@arnone_kite\" \/>\n<script type=\"application\/ld+json\" class=\"yoast-schema-graph\">{\"@context\":\"https:\\\/\\\/schema.org\",\"@graph\":[{\"@type\":\"WebPage\",\"@id\":\"https:\\\/\\\/arnone-project.com\\\/stickers-kitesurf-2\\\/\",\"url\":\"https:\\\/\\\/arnone-project.com\\\/stickers-kitesurf-2\\\/\",\"name\":\"stickers kitesurf - arnone-project\",\"isPartOf\":{\"@id\":\"https:\\\/\\\/arnone-project.com\\\/#website\"},\"primaryImageOfPage\":{\"@id\":\"https:\\\/\\\/arnone-project.com\\\/stickers-kitesurf-2\\\/#primaryimage\"},\"image\":{\"@id\":\"https:\\\/\\\/arnone-project.com\\\/stickers-kitesurf-2\\\/#primaryimage\"},\"thumbnailUrl\":\"https:\\\/\\\/arnone-project.com\\\/wp-content\\\/uploads\\\/2014\\\/12\\\/inscription-newsletter.jpg\",\"datePublished\":\"2015-01-12T13:14:47+00:00\",\"dateModified\":\"2015-08-04T22:24:06+00:00\",\"breadcrumb\":{\"@id\":\"https:\\\/\\\/arnone-project.com\\\/stickers-kitesurf-2\\\/#breadcrumb\"},\"inLanguage\":\"en-US\",\"potentialAction\":[{\"@type\":\"ReadAction\",\"target\":[\"https:\\\/\\\/arnone-project.com\\\/stickers-kitesurf-2\\\/\"]}]},{\"@type\":\"ImageObject\",\"inLanguage\":\"en-US\",\"@id\":\"https:\\\/\\\/arnone-project.com\\\/stickers-kitesurf-2\\\/#primaryimage\",\"url\":\"https:\\\/\\\/arnone-project.com\\\/wp-content\\\/uploads\\\/2014\\\/12\\\/inscription-newsletter.jpg\",\"contentUrl\":\"https:\\\/\\\/arnone-project.com\\\/wp-content\\\/uploads\\\/2014\\\/12\\\/inscription-newsletter.jpg\"},{\"@type\":\"BreadcrumbList\",\"@id\":\"https:\\\/\\\/arnone-project.com\\\/stickers-kitesurf-2\\\/#breadcrumb\",\"itemListElement\":[{\"@type\":\"ListItem\",\"position\":1,\"name\":\"Accueil\",\"item\":\"https:\\\/\\\/arnone-project.com\\\/\"},{\"@type\":\"ListItem\",\"position\":2,\"name\":\"stickers kitesurf\"}]},{\"@type\":\"WebSite\",\"@id\":\"https:\\\/\\\/arnone-project.com\\\/#website\",\"url\":\"https:\\\/\\\/arnone-project.com\\\/\",\"name\":\"arnone-project\",\"description\":\"Fun kitesurf &amp; lifestyle \u2014 ride, freedom, ocean\",\"publisher\":{\"@id\":\"https:\\\/\\\/arnone-project.com\\\/#organization\"},\"potentialAction\":[{\"@type\":\"SearchAction\",\"target\":{\"@type\":\"EntryPoint\",\"urlTemplate\":\"https:\\\/\\\/arnone-project.com\\\/?s={search_term_string}\"},\"query-input\":{\"@type\":\"PropertyValueSpecification\",\"valueRequired\":true,\"valueName\":\"search_term_string\"}}],\"inLanguage\":\"en-US\"},{\"@type\":\"Organization\",\"@id\":\"https:\\\/\\\/arnone-project.com\\\/#organization\",\"name\":\"Arnone\",\"url\":\"https:\\\/\\\/arnone-project.com\\\/\",\"logo\":{\"@type\":\"ImageObject\",\"inLanguage\":\"en-US\",\"@id\":\"https:\\\/\\\/arnone-project.com\\\/#\\\/schema\\\/logo\\\/image\\\/\",\"url\":\"https:\\\/\\\/arnone-project.com\\\/wp-content\\\/uploads\\\/2018\\\/10\\\/arnone-project-1.gif\",\"contentUrl\":\"https:\\\/\\\/arnone-project.com\\\/wp-content\\\/uploads\\\/2018\\\/10\\\/arnone-project-1.gif\",\"width\":250,\"height\":109,\"caption\":\"Arnone\"},\"image\":{\"@id\":\"https:\\\/\\\/arnone-project.com\\\/#\\\/schema\\\/logo\\\/image\\\/\"},\"sameAs\":[\"https:\\\/\\\/www.facebook.com\\\/arnone.project\\\/\",\"https:\\\/\\\/x.com\\\/arnone_kite\",\"https:\\\/\\\/www.instagram.com\\\/arnone_kite\\\/\"]}]}<\/script>\n<!-- \/ Yoast SEO plugin. -->","yoast_head_json":{"title":"stickers kitesurf - arnone-project","robots":{"index":"index","follow":"follow","max-snippet":"max-snippet:-1","max-image-preview":"max-image-preview:large","max-video-preview":"max-video-preview:-1"},"canonical":"https:\/\/arnone-project.com\/en\/stickers-kitesurf-2\/","og_locale":"en_US","og_type":"article","og_title":"stickers kitesurf - arnone-project","og_description":"[border ] Stickers gratuits \/\/\/ Nouveaut\u00e9s \/\/\/ Concours ! Rejoins toi aussi la tribu pour b\u00e9n\u00e9ficier de tous les avantages","og_url":"https:\/\/arnone-project.com\/en\/stickers-kitesurf-2\/","og_site_name":"arnone-project","article_publisher":"https:\/\/www.facebook.com\/arnone.project\/","article_modified_time":"2015-08-04T22:24:06+00:00","og_image":[{"url":"https:\/\/arnone-project.com\/wp-content\/uploads\/2014\/12\/inscription-newsletter.jpg","type":"","width":"","height":""}],"twitter_card":"summary_large_image","twitter_site":"@arnone_kite","schema":{"@context":"https:\/\/schema.org","@graph":[{"@type":"WebPage","@id":"https:\/\/arnone-project.com\/stickers-kitesurf-2\/","url":"https:\/\/arnone-project.com\/stickers-kitesurf-2\/","name":"stickers kitesurf - arnone-project","isPartOf":{"@id":"https:\/\/arnone-project.com\/#website"},"primaryImageOfPage":{"@id":"https:\/\/arnone-project.com\/stickers-kitesurf-2\/#primaryimage"},"image":{"@id":"https:\/\/arnone-project.com\/stickers-kitesurf-2\/#primaryimage"},"thumbnailUrl":"https:\/\/arnone-project.com\/wp-content\/uploads\/2014\/12\/inscription-newsletter.jpg","datePublished":"2015-01-12T13:14:47+00:00","dateModified":"2015-08-04T22:24:06+00:00","breadcrumb":{"@id":"https:\/\/arnone-project.com\/stickers-kitesurf-2\/#breadcrumb"},"inLanguage":"en-US","potentialAction":[{"@type":"ReadAction","target":["https:\/\/arnone-project.com\/stickers-kitesurf-2\/"]}]},{"@type":"ImageObject","inLanguage":"en-US","@id":"https:\/\/arnone-project.com\/stickers-kitesurf-2\/#primaryimage","url":"https:\/\/arnone-project.com\/wp-content\/uploads\/2014\/12\/inscription-newsletter.jpg","contentUrl":"https:\/\/arnone-project.com\/wp-content\/uploads\/2014\/12\/inscription-newsletter.jpg"},{"@type":"BreadcrumbList","@id":"https:\/\/arnone-project.com\/stickers-kitesurf-2\/#breadcrumb","itemListElement":[{"@type":"ListItem","position":1,"name":"Accueil","item":"https:\/\/arnone-project.com\/"},{"@type":"ListItem","position":2,"name":"stickers kitesurf"}]},{"@type":"WebSite","@id":"https:\/\/arnone-project.com\/#website","url":"https:\/\/arnone-project.com\/","name":"arnone-project","description":"Fun kitesurf &amp; lifestyle \u2014 ride, freedom, ocean","publisher":{"@id":"https:\/\/arnone-project.com\/#organization"},"potentialAction":[{"@type":"SearchAction","target":{"@type":"EntryPoint","urlTemplate":"https:\/\/arnone-project.com\/?s={search_term_string}"},"query-input":{"@type":"PropertyValueSpecification","valueRequired":true,"valueName":"search_term_string"}}],"inLanguage":"en-US"},{"@type":"Organization","@id":"https:\/\/arnone-project.com\/#organization","name":"Arnone","url":"https:\/\/arnone-project.com\/","logo":{"@type":"ImageObject","inLanguage":"en-US","@id":"https:\/\/arnone-project.com\/#\/schema\/logo\/image\/","url":"https:\/\/arnone-project.com\/wp-content\/uploads\/2018\/10\/arnone-project-1.gif","contentUrl":"https:\/\/arnone-project.com\/wp-content\/uploads\/2018\/10\/arnone-project-1.gif","width":250,"height":109,"caption":"Arnone"},"image":{"@id":"https:\/\/arnone-project.com\/#\/schema\/logo\/image\/"},"sameAs":["https:\/\/www.facebook.com\/arnone.project\/","https:\/\/x.com\/arnone_kite","https:\/\/www.instagram.com\/arnone_kite\/"]}]}},"_links":{"self":[{"href":"https:\/\/arnone-project.com\/en\/wp-json\/wp\/v2\/pages\/8602","targetHints":{"allow":["GET"]}}],"collection":[{"href":"https:\/\/arnone-project.com\/en\/wp-json\/wp\/v2\/pages"}],"about":[{"href":"https:\/\/arnone-project.com\/en\/wp-json\/wp\/v2\/types\/page"}],"author":[{"embeddable":true,"href":"https:\/\/arnone-project.com\/en\/wp-json\/wp\/v2\/users\/1"}],"replies":[{"embeddable":true,"href":"https:\/\/arnone-project.com\/en\/wp-json\/wp\/v2\/comments?post=8602"}],"version-history":[{"count":0,"href":"https:\/\/arnone-project.com\/en\/wp-json\/wp\/v2\/pages\/8602\/revisions"}],"wp:attachment":[{"href":"https:\/\/arnone-project.com\/en\/wp-json\/wp\/v2\/media?parent=8602"}],"curies":[{"name":"wp","href":"https:\/\/api.w.org\/{rel}","templated":true}]}}