{"id":604,"date":"2013-08-13T16:41:54","date_gmt":"2013-08-13T15:41:54","guid":{"rendered":"https:\/\/arnone-project.com\/?page_id=604"},"modified":"2021-11-02T23:08:38","modified_gmt":"2021-11-02T22:08:38","slug":"livraison","status":"publish","type":"page","link":"https:\/\/arnone-project.com\/en\/livraison\/","title":{"rendered":"Livraison"},"content":{"rendered":"<h1>Livraison et frais de port<\/h1>\n<p>ARNONE livre &#8220;quasiment&#8221; dans le monde entier gratuitement.<\/p>\n<p>Pour la <strong>France m\u00e9tropolitaine<\/strong>, les commandes sont exp\u00e9di\u00e9es en Colissimo par La Poste.<\/p>\n<p>Pour l&#8217;<strong>Europe et le reste du monde<\/strong>, le client dispose d&#8217;une livraison dont les d\u00e9lais diff\u00e8rent d&#8217;un pays \u00e0 l&#8217;autre.<\/p>\n<p>A titre strictement indicatif, les d\u00e9lais de livraison varient de 4 jours \u00e0 1 mois pour certains pays (Italie, USA, Belgique\u2026), \u00e0 compter de l&#8217;exp\u00e9dition.<\/p>\n<p>Lorsque l&#8217;envoi a \u00e9t\u00e9 effectu\u00e9 en suivi, vous avez acc\u00e8s au suivi du colis directement depuis votre compte client (Infos&gt; Commandes &gt; D\u00e9tails).<\/p>\n","protected":false},"excerpt":{"rendered":"<p>Livraison et frais de port ARNONE livre &#8220;quasiment&#8221; dans le monde entier gratuitement. Pour la France m\u00e9tropolitaine, les commandes sont<\/p>\n","protected":false},"author":1,"featured_media":0,"parent":0,"menu_order":0,"comment_status":"closed","ping_status":"closed","template":"","meta":{"footnotes":""},"class_list":["post-604","page","type-page","status-publish","hentry"],"yoast_head":"<!-- This site is optimized with the Yoast SEO plugin v27.4 - https:\/\/yoast.com\/product\/yoast-seo-wordpress\/ -->\n<title>Livraison - arnone-project<\/title>\n<meta name=\"description\" content=\"Arnone-project exp\u00e9die dans le monde entier (enfin presque !)Livraison \u00e0 l&#039;\u00e9chelle nationale et internationale !\" \/>\n<meta name=\"robots\" content=\"index, follow, max-snippet:-1, max-image-preview:large, max-video-preview:-1\" \/>\n<link rel=\"canonical\" href=\"https:\/\/arnone-project.com\/en\/livraison\/\" \/>\n<meta property=\"og:locale\" content=\"en_US\" \/>\n<meta property=\"og:type\" content=\"article\" \/>\n<meta property=\"og:title\" content=\"Livraison - arnone-project\" \/>\n<meta property=\"og:description\" content=\"Arnone-project exp\u00e9die dans le monde entier (enfin presque !)Livraison \u00e0 l&#039;\u00e9chelle nationale et internationale !\" \/>\n<meta property=\"og:url\" content=\"https:\/\/arnone-project.com\/en\/livraison\/\" \/>\n<meta property=\"og:site_name\" content=\"arnone-project\" \/>\n<meta property=\"article:publisher\" content=\"https:\/\/www.facebook.com\/arnone.project\/\" \/>\n<meta property=\"article:modified_time\" content=\"2021-11-02T22:08:38+00:00\" \/>\n<meta name=\"twitter:card\" content=\"summary_large_image\" \/>\n<meta name=\"twitter:site\" content=\"@arnone_kite\" \/>\n<script type=\"application\/ld+json\" class=\"yoast-schema-graph\">{\"@context\":\"https:\\\/\\\/schema.org\",\"@graph\":[{\"@type\":\"WebPage\",\"@id\":\"https:\\\/\\\/arnone-project.com\\\/livraison\\\/\",\"url\":\"https:\\\/\\\/arnone-project.com\\\/livraison\\\/\",\"name\":\"Livraison - arnone-project\",\"isPartOf\":{\"@id\":\"https:\\\/\\\/arnone-project.com\\\/#website\"},\"datePublished\":\"2013-08-13T15:41:54+00:00\",\"dateModified\":\"2021-11-02T22:08:38+00:00\",\"description\":\"Arnone-project exp\u00e9die dans le monde entier (enfin presque !)Livraison \u00e0 l'\u00e9chelle nationale et internationale !\",\"breadcrumb\":{\"@id\":\"https:\\\/\\\/arnone-project.com\\\/livraison\\\/#breadcrumb\"},\"inLanguage\":\"en-US\",\"potentialAction\":[{\"@type\":\"ReadAction\",\"target\":[\"https:\\\/\\\/arnone-project.com\\\/livraison\\\/\"]}]},{\"@type\":\"BreadcrumbList\",\"@id\":\"https:\\\/\\\/arnone-project.com\\\/livraison\\\/#breadcrumb\",\"itemListElement\":[{\"@type\":\"ListItem\",\"position\":1,\"name\":\"Accueil\",\"item\":\"https:\\\/\\\/arnone-project.com\\\/\"},{\"@type\":\"ListItem\",\"position\":2,\"name\":\"Livraison\"}]},{\"@type\":\"WebSite\",\"@id\":\"https:\\\/\\\/arnone-project.com\\\/#website\",\"url\":\"https:\\\/\\\/arnone-project.com\\\/\",\"name\":\"arnone-project\",\"description\":\"Fun kitesurf &amp; lifestyle \u2014 ride, freedom, ocean\",\"publisher\":{\"@id\":\"https:\\\/\\\/arnone-project.com\\\/#organization\"},\"potentialAction\":[{\"@type\":\"SearchAction\",\"target\":{\"@type\":\"EntryPoint\",\"urlTemplate\":\"https:\\\/\\\/arnone-project.com\\\/?s={search_term_string}\"},\"query-input\":{\"@type\":\"PropertyValueSpecification\",\"valueRequired\":true,\"valueName\":\"search_term_string\"}}],\"inLanguage\":\"en-US\"},{\"@type\":\"Organization\",\"@id\":\"https:\\\/\\\/arnone-project.com\\\/#organization\",\"name\":\"Arnone\",\"url\":\"https:\\\/\\\/arnone-project.com\\\/\",\"logo\":{\"@type\":\"ImageObject\",\"inLanguage\":\"en-US\",\"@id\":\"https:\\\/\\\/arnone-project.com\\\/#\\\/schema\\\/logo\\\/image\\\/\",\"url\":\"https:\\\/\\\/arnone-project.com\\\/wp-content\\\/uploads\\\/2018\\\/10\\\/arnone-project-1.gif\",\"contentUrl\":\"https:\\\/\\\/arnone-project.com\\\/wp-content\\\/uploads\\\/2018\\\/10\\\/arnone-project-1.gif\",\"width\":250,\"height\":109,\"caption\":\"Arnone\"},\"image\":{\"@id\":\"https:\\\/\\\/arnone-project.com\\\/#\\\/schema\\\/logo\\\/image\\\/\"},\"sameAs\":[\"https:\\\/\\\/www.facebook.com\\\/arnone.project\\\/\",\"https:\\\/\\\/x.com\\\/arnone_kite\",\"https:\\\/\\\/www.instagram.com\\\/arnone_kite\\\/\"]}]}<\/script>\n<!-- \/ Yoast SEO plugin. -->","yoast_head_json":{"title":"Livraison - arnone-project","description":"Arnone-project exp\u00e9die dans le monde entier (enfin presque !)Livraison \u00e0 l'\u00e9chelle nationale et internationale !","robots":{"index":"index","follow":"follow","max-snippet":"max-snippet:-1","max-image-preview":"max-image-preview:large","max-video-preview":"max-video-preview:-1"},"canonical":"https:\/\/arnone-project.com\/en\/livraison\/","og_locale":"en_US","og_type":"article","og_title":"Livraison - arnone-project","og_description":"Arnone-project exp\u00e9die dans le monde entier (enfin presque !)Livraison \u00e0 l'\u00e9chelle nationale et internationale !","og_url":"https:\/\/arnone-project.com\/en\/livraison\/","og_site_name":"arnone-project","article_publisher":"https:\/\/www.facebook.com\/arnone.project\/","article_modified_time":"2021-11-02T22:08:38+00:00","twitter_card":"summary_large_image","twitter_site":"@arnone_kite","schema":{"@context":"https:\/\/schema.org","@graph":[{"@type":"WebPage","@id":"https:\/\/arnone-project.com\/livraison\/","url":"https:\/\/arnone-project.com\/livraison\/","name":"Livraison - arnone-project","isPartOf":{"@id":"https:\/\/arnone-project.com\/#website"},"datePublished":"2013-08-13T15:41:54+00:00","dateModified":"2021-11-02T22:08:38+00:00","description":"Arnone-project exp\u00e9die dans le monde entier (enfin presque !)Livraison \u00e0 l'\u00e9chelle nationale et internationale !","breadcrumb":{"@id":"https:\/\/arnone-project.com\/livraison\/#breadcrumb"},"inLanguage":"en-US","potentialAction":[{"@type":"ReadAction","target":["https:\/\/arnone-project.com\/livraison\/"]}]},{"@type":"BreadcrumbList","@id":"https:\/\/arnone-project.com\/livraison\/#breadcrumb","itemListElement":[{"@type":"ListItem","position":1,"name":"Accueil","item":"https:\/\/arnone-project.com\/"},{"@type":"ListItem","position":2,"name":"Livraison"}]},{"@type":"WebSite","@id":"https:\/\/arnone-project.com\/#website","url":"https:\/\/arnone-project.com\/","name":"arnone-project","description":"Fun kitesurf &amp; lifestyle \u2014 ride, freedom, ocean","publisher":{"@id":"https:\/\/arnone-project.com\/#organization"},"potentialAction":[{"@type":"SearchAction","target":{"@type":"EntryPoint","urlTemplate":"https:\/\/arnone-project.com\/?s={search_term_string}"},"query-input":{"@type":"PropertyValueSpecification","valueRequired":true,"valueName":"search_term_string"}}],"inLanguage":"en-US"},{"@type":"Organization","@id":"https:\/\/arnone-project.com\/#organization","name":"Arnone","url":"https:\/\/arnone-project.com\/","logo":{"@type":"ImageObject","inLanguage":"en-US","@id":"https:\/\/arnone-project.com\/#\/schema\/logo\/image\/","url":"https:\/\/arnone-project.com\/wp-content\/uploads\/2018\/10\/arnone-project-1.gif","contentUrl":"https:\/\/arnone-project.com\/wp-content\/uploads\/2018\/10\/arnone-project-1.gif","width":250,"height":109,"caption":"Arnone"},"image":{"@id":"https:\/\/arnone-project.com\/#\/schema\/logo\/image\/"},"sameAs":["https:\/\/www.facebook.com\/arnone.project\/","https:\/\/x.com\/arnone_kite","https:\/\/www.instagram.com\/arnone_kite\/"]}]}},"_links":{"self":[{"href":"https:\/\/arnone-project.com\/en\/wp-json\/wp\/v2\/pages\/604","targetHints":{"allow":["GET"]}}],"collection":[{"href":"https:\/\/arnone-project.com\/en\/wp-json\/wp\/v2\/pages"}],"about":[{"href":"https:\/\/arnone-project.com\/en\/wp-json\/wp\/v2\/types\/page"}],"author":[{"embeddable":true,"href":"https:\/\/arnone-project.com\/en\/wp-json\/wp\/v2\/users\/1"}],"replies":[{"embeddable":true,"href":"https:\/\/arnone-project.com\/en\/wp-json\/wp\/v2\/comments?post=604"}],"version-history":[{"count":0,"href":"https:\/\/arnone-project.com\/en\/wp-json\/wp\/v2\/pages\/604\/revisions"}],"wp:attachment":[{"href":"https:\/\/arnone-project.com\/en\/wp-json\/wp\/v2\/media?parent=604"}],"curies":[{"name":"wp","href":"https:\/\/api.w.org\/{rel}","templated":true}]}}