{"id":588,"date":"2013-08-12T17:29:53","date_gmt":"2013-08-12T16:29:53","guid":{"rendered":"https:\/\/arnone-project.com\/?page_id=588"},"modified":"2013-11-06T12:18:43","modified_gmt":"2013-11-06T11:18:43","slug":"a-propos","status":"publish","type":"page","link":"https:\/\/arnone-project.com\/en\/a-propos\/","title":{"rendered":"A propos"},"content":{"rendered":"<p><img loading=\"lazy\" decoding=\"async\" class=\"alignleft size-full wp-image-1019\" alt=\"arnone_clink\" src=\"https:\/\/arnone-project.com\/wp-content\/uploads\/2013\/09\/arnone_clink.gif\" width=\"246\" height=\"246\" \/>Loin du monde du kitesurf professionnel et de la comp\u00e9tition, le &#8220;Arnone Project&#8221; est simplement l&#8217;aventure qu&#8217; Arnone (kitesurfer passionn\u00e9 et artiste) a imagin\u00e9 apr\u00e8s une longue soir\u00e9e <del datetime=\"2013-09-06T15:21:54+00:00\">arros\u00e9e<\/del>.<\/p>\n<p>Le but de ce projet n\u2019est donc pas de cr\u00e9er une marque traditionnelle de surfwear ou de kitewear mais bien de proposer un projet \u00e0 la tribu des kitesurfeurs qui sort un peu de l&#8217;ordinaire.<\/p>\n<blockquote><p><span style=\"color: #000000;\">&#8221; Je fais partie de ceux qui pensent que le but de n&#8217;importe quel commerce ne peut pas simplement se limiter \u00e0 faire de l&#8217;argent. J&#8217;ai mont\u00e9 ce projet dans l&#8217;espoir de pouvoir financer l&#8217;achat du van id\u00e9al, pour approcher encore plus ma qu\u00eate de libert\u00e9 et profiter pleinement de mes sessions.<\/span><\/p>\n<p><span style=\"color: #000000;\">Vous m&#8217;avez sollicit\u00e9s sur les forums et r\u00e9seaux sociaux, j&#8217;esp\u00e8re r\u00e9pondre \u00e0 votre demande de cr\u00e9ation de t-shirts, et vous, de votre c\u00f4t\u00e9, vous me rendez service en me donnant l&#8217;occasion d&#8217;acqu\u00e9rir mon combi van&#8230;elle est pas belle la vie :).<br \/>\nJ&#8217;esp\u00e8re que demain l&#8217;un d&#8217;entre nous se r\u00e9veillera avec une id\u00e9e nouvelle et originale et j&#8217;esp\u00e8re que je pourrais l&#8217;aider \u00e0 atteindre son objectif en apportant ma participation.&#8221;<\/span><\/p><\/blockquote>\n<p>Ce sont avec ces id\u00e9es que je suis super heureux de vous proposer aujourd&#8217;hui mes visuels originaux sur des t-shirts de qualit\u00e9 (100 % coton pr\u00e9-peign\u00e9, s\u00e9rigraphies des motifs r\u00e9alis\u00e9es avec des encres biod\u00e9gradables, sans phtalates, respectueuses de l\u2019environnement et\u00a0garantissant une parfaite tenue des supports dans le temps).<\/p>\n<p>Je vais tout faire pour que cette aventure nous soit la plus fun, cool et agr\u00e9able possible.<br \/>\nYes, nous n\u2019avons qu\u2019une seule vie, la notre tient parfois \u00e0 4 lignes, autant en profiter \u00e0 fond !<\/p>\n<p>J&#8217;esp\u00e8re vous croiser prochainement sur les spots et vous payer une bi\u00e8re, un caf\u00e9, un th\u00e9 ou autre dans mon combi van. (je croise les doigts)<\/p>\n<p>Si vous avez des questions ou suggestions n\u2019h\u00e9sitez pas, il y a un <a title=\"mail\" href=\"mailto:contact@arnone-project.com\">mail<\/a> pour \u00e7a.<br \/>\nVous pouvez \u00e9galement me contacter directement sur mon compte <a title=\"Twitter\" href=\"http:\/\/twitter.com\/arnone_kite\">Twitter<\/a>, <a title=\"Facebook\" href=\"https:\/\/www.facebook.com\/bloganono\">Facebook<\/a> ou <a title=\"Google +\" href=\"https:\/\/plus.google.com\/u\/0\/b\/105398256635754904528\/105398256635754904528\/posts\">Google Plus<\/a> et m\u00eame me capter sur les spots du Sud Est de la France (Leucate, La Franqui et les alentours)<\/p>\n<p>Shaka Brah ! Merci ! Vive le kite et la communaut\u00e9 kite !<\/p>\n<p><strong>Arnone<\/strong><\/p>\n","protected":false},"excerpt":{"rendered":"<p>Loin du monde du kitesurf professionnel et de la comp\u00e9tition, le &#8220;Arnone Project&#8221; est simplement l&#8217;aventure qu&#8217; Arnone (kitesurfer passionn\u00e9<\/p>\n","protected":false},"author":1,"featured_media":0,"parent":0,"menu_order":0,"comment_status":"closed","ping_status":"open","template":"","meta":{"footnotes":""},"class_list":["post-588","page","type-page","status-publish","hentry"],"yoast_head":"<!-- This site is optimized with the Yoast SEO plugin v27.3 - https:\/\/yoast.com\/product\/yoast-seo-wordpress\/ -->\n<title>A propos - arnone-project<\/title>\n<meta name=\"robots\" content=\"index, follow, max-snippet:-1, max-image-preview:large, max-video-preview:-1\" \/>\n<link rel=\"canonical\" href=\"https:\/\/arnone-project.com\/en\/a-propos\/\" \/>\n<meta property=\"og:locale\" content=\"en_US\" \/>\n<meta property=\"og:type\" content=\"article\" \/>\n<meta property=\"og:title\" content=\"A propos - arnone-project\" \/>\n<meta property=\"og:description\" content=\"Loin du monde du kitesurf professionnel et de la comp\u00e9tition, le &#8220;Arnone Project&#8221; est simplement l&#8217;aventure qu&#8217; Arnone (kitesurfer passionn\u00e9\" \/>\n<meta property=\"og:url\" content=\"https:\/\/arnone-project.com\/en\/a-propos\/\" \/>\n<meta property=\"og:site_name\" content=\"arnone-project\" \/>\n<meta property=\"article:publisher\" content=\"https:\/\/www.facebook.com\/arnone.project\/\" \/>\n<meta property=\"article:modified_time\" content=\"2013-11-06T11:18:43+00:00\" \/>\n<meta property=\"og:image\" content=\"https:\/\/arnone-project.com\/wp-content\/uploads\/2013\/09\/arnone_clink.gif\" \/>\n<meta name=\"twitter:card\" content=\"summary_large_image\" \/>\n<meta name=\"twitter:site\" content=\"@arnone_kite\" \/>\n<meta name=\"twitter:label1\" content=\"Est. reading time\" \/>\n\t<meta name=\"twitter:data1\" content=\"2 minutes\" \/>\n<script type=\"application\/ld+json\" class=\"yoast-schema-graph\">{\"@context\":\"https:\\\/\\\/schema.org\",\"@graph\":[{\"@type\":\"WebPage\",\"@id\":\"https:\\\/\\\/arnone-project.com\\\/a-propos\\\/\",\"url\":\"https:\\\/\\\/arnone-project.com\\\/a-propos\\\/\",\"name\":\"A propos - arnone-project\",\"isPartOf\":{\"@id\":\"https:\\\/\\\/arnone-project.com\\\/#website\"},\"primaryImageOfPage\":{\"@id\":\"https:\\\/\\\/arnone-project.com\\\/a-propos\\\/#primaryimage\"},\"image\":{\"@id\":\"https:\\\/\\\/arnone-project.com\\\/a-propos\\\/#primaryimage\"},\"thumbnailUrl\":\"https:\\\/\\\/arnone-project.com\\\/wp-content\\\/uploads\\\/2013\\\/09\\\/arnone_clink.gif\",\"datePublished\":\"2013-08-12T16:29:53+00:00\",\"dateModified\":\"2013-11-06T11:18:43+00:00\",\"breadcrumb\":{\"@id\":\"https:\\\/\\\/arnone-project.com\\\/a-propos\\\/#breadcrumb\"},\"inLanguage\":\"en-US\",\"potentialAction\":[{\"@type\":\"ReadAction\",\"target\":[\"https:\\\/\\\/arnone-project.com\\\/a-propos\\\/\"]}]},{\"@type\":\"ImageObject\",\"inLanguage\":\"en-US\",\"@id\":\"https:\\\/\\\/arnone-project.com\\\/a-propos\\\/#primaryimage\",\"url\":\"https:\\\/\\\/arnone-project.com\\\/wp-content\\\/uploads\\\/2013\\\/09\\\/arnone_clink.gif\",\"contentUrl\":\"https:\\\/\\\/arnone-project.com\\\/wp-content\\\/uploads\\\/2013\\\/09\\\/arnone_clink.gif\"},{\"@type\":\"BreadcrumbList\",\"@id\":\"https:\\\/\\\/arnone-project.com\\\/a-propos\\\/#breadcrumb\",\"itemListElement\":[{\"@type\":\"ListItem\",\"position\":1,\"name\":\"Accueil\",\"item\":\"https:\\\/\\\/arnone-project.com\\\/\"},{\"@type\":\"ListItem\",\"position\":2,\"name\":\"A propos\"}]},{\"@type\":\"WebSite\",\"@id\":\"https:\\\/\\\/arnone-project.com\\\/#website\",\"url\":\"https:\\\/\\\/arnone-project.com\\\/\",\"name\":\"arnone-project\",\"description\":\"Fun kitesurf &amp; lifestyle \u2014 ride, freedom, ocean\",\"publisher\":{\"@id\":\"https:\\\/\\\/arnone-project.com\\\/#organization\"},\"potentialAction\":[{\"@type\":\"SearchAction\",\"target\":{\"@type\":\"EntryPoint\",\"urlTemplate\":\"https:\\\/\\\/arnone-project.com\\\/?s={search_term_string}\"},\"query-input\":{\"@type\":\"PropertyValueSpecification\",\"valueRequired\":true,\"valueName\":\"search_term_string\"}}],\"inLanguage\":\"en-US\"},{\"@type\":\"Organization\",\"@id\":\"https:\\\/\\\/arnone-project.com\\\/#organization\",\"name\":\"Arnone\",\"url\":\"https:\\\/\\\/arnone-project.com\\\/\",\"logo\":{\"@type\":\"ImageObject\",\"inLanguage\":\"en-US\",\"@id\":\"https:\\\/\\\/arnone-project.com\\\/#\\\/schema\\\/logo\\\/image\\\/\",\"url\":\"https:\\\/\\\/arnone-project.com\\\/wp-content\\\/uploads\\\/2018\\\/10\\\/arnone-project-1.gif\",\"contentUrl\":\"https:\\\/\\\/arnone-project.com\\\/wp-content\\\/uploads\\\/2018\\\/10\\\/arnone-project-1.gif\",\"width\":250,\"height\":109,\"caption\":\"Arnone\"},\"image\":{\"@id\":\"https:\\\/\\\/arnone-project.com\\\/#\\\/schema\\\/logo\\\/image\\\/\"},\"sameAs\":[\"https:\\\/\\\/www.facebook.com\\\/arnone.project\\\/\",\"https:\\\/\\\/x.com\\\/arnone_kite\",\"https:\\\/\\\/www.instagram.com\\\/arnone_kite\\\/\"]}]}<\/script>\n<!-- \/ Yoast SEO plugin. -->","yoast_head_json":{"title":"A propos - arnone-project","robots":{"index":"index","follow":"follow","max-snippet":"max-snippet:-1","max-image-preview":"max-image-preview:large","max-video-preview":"max-video-preview:-1"},"canonical":"https:\/\/arnone-project.com\/en\/a-propos\/","og_locale":"en_US","og_type":"article","og_title":"A propos - arnone-project","og_description":"Loin du monde du kitesurf professionnel et de la comp\u00e9tition, le &#8220;Arnone Project&#8221; est simplement l&#8217;aventure qu&#8217; Arnone (kitesurfer passionn\u00e9","og_url":"https:\/\/arnone-project.com\/en\/a-propos\/","og_site_name":"arnone-project","article_publisher":"https:\/\/www.facebook.com\/arnone.project\/","article_modified_time":"2013-11-06T11:18:43+00:00","og_image":[{"url":"https:\/\/arnone-project.com\/wp-content\/uploads\/2013\/09\/arnone_clink.gif","type":"","width":"","height":""}],"twitter_card":"summary_large_image","twitter_site":"@arnone_kite","twitter_misc":{"Est. reading time":"2 minutes"},"schema":{"@context":"https:\/\/schema.org","@graph":[{"@type":"WebPage","@id":"https:\/\/arnone-project.com\/a-propos\/","url":"https:\/\/arnone-project.com\/a-propos\/","name":"A propos - arnone-project","isPartOf":{"@id":"https:\/\/arnone-project.com\/#website"},"primaryImageOfPage":{"@id":"https:\/\/arnone-project.com\/a-propos\/#primaryimage"},"image":{"@id":"https:\/\/arnone-project.com\/a-propos\/#primaryimage"},"thumbnailUrl":"https:\/\/arnone-project.com\/wp-content\/uploads\/2013\/09\/arnone_clink.gif","datePublished":"2013-08-12T16:29:53+00:00","dateModified":"2013-11-06T11:18:43+00:00","breadcrumb":{"@id":"https:\/\/arnone-project.com\/a-propos\/#breadcrumb"},"inLanguage":"en-US","potentialAction":[{"@type":"ReadAction","target":["https:\/\/arnone-project.com\/a-propos\/"]}]},{"@type":"ImageObject","inLanguage":"en-US","@id":"https:\/\/arnone-project.com\/a-propos\/#primaryimage","url":"https:\/\/arnone-project.com\/wp-content\/uploads\/2013\/09\/arnone_clink.gif","contentUrl":"https:\/\/arnone-project.com\/wp-content\/uploads\/2013\/09\/arnone_clink.gif"},{"@type":"BreadcrumbList","@id":"https:\/\/arnone-project.com\/a-propos\/#breadcrumb","itemListElement":[{"@type":"ListItem","position":1,"name":"Accueil","item":"https:\/\/arnone-project.com\/"},{"@type":"ListItem","position":2,"name":"A propos"}]},{"@type":"WebSite","@id":"https:\/\/arnone-project.com\/#website","url":"https:\/\/arnone-project.com\/","name":"arnone-project","description":"Fun kitesurf &amp; lifestyle \u2014 ride, freedom, ocean","publisher":{"@id":"https:\/\/arnone-project.com\/#organization"},"potentialAction":[{"@type":"SearchAction","target":{"@type":"EntryPoint","urlTemplate":"https:\/\/arnone-project.com\/?s={search_term_string}"},"query-input":{"@type":"PropertyValueSpecification","valueRequired":true,"valueName":"search_term_string"}}],"inLanguage":"en-US"},{"@type":"Organization","@id":"https:\/\/arnone-project.com\/#organization","name":"Arnone","url":"https:\/\/arnone-project.com\/","logo":{"@type":"ImageObject","inLanguage":"en-US","@id":"https:\/\/arnone-project.com\/#\/schema\/logo\/image\/","url":"https:\/\/arnone-project.com\/wp-content\/uploads\/2018\/10\/arnone-project-1.gif","contentUrl":"https:\/\/arnone-project.com\/wp-content\/uploads\/2018\/10\/arnone-project-1.gif","width":250,"height":109,"caption":"Arnone"},"image":{"@id":"https:\/\/arnone-project.com\/#\/schema\/logo\/image\/"},"sameAs":["https:\/\/www.facebook.com\/arnone.project\/","https:\/\/x.com\/arnone_kite","https:\/\/www.instagram.com\/arnone_kite\/"]}]}},"_links":{"self":[{"href":"https:\/\/arnone-project.com\/en\/wp-json\/wp\/v2\/pages\/588","targetHints":{"allow":["GET"]}}],"collection":[{"href":"https:\/\/arnone-project.com\/en\/wp-json\/wp\/v2\/pages"}],"about":[{"href":"https:\/\/arnone-project.com\/en\/wp-json\/wp\/v2\/types\/page"}],"author":[{"embeddable":true,"href":"https:\/\/arnone-project.com\/en\/wp-json\/wp\/v2\/users\/1"}],"replies":[{"embeddable":true,"href":"https:\/\/arnone-project.com\/en\/wp-json\/wp\/v2\/comments?post=588"}],"version-history":[{"count":0,"href":"https:\/\/arnone-project.com\/en\/wp-json\/wp\/v2\/pages\/588\/revisions"}],"wp:attachment":[{"href":"https:\/\/arnone-project.com\/en\/wp-json\/wp\/v2\/media?parent=588"}],"curies":[{"name":"wp","href":"https:\/\/api.w.org\/{rel}","templated":true}]}}