{"id":5722,"date":"2015-01-15T14:26:26","date_gmt":"2015-01-15T13:26:26","guid":{"rendered":"https:\/\/arnone-project.com\/?page_id=5722"},"modified":"2015-09-02T18:18:01","modified_gmt":"2015-09-02T17:18:01","slug":"lookbook-contest","status":"publish","type":"page","link":"https:\/\/arnone-project.com\/en\/lookbook-contest\/","title":{"rendered":"Lookbook contest"},"content":{"rendered":"<p>[one_third class=&#8221;&#8221; last=&#8221;no&#8221; ]<\/p>\n<h5 style=\"text-align: center; background-color: #faf80c; padding: 5px; border-radius: 4px; color: #717e96;\"><strong>PHOTOGRAPHIE-TOI EN T-SHIRT ARNONE-PROJECT !<\/strong><\/h5>\n<div style=\"background-image: url('https:\/\/arnone-project.com\/wp-content\/uploads\/2015\/06\/bg-contest-kite.png'); background-repeat: no-repeat; padding: 3px;\">\n<p style=\"text-align: center; color: #717e96;\"><strong>Du 1er juillet au 30 ao\u00fbt 2015, envoie une photo<\/strong><br \/>\nde toi portant un <a href=\"https:\/\/arnone-project.com\/boutique\">t-shirt <strong>Arnone-project<\/strong><\/a> et tente ta chance pour remporter un <a href=\"http:\/\/woosports.com\/\" target=\"_blank\">tracker <strong>WOO<\/strong><\/a>, une paire de lunettes polaris\u00e9es et flottantes, un guide Europe des spots de kitesurf et des <strong><a href=\"https:\/\/arnone-project.com\/boutique\">t-shirts Arnone-project<\/a><\/strong> !<\/p>\n<p style=\"text-align: center; color: #717e96;\">Sois <strong>FUN<\/strong>, <strong>ORIGINAL<\/strong>, <strong><\/strong><strong>COOL !<\/strong><\/p>\n<p>\/\/\/\/\/\/\/\/\/\/\/\/\/\/\/\/\/\/\/\/\/\/\/\/\/\/\/\/\/\/\/\/\/\/\/\/\/\/\/\/\/\/\/\/\/\/\/\/\/\/\/\/\/\/\/\/\/\/\/\/\/\/\/\/\/\/\/\/\/\/\/\/\/\/\/\/<\/p>\n<p>&nbsp;<\/p>\n<\/div>\n<p>[\/one_third]<\/p>\n<p>[one_third class=&#8221;&#8221; last=&#8221;no&#8221; ]<img loading=\"lazy\" decoding=\"async\" class=\"aligncenter size-full wp-image-10391\" alt=\"lookbook-contest_kitesurf\" src=\"https:\/\/arnone-project.com\/wp-content\/uploads\/2015\/01\/lookbook-contest_kitesurf.png\" width=\"297\" height=\"230\" \/><\/p>\n<p style=\"text-align: center;margin-top:16px;\">\/\/\/\/\/\/ <span style=\"font-size: 20px; color: #717e96;\"><strong>A GAGNER !<\/strong><\/span> \/\/\/\/\/\/<\/p>\n<p style=\"text-align: center; color: #717e96;\">1 tracker WOO, 1 paire de lunettes polaris\u00e9es et flottantes, 1 guide Europe des spots de kitesurf, des t-shirts Arnone-project, des stickers,&#8230;<\/p>\n<p>[\/one_third]<br \/>\n[one_third class=&#8221;&#8221; last=&#8221;yes&#8221; ]<\/p>\n<div style=\"text-align: center;\"><strong>En partenariat avec <\/strong> <a href=\"http:\/\/woosports.com\/\" target=\"_blank\"><img loading=\"lazy\" decoding=\"async\" class=\" wp-image-10332 alignnone\" alt=\"woo-logo\" src=\"https:\/\/arnone-project.com\/wp-content\/uploads\/2015\/01\/woo-logo.png\" width=\"52\" height=\"26\" \/><\/a><\/div>\n<p><img loading=\"lazy\" decoding=\"async\" class=\"aligncenter size-full wp-image-10605\" alt=\"kitesurf-contest\" src=\"https:\/\/arnone-project.com\/wp-content\/uploads\/2015\/01\/kitesurf-contest.gif\" width=\"260\" height=\"294\" \/><\/p>\n<p>[\/one_third]<br style=\"clear:both;\" \/><\/p>\n<p>[toggle title=&#8221;Lire le r\u00e8glement&#8221; opened=&#8221;no&#8221; ]<strong>Du 1er Juillet 2015 au 30 Aout 2015<\/strong>, envoie une photo de toi portant un t-shirt Arnone-project et tente de remporter un boitier <a href=\"http:\/\/woosports.com\/\" target=\"_blank\">tracker WOO<\/a> ainsi que d&#8217;autres superbes lots.<br \/>\nTu peux poster autant de photos que tu le souhaites, seules celles qui seront valid\u00e9es et affich\u00e9es sur cette page seront prises en compte pour le concours.<br \/>\nPartage ensuite ta ou tes photos sur les r\u00e9seaux sociaux, invite tes amis \u00e0 voter pour toi (c&#8217;est simple et rapide, un clic suffit, aucune inscription n&#8217;est requise pour voter).<br \/>\nLe 30 aout 2015 les votes sont cl\u00f4tur\u00e9s. Les 5 photos ayant remport\u00e9 le plus de votes remporteront les lots.<\/p>\n<p><strong>Les lots<\/strong><br \/>\n1 \u00e8re place : 1 tracker WOO (valeur 199,99 euros) + 1 T-shirt Arnone-project<br \/>\n2 \u00e8me place : 1 paire de lunettes polaris\u00e9es et flottantes (valeur 80,00 euros) + 1 T-shirt Arnone-project<br \/>\n3 \u00e8me place : 1 guide Europe des spots de Kite (valeur 49,00 euros) + 1 T-shirt Arnone-project<br \/>\n4 \u00e8me place : 2 T-shirts Arnone-project<br \/>\n5 \u00e8me place : 1 T-shirt Arnone-project<\/p>\n<p><strong>Les photos<\/strong><br \/>\nLes photos post\u00e9es pour le contest seront d&#8217;abord valid\u00e9es par Arnone avant d&#8217;\u00eatre publi\u00e9es sur cette page<br \/>\nSeules les photos pr\u00e9sentant un t-shirt Arnone-project seront valid\u00e9es.<br \/>\nFais-nous voyager, r\u00eaver, amuse-toi sur ton spot ou en soir\u00e9e avec ton t-shirt Arnone ! Bref sois <strong>FUN et ORIGINAL<\/strong> !<\/p>\n<p><strong>Les votes<\/strong><br \/>\nLes votes sont limit\u00e9s \u00e0 un seul par photo et par personne pendant toute la dur\u00e9e du concours.<br \/>\nChaque internaute peut toutefois voter pour plusieurs photos de son choix.<\/p>\n<p>Merci, BONNE CHANCE \u00e0 tous et BON VENT ![\/toggle]<\/p>\n<p>[tabs tab1=&#8221;CONTEST&#8221;] [tab id=&#8221;tab1&#8243;][fv id=&#8221;3&#8243;][\/tab][\/tabs]<\/p>\n","protected":false},"excerpt":{"rendered":"<p>[one_third class=&#8221;&#8221; last=&#8221;no&#8221; ] PHOTOGRAPHIE-TOI EN T-SHIRT ARNONE-PROJECT ! Du 1er juillet au 30 ao\u00fbt 2015, envoie une photo de<\/p>\n","protected":false},"author":1,"featured_media":0,"parent":0,"menu_order":0,"comment_status":"closed","ping_status":"closed","template":"","meta":{"footnotes":""},"class_list":["post-5722","page","type-page","status-publish","hentry"],"yoast_head":"<!-- This site is optimized with the Yoast SEO plugin v27.5 - https:\/\/yoast.com\/product\/yoast-seo-wordpress\/ -->\n<title>Lookbook contest - arnone-project<\/title>\n<meta name=\"robots\" content=\"index, follow, max-snippet:-1, max-image-preview:large, max-video-preview:-1\" \/>\n<link rel=\"canonical\" href=\"https:\/\/arnone-project.com\/en\/lookbook-contest\/\" \/>\n<meta property=\"og:locale\" content=\"en_US\" \/>\n<meta property=\"og:type\" content=\"article\" \/>\n<meta property=\"og:title\" content=\"Lookbook contest - arnone-project\" \/>\n<meta property=\"og:description\" content=\"[one_third class=&#8221;&#8221; last=&#8221;no&#8221; ] PHOTOGRAPHIE-TOI EN T-SHIRT ARNONE-PROJECT ! Du 1er juillet au 30 ao\u00fbt 2015, envoie une photo de\" \/>\n<meta property=\"og:url\" content=\"https:\/\/arnone-project.com\/en\/lookbook-contest\/\" \/>\n<meta property=\"og:site_name\" content=\"arnone-project\" \/>\n<meta property=\"article:publisher\" content=\"https:\/\/www.facebook.com\/arnone.project\/\" \/>\n<meta property=\"article:modified_time\" content=\"2015-09-02T17:18:01+00:00\" \/>\n<meta property=\"og:image\" content=\"https:\/\/arnone-project.com\/wp-content\/uploads\/2015\/01\/lookbook-contest_kitesurf.png\" \/>\n<meta name=\"twitter:card\" content=\"summary_large_image\" \/>\n<meta name=\"twitter:site\" content=\"@arnone_kite\" \/>\n<meta name=\"twitter:label1\" content=\"Est. reading time\" \/>\n\t<meta name=\"twitter:data1\" content=\"2 minutes\" \/>\n<script type=\"application\/ld+json\" class=\"yoast-schema-graph\">{\"@context\":\"https:\\\/\\\/schema.org\",\"@graph\":[{\"@type\":\"WebPage\",\"@id\":\"https:\\\/\\\/arnone-project.com\\\/lookbook-contest\\\/\",\"url\":\"https:\\\/\\\/arnone-project.com\\\/lookbook-contest\\\/\",\"name\":\"Lookbook contest - arnone-project\",\"isPartOf\":{\"@id\":\"https:\\\/\\\/arnone-project.com\\\/#website\"},\"primaryImageOfPage\":{\"@id\":\"https:\\\/\\\/arnone-project.com\\\/lookbook-contest\\\/#primaryimage\"},\"image\":{\"@id\":\"https:\\\/\\\/arnone-project.com\\\/lookbook-contest\\\/#primaryimage\"},\"thumbnailUrl\":\"https:\\\/\\\/arnone-project.com\\\/wp-content\\\/uploads\\\/2015\\\/01\\\/lookbook-contest_kitesurf.png\",\"datePublished\":\"2015-01-15T13:26:26+00:00\",\"dateModified\":\"2015-09-02T17:18:01+00:00\",\"breadcrumb\":{\"@id\":\"https:\\\/\\\/arnone-project.com\\\/lookbook-contest\\\/#breadcrumb\"},\"inLanguage\":\"en-US\",\"potentialAction\":[{\"@type\":\"ReadAction\",\"target\":[\"https:\\\/\\\/arnone-project.com\\\/lookbook-contest\\\/\"]}]},{\"@type\":\"ImageObject\",\"inLanguage\":\"en-US\",\"@id\":\"https:\\\/\\\/arnone-project.com\\\/lookbook-contest\\\/#primaryimage\",\"url\":\"https:\\\/\\\/arnone-project.com\\\/wp-content\\\/uploads\\\/2015\\\/01\\\/lookbook-contest_kitesurf.png\",\"contentUrl\":\"https:\\\/\\\/arnone-project.com\\\/wp-content\\\/uploads\\\/2015\\\/01\\\/lookbook-contest_kitesurf.png\"},{\"@type\":\"BreadcrumbList\",\"@id\":\"https:\\\/\\\/arnone-project.com\\\/lookbook-contest\\\/#breadcrumb\",\"itemListElement\":[{\"@type\":\"ListItem\",\"position\":1,\"name\":\"Accueil\",\"item\":\"https:\\\/\\\/arnone-project.com\\\/\"},{\"@type\":\"ListItem\",\"position\":2,\"name\":\"Lookbook contest\"}]},{\"@type\":\"WebSite\",\"@id\":\"https:\\\/\\\/arnone-project.com\\\/#website\",\"url\":\"https:\\\/\\\/arnone-project.com\\\/\",\"name\":\"arnone-project\",\"description\":\"Fun kitesurf &amp; lifestyle \u2014 ride, freedom, ocean\",\"publisher\":{\"@id\":\"https:\\\/\\\/arnone-project.com\\\/#organization\"},\"potentialAction\":[{\"@type\":\"SearchAction\",\"target\":{\"@type\":\"EntryPoint\",\"urlTemplate\":\"https:\\\/\\\/arnone-project.com\\\/?s={search_term_string}\"},\"query-input\":{\"@type\":\"PropertyValueSpecification\",\"valueRequired\":true,\"valueName\":\"search_term_string\"}}],\"inLanguage\":\"en-US\"},{\"@type\":\"Organization\",\"@id\":\"https:\\\/\\\/arnone-project.com\\\/#organization\",\"name\":\"Arnone\",\"url\":\"https:\\\/\\\/arnone-project.com\\\/\",\"logo\":{\"@type\":\"ImageObject\",\"inLanguage\":\"en-US\",\"@id\":\"https:\\\/\\\/arnone-project.com\\\/#\\\/schema\\\/logo\\\/image\\\/\",\"url\":\"https:\\\/\\\/arnone-project.com\\\/wp-content\\\/uploads\\\/2018\\\/10\\\/arnone-project-1.gif\",\"contentUrl\":\"https:\\\/\\\/arnone-project.com\\\/wp-content\\\/uploads\\\/2018\\\/10\\\/arnone-project-1.gif\",\"width\":250,\"height\":109,\"caption\":\"Arnone\"},\"image\":{\"@id\":\"https:\\\/\\\/arnone-project.com\\\/#\\\/schema\\\/logo\\\/image\\\/\"},\"sameAs\":[\"https:\\\/\\\/www.facebook.com\\\/arnone.project\\\/\",\"https:\\\/\\\/x.com\\\/arnone_kite\",\"https:\\\/\\\/www.instagram.com\\\/arnone_kite\\\/\"]}]}<\/script>\n<!-- \/ Yoast SEO plugin. -->","yoast_head_json":{"title":"Lookbook contest - arnone-project","robots":{"index":"index","follow":"follow","max-snippet":"max-snippet:-1","max-image-preview":"max-image-preview:large","max-video-preview":"max-video-preview:-1"},"canonical":"https:\/\/arnone-project.com\/en\/lookbook-contest\/","og_locale":"en_US","og_type":"article","og_title":"Lookbook contest - arnone-project","og_description":"[one_third class=&#8221;&#8221; last=&#8221;no&#8221; ] PHOTOGRAPHIE-TOI EN T-SHIRT ARNONE-PROJECT ! Du 1er juillet au 30 ao\u00fbt 2015, envoie une photo de","og_url":"https:\/\/arnone-project.com\/en\/lookbook-contest\/","og_site_name":"arnone-project","article_publisher":"https:\/\/www.facebook.com\/arnone.project\/","article_modified_time":"2015-09-02T17:18:01+00:00","og_image":[{"url":"https:\/\/arnone-project.com\/wp-content\/uploads\/2015\/01\/lookbook-contest_kitesurf.png","type":"","width":"","height":""}],"twitter_card":"summary_large_image","twitter_site":"@arnone_kite","twitter_misc":{"Est. reading time":"2 minutes"},"schema":{"@context":"https:\/\/schema.org","@graph":[{"@type":"WebPage","@id":"https:\/\/arnone-project.com\/lookbook-contest\/","url":"https:\/\/arnone-project.com\/lookbook-contest\/","name":"Lookbook contest - arnone-project","isPartOf":{"@id":"https:\/\/arnone-project.com\/#website"},"primaryImageOfPage":{"@id":"https:\/\/arnone-project.com\/lookbook-contest\/#primaryimage"},"image":{"@id":"https:\/\/arnone-project.com\/lookbook-contest\/#primaryimage"},"thumbnailUrl":"https:\/\/arnone-project.com\/wp-content\/uploads\/2015\/01\/lookbook-contest_kitesurf.png","datePublished":"2015-01-15T13:26:26+00:00","dateModified":"2015-09-02T17:18:01+00:00","breadcrumb":{"@id":"https:\/\/arnone-project.com\/lookbook-contest\/#breadcrumb"},"inLanguage":"en-US","potentialAction":[{"@type":"ReadAction","target":["https:\/\/arnone-project.com\/lookbook-contest\/"]}]},{"@type":"ImageObject","inLanguage":"en-US","@id":"https:\/\/arnone-project.com\/lookbook-contest\/#primaryimage","url":"https:\/\/arnone-project.com\/wp-content\/uploads\/2015\/01\/lookbook-contest_kitesurf.png","contentUrl":"https:\/\/arnone-project.com\/wp-content\/uploads\/2015\/01\/lookbook-contest_kitesurf.png"},{"@type":"BreadcrumbList","@id":"https:\/\/arnone-project.com\/lookbook-contest\/#breadcrumb","itemListElement":[{"@type":"ListItem","position":1,"name":"Accueil","item":"https:\/\/arnone-project.com\/"},{"@type":"ListItem","position":2,"name":"Lookbook contest"}]},{"@type":"WebSite","@id":"https:\/\/arnone-project.com\/#website","url":"https:\/\/arnone-project.com\/","name":"arnone-project","description":"Fun kitesurf &amp; lifestyle \u2014 ride, freedom, ocean","publisher":{"@id":"https:\/\/arnone-project.com\/#organization"},"potentialAction":[{"@type":"SearchAction","target":{"@type":"EntryPoint","urlTemplate":"https:\/\/arnone-project.com\/?s={search_term_string}"},"query-input":{"@type":"PropertyValueSpecification","valueRequired":true,"valueName":"search_term_string"}}],"inLanguage":"en-US"},{"@type":"Organization","@id":"https:\/\/arnone-project.com\/#organization","name":"Arnone","url":"https:\/\/arnone-project.com\/","logo":{"@type":"ImageObject","inLanguage":"en-US","@id":"https:\/\/arnone-project.com\/#\/schema\/logo\/image\/","url":"https:\/\/arnone-project.com\/wp-content\/uploads\/2018\/10\/arnone-project-1.gif","contentUrl":"https:\/\/arnone-project.com\/wp-content\/uploads\/2018\/10\/arnone-project-1.gif","width":250,"height":109,"caption":"Arnone"},"image":{"@id":"https:\/\/arnone-project.com\/#\/schema\/logo\/image\/"},"sameAs":["https:\/\/www.facebook.com\/arnone.project\/","https:\/\/x.com\/arnone_kite","https:\/\/www.instagram.com\/arnone_kite\/"]}]}},"_links":{"self":[{"href":"https:\/\/arnone-project.com\/en\/wp-json\/wp\/v2\/pages\/5722","targetHints":{"allow":["GET"]}}],"collection":[{"href":"https:\/\/arnone-project.com\/en\/wp-json\/wp\/v2\/pages"}],"about":[{"href":"https:\/\/arnone-project.com\/en\/wp-json\/wp\/v2\/types\/page"}],"author":[{"embeddable":true,"href":"https:\/\/arnone-project.com\/en\/wp-json\/wp\/v2\/users\/1"}],"replies":[{"embeddable":true,"href":"https:\/\/arnone-project.com\/en\/wp-json\/wp\/v2\/comments?post=5722"}],"version-history":[{"count":0,"href":"https:\/\/arnone-project.com\/en\/wp-json\/wp\/v2\/pages\/5722\/revisions"}],"wp:attachment":[{"href":"https:\/\/arnone-project.com\/en\/wp-json\/wp\/v2\/media?parent=5722"}],"curies":[{"name":"wp","href":"https:\/\/api.w.org\/{rel}","templated":true}]}}